{"id":1456,"date":"2020-12-17T12:18:24","date_gmt":"2020-12-17T12:18:24","guid":{"rendered":"http:\/\/arqcodigital.com\/ppc\/?page_id=1456"},"modified":"2023-10-20T20:12:30","modified_gmt":"2023-10-20T20:12:30","slug":"contactanos","status":"publish","type":"page","link":"http:\/\/arqcodigital.com\/ppc\/contactanos\/","title":{"rendered":"Cont\u00e1ctanos"},"content":{"rendered":"\t\t<div data-elementor-type=\"wp-page\" data-elementor-id=\"1456\" class=\"elementor elementor-1456\" data-elementor-post-type=\"page\">\n\t\t\t\t\t\t<section class=\"elementor-section elementor-top-section elementor-element elementor-element-2bfa822 elementor-section-content-middle elementor-section-boxed elementor-section-height-default elementor-section-height-default\" data-id=\"2bfa822\" data-element_type=\"section\" data-e-type=\"section\">\n\t\t\t\t\t\t<div class=\"elementor-container elementor-column-gap-no\">\n\t\t\t\t\t<div class=\"elementor-column elementor-col-100 elementor-top-column elementor-element elementor-element-3efa472c\" data-id=\"3efa472c\" data-element_type=\"column\" data-e-type=\"column\">\n\t\t\t<div class=\"elementor-widget-wrap elementor-element-populated\">\n\t\t\t\t\t\t<div class=\"elementor-element elementor-element-529f796b elementor-widget elementor-widget-heading\" data-id=\"529f796b\" data-element_type=\"widget\" data-e-type=\"widget\" data-widget_type=\"heading.default\">\n\t\t\t\t<div class=\"elementor-widget-container\">\n\t\t\t\t\t<h3 class=\"elementor-heading-title elementor-size-default\">Solicita informaci\u00f3n<\/h3>\t\t\t\t<\/div>\n\t\t\t\t<\/div>\n\t\t\t\t<section class=\"elementor-section elementor-inner-section elementor-element elementor-element-22bf7276 elementor-section-content-middle elementor-section-boxed elementor-section-height-default elementor-section-height-default\" data-id=\"22bf7276\" data-element_type=\"section\" data-e-type=\"section\">\n\t\t\t\t\t\t<div class=\"elementor-container elementor-column-gap-no\">\n\t\t\t\t\t<div class=\"elementor-column elementor-col-50 elementor-inner-column elementor-element elementor-element-21311570\" data-id=\"21311570\" data-element_type=\"column\" data-e-type=\"column\">\n\t\t\t<div class=\"elementor-widget-wrap elementor-element-populated\">\n\t\t\t\t\t\t<div class=\"elementor-element elementor-element-33535617 elementor-button-align-end elementor-mobile-button-align-center elementor-widget elementor-widget-form\" data-id=\"33535617\" data-element_type=\"widget\" data-e-type=\"widget\" data-settings=\"{&quot;step_next_label&quot;:&quot;Siguiente&quot;,&quot;step_previous_label&quot;:&quot;Regresar&quot;,&quot;button_width&quot;:&quot;100&quot;,&quot;step_type&quot;:&quot;number_text&quot;,&quot;step_icon_shape&quot;:&quot;circle&quot;}\" data-widget_type=\"form.default\">\n\t\t\t\t<div class=\"elementor-widget-container\">\n\t\t\t\t\t\t\t<form class=\"elementor-form\" method=\"post\" name=\"Formulario contacto\">\n\t\t\t<input type=\"hidden\" name=\"post_id\" value=\"1456\"\/>\n\t\t\t<input type=\"hidden\" name=\"form_id\" value=\"33535617\"\/>\n\t\t\t<input type=\"hidden\" name=\"referer_title\" value=\"Parroquia Personal Castrense\" \/>\n\n\t\t\t\n\t\t\t<div class=\"elementor-form-fields-wrapper elementor-labels-\">\n\t\t\t\t\t\t\t\t<div class=\"elementor-field-type-text elementor-field-group elementor-column elementor-field-group-name elementor-col-50 elementor-field-required\">\n\t\t\t\t\t\t\t\t\t\t\t\t<label for=\"form-field-name\" class=\"elementor-field-label elementor-screen-only\">\n\t\t\t\t\t\t\t\tNombre\t\t\t\t\t\t\t<\/label>\n\t\t\t\t\t\t\t\t\t\t\t\t\t\t<input size=\"1\" type=\"text\" name=\"form_fields[name]\" id=\"form-field-name\" class=\"elementor-field elementor-size-sm  elementor-field-textual\" placeholder=\"Nombre\" required=\"required\" aria-required=\"true\">\n\t\t\t\t\t\t\t\t\t\t\t<\/div>\n\t\t\t\t\t\t\t\t<div class=\"elementor-field-type-email elementor-field-group elementor-column elementor-field-group-email elementor-col-50 elementor-field-required\">\n\t\t\t\t\t\t\t\t\t\t\t\t<label for=\"form-field-email\" class=\"elementor-field-label elementor-screen-only\">\n\t\t\t\t\t\t\t\tCorreo\t\t\t\t\t\t\t<\/label>\n\t\t\t\t\t\t\t\t\t\t\t\t\t\t<input size=\"1\" type=\"email\" name=\"form_fields[email]\" id=\"form-field-email\" class=\"elementor-field elementor-size-sm  elementor-field-textual\" placeholder=\"Correo\" required=\"required\" aria-required=\"true\">\n\t\t\t\t\t\t\t\t\t\t\t<\/div>\n\t\t\t\t\t\t\t\t<div class=\"elementor-field-type-text elementor-field-group elementor-column elementor-field-group-b26ecb6 elementor-col-50 elementor-field-required\">\n\t\t\t\t\t\t\t\t\t\t\t\t<label for=\"form-field-b26ecb6\" class=\"elementor-field-label elementor-screen-only\">\n\t\t\t\t\t\t\t\tTel\u00e9fono\t\t\t\t\t\t\t<\/label>\n\t\t\t\t\t\t\t\t\t\t\t\t\t\t<input size=\"1\" type=\"text\" name=\"form_fields[b26ecb6]\" id=\"form-field-b26ecb6\" class=\"elementor-field elementor-size-sm  elementor-field-textual\" placeholder=\"Tel\u00e9fono\" required=\"required\" aria-required=\"true\">\n\t\t\t\t\t\t\t\t\t\t\t<\/div>\n\t\t\t\t\t\t\t\t<div class=\"elementor-field-type-textarea elementor-field-group elementor-column elementor-field-group-message elementor-col-100\">\n\t\t\t\t\t\t\t\t\t\t\t\t<label for=\"form-field-message\" class=\"elementor-field-label elementor-screen-only\">\n\t\t\t\t\t\t\t\tMensaje\t\t\t\t\t\t\t<\/label>\n\t\t\t\t\t\t<textarea class=\"elementor-field-textual elementor-field  elementor-size-sm\" name=\"form_fields[message]\" id=\"form-field-message\" rows=\"4\" placeholder=\"Mensaje\"><\/textarea>\t\t\t\t<\/div>\n\t\t\t\t\t\t\t\t<div class=\"elementor-field-group elementor-column elementor-field-type-submit elementor-col-100 e-form__buttons\">\n\t\t\t\t\t<button class=\"elementor-button elementor-size-sm\" type=\"submit\">\n\t\t\t\t\t\t<span class=\"elementor-button-content-wrapper\">\n\t\t\t\t\t\t\t\t\t\t\t\t\t\t\t<span class=\"elementor-button-icon\">\n\t\t\t\t\t\t\t\t\t<i aria-hidden=\"true\" class=\"far fa-arrow-alt-circle-right\"><\/i>\t\t\t\t\t\t\t\t\t\t\t\t\t\t\t\t\t<\/span>\n\t\t\t\t\t\t\t\t\t\t\t\t\t\t\t\t\t\t\t\t\t\t<span class=\"elementor-button-text\">Enviar mensaje<\/span>\n\t\t\t\t\t\t\t\t\t\t\t\t\t<\/span>\n\t\t\t\t\t<\/button>\n\t\t\t\t<\/div>\n\t\t\t<\/div>\n\t\t<\/form>\n\t\t\t\t\t\t<\/div>\n\t\t\t\t<\/div>\n\t\t\t\t\t<\/div>\n\t\t<\/div>\n\t\t\t\t<div class=\"elementor-column elementor-col-50 elementor-inner-column elementor-element elementor-element-5709ec94\" data-id=\"5709ec94\" data-element_type=\"column\" data-e-type=\"column\" data-settings=\"{&quot;background_background&quot;:&quot;classic&quot;}\">\n\t\t\t<div class=\"elementor-widget-wrap elementor-element-populated\">\n\t\t\t\t\t\t<div class=\"elementor-element elementor-element-3cd9bf9d elementor-view-default elementor-position-block-start elementor-mobile-position-block-start elementor-widget elementor-widget-icon-box\" data-id=\"3cd9bf9d\" data-element_type=\"widget\" data-e-type=\"widget\" data-widget_type=\"icon-box.default\">\n\t\t\t\t<div class=\"elementor-widget-container\">\n\t\t\t\t\t\t\t<div class=\"elementor-icon-box-wrapper\">\n\n\t\t\t\t\t\t<div class=\"elementor-icon-box-icon\">\n\t\t\t\t<span  class=\"elementor-icon\">\n\t\t\t\t<i aria-hidden=\"true\" class=\"fas fa-phone-alt\"><\/i>\t\t\t\t<\/span>\n\t\t\t<\/div>\n\t\t\t\n\t\t\t\t\t\t<div class=\"elementor-icon-box-content\">\n\n\t\t\t\t\t\t\t\t\t<h3 class=\"elementor-icon-box-title\">\n\t\t\t\t\t\t<span  >\n\t\t\t\t\t\t\t55 7581-3004\t\t\t\t\t\t<\/span>\n\t\t\t\t\t<\/h3>\n\t\t\t\t\n\t\t\t\t\n\t\t\t<\/div>\n\t\t\t\n\t\t<\/div>\n\t\t\t\t\t\t<\/div>\n\t\t\t\t<\/div>\n\t\t\t\t<div class=\"elementor-element elementor-element-523405d1 elementor-widget elementor-widget-text-editor\" data-id=\"523405d1\" data-element_type=\"widget\" data-e-type=\"widget\" data-widget_type=\"text-editor.default\">\n\t\t\t\t<div class=\"elementor-widget-container\">\n\t\t\t\t\t\t\t\t\tTel\u00e9fono de la oficina\t\t\t\t\t\t\t\t<\/div>\n\t\t\t\t<\/div>\n\t\t\t\t<div class=\"elementor-element elementor-element-70e48f34 elementor-widget elementor-widget-text-editor\" data-id=\"70e48f34\" data-element_type=\"widget\" data-e-type=\"widget\" data-widget_type=\"text-editor.default\">\n\t\t\t\t<div class=\"elementor-widget-container\">\n\t\t\t\t\t\t\t\t\tCalz. Legaria 861, Col. Irrigaci\u00f3n,Miguel Hidalgo, 11500 Ciudad de M\u00e9xico.\t\t\t\t\t\t\t\t<\/div>\n\t\t\t\t<\/div>\n\t\t\t\t<div class=\"elementor-element elementor-element-fa2fd87 elementor-widget elementor-widget-text-editor\" data-id=\"fa2fd87\" data-element_type=\"widget\" data-e-type=\"widget\" data-widget_type=\"text-editor.default\">\n\t\t\t\t<div class=\"elementor-widget-container\">\n\t\t\t\t\t\t\t\t\tMar\u2013Vie 9:00 AM \u2013 2:00 PM. En la tarde por citas<\/br>\nS\u00e1bados 9:00 AM \u2013 2:00 PM.<\/br>\nDomingos Cerrado\t\t\t\t\t\t\t\t<\/div>\n\t\t\t\t<\/div>\n\t\t\t\t<div class=\"elementor-element elementor-element-1dd79f12 elementor-widget elementor-widget-text-editor\" data-id=\"1dd79f12\" data-element_type=\"widget\" data-e-type=\"widget\" data-widget_type=\"text-editor.default\">\n\t\t\t\t<div class=\"elementor-widget-container\">\n\t\t\t\t\t\t\t\t\t<strong>Correo:<\/strong>informes@parroquiapersonalcastrense.org\t\t\t\t\t\t\t\t<\/div>\n\t\t\t\t<\/div>\n\t\t\t\t\t<\/div>\n\t\t<\/div>\n\t\t\t\t\t<\/div>\n\t\t<\/section>\n\t\t\t\t\t<\/div>\n\t\t<\/div>\n\t\t\t\t\t<\/div>\n\t\t<\/section>\n\t\t\t\t<\/div>\n\t\t","protected":false},"excerpt":{"rendered":"<p>Solicita informaci\u00f3n 55 7581-3004 Tel\u00e9fono de la oficinaCalz. Legaria 861, Col. Irrigaci\u00f3n,Miguel Hidalgo, 11500 Ciudad de M\u00e9xico.Mar\u2013Vie 9:00 AM \u2013 2:00 PM. En la tarde por citas S\u00e1bados 9:00 AM \u2013 2:00 PM. Domingos CerradoCorreo:informes@parroquiapersonalcastrense.org<\/p>\n","protected":false},"author":1,"featured_media":0,"parent":0,"menu_order":0,"comment_status":"closed","ping_status":"closed","template":"","meta":{"footnotes":""},"class_list":["post-1456","page","type-page","status-publish","hentry"],"yoast_head":"<!-- This site is optimized with the Yoast SEO plugin v25.6 - https:\/\/yoast.com\/wordpress\/plugins\/seo\/ -->\n<title>Cont\u00e1ctanos - Parroquia Personal Castrense<\/title>\n<meta name=\"robots\" content=\"index, follow, max-snippet:-1, max-image-preview:large, max-video-preview:-1\" \/>\n<link rel=\"canonical\" href=\"http:\/\/arqcodigital.com\/ppc\/contactanos\/\" \/>\n<meta property=\"og:locale\" content=\"es_MX\" \/>\n<meta property=\"og:type\" content=\"article\" \/>\n<meta property=\"og:title\" content=\"Cont\u00e1ctanos - Parroquia Personal Castrense\" \/>\n<meta property=\"og:description\" content=\"Solicita informaci\u00f3n 55 7581-3004 Tel\u00e9fono de la oficinaCalz. Legaria 861, Col. Irrigaci\u00f3n,Miguel Hidalgo, 11500 Ciudad de M\u00e9xico.Mar\u2013Vie 9:00 AM \u2013 2:00 PM. En la tarde por citas S\u00e1bados 9:00 AM \u2013 2:00 PM. Domingos CerradoCorreo:informes@parroquiapersonalcastrense.org\" \/>\n<meta property=\"og:url\" content=\"http:\/\/arqcodigital.com\/ppc\/contactanos\/\" \/>\n<meta property=\"og:site_name\" content=\"Parroquia Personal Castrense\" \/>\n<meta property=\"article:publisher\" content=\"https:\/\/www.facebook.com\/CapellaniaMilitarCDMX\" \/>\n<meta property=\"article:modified_time\" content=\"2023-10-20T20:12:30+00:00\" \/>\n<meta name=\"twitter:card\" content=\"summary_large_image\" \/>\n<meta name=\"twitter:site\" content=\"@MxMilitar\" \/>\n<meta name=\"twitter:label1\" content=\"Tiempo de lectura\" \/>\n\t<meta name=\"twitter:data1\" content=\"1 minuto\" \/>\n<script type=\"application\/ld+json\" class=\"yoast-schema-graph\">{\"@context\":\"https:\/\/schema.org\",\"@graph\":[{\"@type\":\"WebPage\",\"@id\":\"http:\/\/arqcodigital.com\/ppc\/contactanos\/\",\"url\":\"http:\/\/arqcodigital.com\/ppc\/contactanos\/\",\"name\":\"Cont\u00e1ctanos - Parroquia Personal Castrense\",\"isPartOf\":{\"@id\":\"http:\/\/arqcodigital.com\/ppc\/#website\"},\"datePublished\":\"2020-12-17T12:18:24+00:00\",\"dateModified\":\"2023-10-20T20:12:30+00:00\",\"breadcrumb\":{\"@id\":\"http:\/\/arqcodigital.com\/ppc\/contactanos\/#breadcrumb\"},\"inLanguage\":\"es\",\"potentialAction\":[{\"@type\":\"ReadAction\",\"target\":[\"http:\/\/arqcodigital.com\/ppc\/contactanos\/\"]}]},{\"@type\":\"BreadcrumbList\",\"@id\":\"http:\/\/arqcodigital.com\/ppc\/contactanos\/#breadcrumb\",\"itemListElement\":[{\"@type\":\"ListItem\",\"position\":1,\"name\":\"Inicio\",\"item\":\"http:\/\/arqcodigital.com\/ppc\/\"},{\"@type\":\"ListItem\",\"position\":2,\"name\":\"Cont\u00e1ctanos\"}]},{\"@type\":\"WebSite\",\"@id\":\"http:\/\/arqcodigital.com\/ppc\/#website\",\"url\":\"http:\/\/arqcodigital.com\/ppc\/\",\"name\":\"Parroquia Personal Castrense\",\"description\":\"Cristo de la Paz\",\"publisher\":{\"@id\":\"http:\/\/arqcodigital.com\/ppc\/#organization\"},\"potentialAction\":[{\"@type\":\"SearchAction\",\"target\":{\"@type\":\"EntryPoint\",\"urlTemplate\":\"http:\/\/arqcodigital.com\/ppc\/?s={search_term_string}\"},\"query-input\":{\"@type\":\"PropertyValueSpecification\",\"valueRequired\":true,\"valueName\":\"search_term_string\"}}],\"inLanguage\":\"es\"},{\"@type\":\"Organization\",\"@id\":\"http:\/\/arqcodigital.com\/ppc\/#organization\",\"name\":\"Parroquia Personal Castrense\",\"url\":\"http:\/\/arqcodigital.com\/ppc\/\",\"logo\":{\"@type\":\"ImageObject\",\"inLanguage\":\"es\",\"@id\":\"http:\/\/arqcodigital.com\/ppc\/#\/schema\/logo\/image\/\",\"url\":\"http:\/\/arqcodigital.com\/ppc\/wp-content\/uploads\/2023\/02\/logo-ppc.jpg\",\"contentUrl\":\"http:\/\/arqcodigital.com\/ppc\/wp-content\/uploads\/2023\/02\/logo-ppc.jpg\",\"width\":993,\"height\":340,\"caption\":\"Parroquia Personal Castrense\"},\"image\":{\"@id\":\"http:\/\/arqcodigital.com\/ppc\/#\/schema\/logo\/image\/\"},\"sameAs\":[\"https:\/\/www.facebook.com\/CapellaniaMilitarCDMX\",\"https:\/\/x.com\/MxMilitar\",\"https:\/\/www.instagram.com\/capellaniamilitar\/\",\"https:\/\/www.youtube.com\/channel\/UCx6MFG76NU6wZ9KCMfb3-5A\"]}]}<\/script>\n<!-- \/ Yoast SEO plugin. -->","yoast_head_json":{"title":"Cont\u00e1ctanos - Parroquia Personal Castrense","robots":{"index":"index","follow":"follow","max-snippet":"max-snippet:-1","max-image-preview":"max-image-preview:large","max-video-preview":"max-video-preview:-1"},"canonical":"http:\/\/arqcodigital.com\/ppc\/contactanos\/","og_locale":"es_MX","og_type":"article","og_title":"Cont\u00e1ctanos - Parroquia Personal Castrense","og_description":"Solicita informaci\u00f3n 55 7581-3004 Tel\u00e9fono de la oficinaCalz. Legaria 861, Col. Irrigaci\u00f3n,Miguel Hidalgo, 11500 Ciudad de M\u00e9xico.Mar\u2013Vie 9:00 AM \u2013 2:00 PM. En la tarde por citas S\u00e1bados 9:00 AM \u2013 2:00 PM. Domingos CerradoCorreo:informes@parroquiapersonalcastrense.org","og_url":"http:\/\/arqcodigital.com\/ppc\/contactanos\/","og_site_name":"Parroquia Personal Castrense","article_publisher":"https:\/\/www.facebook.com\/CapellaniaMilitarCDMX","article_modified_time":"2023-10-20T20:12:30+00:00","twitter_card":"summary_large_image","twitter_site":"@MxMilitar","twitter_misc":{"Tiempo de lectura":"1 minuto"},"schema":{"@context":"https:\/\/schema.org","@graph":[{"@type":"WebPage","@id":"http:\/\/arqcodigital.com\/ppc\/contactanos\/","url":"http:\/\/arqcodigital.com\/ppc\/contactanos\/","name":"Cont\u00e1ctanos - Parroquia Personal Castrense","isPartOf":{"@id":"http:\/\/arqcodigital.com\/ppc\/#website"},"datePublished":"2020-12-17T12:18:24+00:00","dateModified":"2023-10-20T20:12:30+00:00","breadcrumb":{"@id":"http:\/\/arqcodigital.com\/ppc\/contactanos\/#breadcrumb"},"inLanguage":"es","potentialAction":[{"@type":"ReadAction","target":["http:\/\/arqcodigital.com\/ppc\/contactanos\/"]}]},{"@type":"BreadcrumbList","@id":"http:\/\/arqcodigital.com\/ppc\/contactanos\/#breadcrumb","itemListElement":[{"@type":"ListItem","position":1,"name":"Inicio","item":"http:\/\/arqcodigital.com\/ppc\/"},{"@type":"ListItem","position":2,"name":"Cont\u00e1ctanos"}]},{"@type":"WebSite","@id":"http:\/\/arqcodigital.com\/ppc\/#website","url":"http:\/\/arqcodigital.com\/ppc\/","name":"Parroquia Personal Castrense","description":"Cristo de la Paz","publisher":{"@id":"http:\/\/arqcodigital.com\/ppc\/#organization"},"potentialAction":[{"@type":"SearchAction","target":{"@type":"EntryPoint","urlTemplate":"http:\/\/arqcodigital.com\/ppc\/?s={search_term_string}"},"query-input":{"@type":"PropertyValueSpecification","valueRequired":true,"valueName":"search_term_string"}}],"inLanguage":"es"},{"@type":"Organization","@id":"http:\/\/arqcodigital.com\/ppc\/#organization","name":"Parroquia Personal Castrense","url":"http:\/\/arqcodigital.com\/ppc\/","logo":{"@type":"ImageObject","inLanguage":"es","@id":"http:\/\/arqcodigital.com\/ppc\/#\/schema\/logo\/image\/","url":"http:\/\/arqcodigital.com\/ppc\/wp-content\/uploads\/2023\/02\/logo-ppc.jpg","contentUrl":"http:\/\/arqcodigital.com\/ppc\/wp-content\/uploads\/2023\/02\/logo-ppc.jpg","width":993,"height":340,"caption":"Parroquia Personal Castrense"},"image":{"@id":"http:\/\/arqcodigital.com\/ppc\/#\/schema\/logo\/image\/"},"sameAs":["https:\/\/www.facebook.com\/CapellaniaMilitarCDMX","https:\/\/x.com\/MxMilitar","https:\/\/www.instagram.com\/capellaniamilitar\/","https:\/\/www.youtube.com\/channel\/UCx6MFG76NU6wZ9KCMfb3-5A"]}]}},"_links":{"self":[{"href":"http:\/\/arqcodigital.com\/ppc\/wp-json\/wp\/v2\/pages\/1456"}],"collection":[{"href":"http:\/\/arqcodigital.com\/ppc\/wp-json\/wp\/v2\/pages"}],"about":[{"href":"http:\/\/arqcodigital.com\/ppc\/wp-json\/wp\/v2\/types\/page"}],"author":[{"embeddable":true,"href":"http:\/\/arqcodigital.com\/ppc\/wp-json\/wp\/v2\/users\/1"}],"replies":[{"embeddable":true,"href":"http:\/\/arqcodigital.com\/ppc\/wp-json\/wp\/v2\/comments?post=1456"}],"version-history":[{"count":25,"href":"http:\/\/arqcodigital.com\/ppc\/wp-json\/wp\/v2\/pages\/1456\/revisions"}],"predecessor-version":[{"id":5966,"href":"http:\/\/arqcodigital.com\/ppc\/wp-json\/wp\/v2\/pages\/1456\/revisions\/5966"}],"wp:attachment":[{"href":"http:\/\/arqcodigital.com\/ppc\/wp-json\/wp\/v2\/media?parent=1456"}],"curies":[{"name":"wp","href":"https:\/\/api.w.org\/{rel}","templated":true}]}}