{"id":1564,"date":"2020-12-22T23:04:30","date_gmt":"2020-12-22T23:04:30","guid":{"rendered":"http:\/\/arqcodigital.com\/ppc\/?page_id=1564"},"modified":"2023-10-19T21:00:45","modified_gmt":"2023-10-19T21:00:45","slug":"mision-y-vision","status":"publish","type":"page","link":"http:\/\/arqcodigital.com\/ppc\/mision-y-vision\/","title":{"rendered":"Misi\u00f3n y Visi\u00f3n"},"content":{"rendered":"\t\t<div data-elementor-type=\"wp-page\" data-elementor-id=\"1564\" class=\"elementor elementor-1564\" data-elementor-post-type=\"page\">\n\t\t\t\t\t\t<section class=\"elementor-section elementor-top-section elementor-element elementor-element-1b6744b7 elementor-section-content-middle elementor-section-stretched elementor-section-boxed elementor-section-height-default elementor-section-height-default\" data-id=\"1b6744b7\" data-element_type=\"section\" data-e-type=\"section\" data-settings=\"{&quot;stretch_section&quot;:&quot;section-stretched&quot;}\">\n\t\t\t\t\t\t<div class=\"elementor-container elementor-column-gap-default\">\n\t\t\t\t\t<div class=\"elementor-column elementor-col-50 elementor-top-column elementor-element elementor-element-27ef6b\" data-id=\"27ef6b\" data-element_type=\"column\" data-e-type=\"column\">\n\t\t\t<div class=\"elementor-widget-wrap elementor-element-populated\">\n\t\t\t\t\t\t<div class=\"elementor-element elementor-element-7361800 elementor-widget elementor-widget-image\" data-id=\"7361800\" data-element_type=\"widget\" data-e-type=\"widget\" data-widget_type=\"image.default\">\n\t\t\t\t<div class=\"elementor-widget-container\">\n\t\t\t\t\t\t\t\t\t\t\t\t\t\t\t<img fetchpriority=\"high\" decoding=\"async\" width=\"800\" height=\"500\" src=\"http:\/\/arqcodigital.com\/ppc\/wp-content\/uploads\/2023\/04\/parroquia-personal-castrense-solemne-vigilia-pascual-en-la-vispera-del-domingo-de-pascua-de-resurreccion.jpg\" class=\"attachment-large size-large wp-image-5124\" alt=\"parroquia-personal-castrense-solemne-vigilia-pascual-en-la-vispera-del-domingo-de-pascua-de-resurreccion\" srcset=\"http:\/\/arqcodigital.com\/ppc\/wp-content\/uploads\/2023\/04\/parroquia-personal-castrense-solemne-vigilia-pascual-en-la-vispera-del-domingo-de-pascua-de-resurreccion.jpg 800w, http:\/\/arqcodigital.com\/ppc\/wp-content\/uploads\/2023\/04\/parroquia-personal-castrense-solemne-vigilia-pascual-en-la-vispera-del-domingo-de-pascua-de-resurreccion-300x188.jpg 300w, http:\/\/arqcodigital.com\/ppc\/wp-content\/uploads\/2023\/04\/parroquia-personal-castrense-solemne-vigilia-pascual-en-la-vispera-del-domingo-de-pascua-de-resurreccion-768x480.jpg 768w\" sizes=\"(max-width: 800px) 100vw, 800px\" \/>\t\t\t\t\t\t\t\t\t\t\t\t\t\t\t<\/div>\n\t\t\t\t<\/div>\n\t\t\t\t\t<\/div>\n\t\t<\/div>\n\t\t\t\t<div class=\"elementor-column elementor-col-50 elementor-top-column elementor-element elementor-element-a71b1d6\" data-id=\"a71b1d6\" data-element_type=\"column\" data-e-type=\"column\">\n\t\t\t<div class=\"elementor-widget-wrap elementor-element-populated\">\n\t\t\t\t\t\t<div class=\"elementor-element elementor-element-1c960695 elementor-widget elementor-widget-heading\" data-id=\"1c960695\" data-element_type=\"widget\" data-e-type=\"widget\" data-widget_type=\"heading.default\">\n\t\t\t\t<div class=\"elementor-widget-container\">\n\t\t\t\t\t<h4 class=\"elementor-heading-title elementor-size-default\">Misi\u00f3n<\/h4>\t\t\t\t<\/div>\n\t\t\t\t<\/div>\n\t\t\t\t<div class=\"elementor-element elementor-element-48af2e60 elementor-widget elementor-widget-text-editor\" data-id=\"48af2e60\" data-element_type=\"widget\" data-e-type=\"widget\" data-widget_type=\"text-editor.default\">\n\t\t\t\t<div class=\"elementor-widget-container\">\n\t\t\t\t\t\t\t\t\tAsistir espiritualmente y evangelizar, en las especiales condiciones de su vida, a los miembros de las Fuerzas Armadas y a sus familias, que manifieste nuestra adhesi\u00f3n a Cristo como disc\u00edpulos y misioneros, siendo constructores de la paz.\t\t\t\t\t\t\t\t<\/div>\n\t\t\t\t<\/div>\n\t\t\t\t\t<\/div>\n\t\t<\/div>\n\t\t\t\t\t<\/div>\n\t\t<\/section>\n\t\t\t\t<section class=\"elementor-section elementor-top-section elementor-element elementor-element-4e21dd3 elementor-section-content-middle elementor-section-stretched elementor-section-boxed elementor-section-height-default elementor-section-height-default\" data-id=\"4e21dd3\" data-element_type=\"section\" data-e-type=\"section\" data-settings=\"{&quot;stretch_section&quot;:&quot;section-stretched&quot;}\">\n\t\t\t\t\t\t<div class=\"elementor-container elementor-column-gap-default\">\n\t\t\t\t\t<div class=\"elementor-column elementor-col-50 elementor-top-column elementor-element elementor-element-7289365\" data-id=\"7289365\" data-element_type=\"column\" data-e-type=\"column\">\n\t\t\t<div class=\"elementor-widget-wrap elementor-element-populated\">\n\t\t\t\t\t\t<div class=\"elementor-element elementor-element-4e40a72 elementor-widget elementor-widget-heading\" data-id=\"4e40a72\" data-element_type=\"widget\" data-e-type=\"widget\" data-widget_type=\"heading.default\">\n\t\t\t\t<div class=\"elementor-widget-container\">\n\t\t\t\t\t<h4 class=\"elementor-heading-title elementor-size-default\">Visi\u00f3n<\/h4>\t\t\t\t<\/div>\n\t\t\t\t<\/div>\n\t\t\t\t<div class=\"elementor-element elementor-element-37fd1c2 elementor-widget elementor-widget-text-editor\" data-id=\"37fd1c2\" data-element_type=\"widget\" data-e-type=\"widget\" data-widget_type=\"text-editor.default\">\n\t\t\t\t<div class=\"elementor-widget-container\">\n\t\t\t\t\t\t\t\t\tSensibles al llamado de Dios y a la inspiraci\u00f3n del Esp\u00edritu Santo, queremos responder al compromiso de ir al encuentro de todos y de manera especial de las nuevas generaciones y llevarles, con nuestro testimonio y trabajo, una fe atractiva y verdadera, que construya una patria reconciliada, libre, segura y en paz.\t\t\t\t\t\t\t\t<\/div>\n\t\t\t\t<\/div>\n\t\t\t\t\t<\/div>\n\t\t<\/div>\n\t\t\t\t<div class=\"elementor-column elementor-col-50 elementor-top-column elementor-element elementor-element-b881c5b\" data-id=\"b881c5b\" data-element_type=\"column\" data-e-type=\"column\">\n\t\t\t<div class=\"elementor-widget-wrap elementor-element-populated\">\n\t\t\t\t\t\t<div class=\"elementor-element elementor-element-7f233d0 elementor-widget elementor-widget-image\" data-id=\"7f233d0\" data-element_type=\"widget\" data-e-type=\"widget\" data-widget_type=\"image.default\">\n\t\t\t\t<div class=\"elementor-widget-container\">\n\t\t\t\t\t\t\t\t\t\t\t\t\t\t\t<img decoding=\"async\" width=\"800\" height=\"592\" src=\"http:\/\/arqcodigital.com\/ppc\/wp-content\/uploads\/2022\/11\/voluntariado-de-la-paz.jpeg\" class=\"attachment-large size-large wp-image-4216\" alt=\"\" srcset=\"http:\/\/arqcodigital.com\/ppc\/wp-content\/uploads\/2022\/11\/voluntariado-de-la-paz.jpeg 1006w, http:\/\/arqcodigital.com\/ppc\/wp-content\/uploads\/2022\/11\/voluntariado-de-la-paz-300x222.jpeg 300w, http:\/\/arqcodigital.com\/ppc\/wp-content\/uploads\/2022\/11\/voluntariado-de-la-paz-768x569.jpeg 768w\" sizes=\"(max-width: 800px) 100vw, 800px\" \/>\t\t\t\t\t\t\t\t\t\t\t\t\t\t\t<\/div>\n\t\t\t\t<\/div>\n\t\t\t\t\t<\/div>\n\t\t<\/div>\n\t\t\t\t\t<\/div>\n\t\t<\/section>\n\t\t\t\t<\/div>\n\t\t","protected":false},"excerpt":{"rendered":"<p>Misi\u00f3n Asistir espiritualmente y evangelizar, en las especiales condiciones de su vida, a los miembros de las Fuerzas Armadas y a sus familias, que manifieste nuestra adhesi\u00f3n a Cristo como disc\u00edpulos y misioneros, siendo constructores de la paz. Visi\u00f3n Sensibles al llamado de Dios y a la inspiraci\u00f3n del Esp\u00edritu Santo, queremos responder al compromiso [&hellip;]<\/p>\n","protected":false},"author":1,"featured_media":0,"parent":0,"menu_order":0,"comment_status":"closed","ping_status":"closed","template":"","meta":{"footnotes":""},"class_list":["post-1564","page","type-page","status-publish","hentry"],"yoast_head":"<!-- This site is optimized with the Yoast SEO plugin v25.6 - https:\/\/yoast.com\/wordpress\/plugins\/seo\/ -->\n<title>Misi\u00f3n y Visi\u00f3n - Parroquia Personal Castrense<\/title>\n<meta name=\"robots\" content=\"index, follow, max-snippet:-1, max-image-preview:large, max-video-preview:-1\" \/>\n<link rel=\"canonical\" href=\"http:\/\/arqcodigital.com\/ppc\/mision-y-vision\/\" \/>\n<meta property=\"og:locale\" content=\"es_MX\" \/>\n<meta property=\"og:type\" content=\"article\" \/>\n<meta property=\"og:title\" content=\"Misi\u00f3n y Visi\u00f3n - Parroquia Personal Castrense\" \/>\n<meta property=\"og:description\" content=\"Misi\u00f3n Asistir espiritualmente y evangelizar, en las especiales condiciones de su vida, a los miembros de las Fuerzas Armadas y a sus familias, que manifieste nuestra adhesi\u00f3n a Cristo como disc\u00edpulos y misioneros, siendo constructores de la paz. Visi\u00f3n Sensibles al llamado de Dios y a la inspiraci\u00f3n del Esp\u00edritu Santo, queremos responder al compromiso [&hellip;]\" \/>\n<meta property=\"og:url\" content=\"http:\/\/arqcodigital.com\/ppc\/mision-y-vision\/\" \/>\n<meta property=\"og:site_name\" content=\"Parroquia Personal Castrense\" \/>\n<meta property=\"article:publisher\" content=\"https:\/\/www.facebook.com\/CapellaniaMilitarCDMX\" \/>\n<meta property=\"article:modified_time\" content=\"2023-10-19T21:00:45+00:00\" \/>\n<meta property=\"og:image\" content=\"http:\/\/arqcodigital.com\/ppc\/wp-content\/uploads\/2023\/04\/parroquia-personal-castrense-solemne-vigilia-pascual-en-la-vispera-del-domingo-de-pascua-de-resurreccion.jpg\" \/>\n<meta name=\"twitter:card\" content=\"summary_large_image\" \/>\n<meta name=\"twitter:site\" content=\"@MxMilitar\" \/>\n<meta name=\"twitter:label1\" content=\"Tiempo de lectura\" \/>\n\t<meta name=\"twitter:data1\" content=\"1 minuto\" \/>\n<script type=\"application\/ld+json\" class=\"yoast-schema-graph\">{\"@context\":\"https:\/\/schema.org\",\"@graph\":[{\"@type\":\"WebPage\",\"@id\":\"http:\/\/arqcodigital.com\/ppc\/mision-y-vision\/\",\"url\":\"http:\/\/arqcodigital.com\/ppc\/mision-y-vision\/\",\"name\":\"Misi\u00f3n y Visi\u00f3n - Parroquia Personal Castrense\",\"isPartOf\":{\"@id\":\"http:\/\/arqcodigital.com\/ppc\/#website\"},\"primaryImageOfPage\":{\"@id\":\"http:\/\/arqcodigital.com\/ppc\/mision-y-vision\/#primaryimage\"},\"image\":{\"@id\":\"http:\/\/arqcodigital.com\/ppc\/mision-y-vision\/#primaryimage\"},\"thumbnailUrl\":\"http:\/\/arqcodigital.com\/ppc\/wp-content\/uploads\/2023\/04\/parroquia-personal-castrense-solemne-vigilia-pascual-en-la-vispera-del-domingo-de-pascua-de-resurreccion.jpg\",\"datePublished\":\"2020-12-22T23:04:30+00:00\",\"dateModified\":\"2023-10-19T21:00:45+00:00\",\"breadcrumb\":{\"@id\":\"http:\/\/arqcodigital.com\/ppc\/mision-y-vision\/#breadcrumb\"},\"inLanguage\":\"es\",\"potentialAction\":[{\"@type\":\"ReadAction\",\"target\":[\"http:\/\/arqcodigital.com\/ppc\/mision-y-vision\/\"]}]},{\"@type\":\"ImageObject\",\"inLanguage\":\"es\",\"@id\":\"http:\/\/arqcodigital.com\/ppc\/mision-y-vision\/#primaryimage\",\"url\":\"http:\/\/arqcodigital.com\/ppc\/wp-content\/uploads\/2023\/04\/parroquia-personal-castrense-solemne-vigilia-pascual-en-la-vispera-del-domingo-de-pascua-de-resurreccion.jpg\",\"contentUrl\":\"http:\/\/arqcodigital.com\/ppc\/wp-content\/uploads\/2023\/04\/parroquia-personal-castrense-solemne-vigilia-pascual-en-la-vispera-del-domingo-de-pascua-de-resurreccion.jpg\",\"width\":800,\"height\":500,\"caption\":\"parroquia-personal-castrense-solemne-vigilia-pascual-en-la-vispera-del-domingo-de-pascua-de-resurreccion\"},{\"@type\":\"BreadcrumbList\",\"@id\":\"http:\/\/arqcodigital.com\/ppc\/mision-y-vision\/#breadcrumb\",\"itemListElement\":[{\"@type\":\"ListItem\",\"position\":1,\"name\":\"Inicio\",\"item\":\"http:\/\/arqcodigital.com\/ppc\/\"},{\"@type\":\"ListItem\",\"position\":2,\"name\":\"Misi\u00f3n y Visi\u00f3n\"}]},{\"@type\":\"WebSite\",\"@id\":\"http:\/\/arqcodigital.com\/ppc\/#website\",\"url\":\"http:\/\/arqcodigital.com\/ppc\/\",\"name\":\"Parroquia Personal Castrense\",\"description\":\"Cristo de la Paz\",\"publisher\":{\"@id\":\"http:\/\/arqcodigital.com\/ppc\/#organization\"},\"potentialAction\":[{\"@type\":\"SearchAction\",\"target\":{\"@type\":\"EntryPoint\",\"urlTemplate\":\"http:\/\/arqcodigital.com\/ppc\/?s={search_term_string}\"},\"query-input\":{\"@type\":\"PropertyValueSpecification\",\"valueRequired\":true,\"valueName\":\"search_term_string\"}}],\"inLanguage\":\"es\"},{\"@type\":\"Organization\",\"@id\":\"http:\/\/arqcodigital.com\/ppc\/#organization\",\"name\":\"Parroquia Personal Castrense\",\"url\":\"http:\/\/arqcodigital.com\/ppc\/\",\"logo\":{\"@type\":\"ImageObject\",\"inLanguage\":\"es\",\"@id\":\"http:\/\/arqcodigital.com\/ppc\/#\/schema\/logo\/image\/\",\"url\":\"http:\/\/arqcodigital.com\/ppc\/wp-content\/uploads\/2023\/02\/logo-ppc.jpg\",\"contentUrl\":\"http:\/\/arqcodigital.com\/ppc\/wp-content\/uploads\/2023\/02\/logo-ppc.jpg\",\"width\":993,\"height\":340,\"caption\":\"Parroquia Personal Castrense\"},\"image\":{\"@id\":\"http:\/\/arqcodigital.com\/ppc\/#\/schema\/logo\/image\/\"},\"sameAs\":[\"https:\/\/www.facebook.com\/CapellaniaMilitarCDMX\",\"https:\/\/x.com\/MxMilitar\",\"https:\/\/www.instagram.com\/capellaniamilitar\/\",\"https:\/\/www.youtube.com\/channel\/UCx6MFG76NU6wZ9KCMfb3-5A\"]}]}<\/script>\n<!-- \/ Yoast SEO plugin. -->","yoast_head_json":{"title":"Misi\u00f3n y Visi\u00f3n - Parroquia Personal Castrense","robots":{"index":"index","follow":"follow","max-snippet":"max-snippet:-1","max-image-preview":"max-image-preview:large","max-video-preview":"max-video-preview:-1"},"canonical":"http:\/\/arqcodigital.com\/ppc\/mision-y-vision\/","og_locale":"es_MX","og_type":"article","og_title":"Misi\u00f3n y Visi\u00f3n - Parroquia Personal Castrense","og_description":"Misi\u00f3n Asistir espiritualmente y evangelizar, en las especiales condiciones de su vida, a los miembros de las Fuerzas Armadas y a sus familias, que manifieste nuestra adhesi\u00f3n a Cristo como disc\u00edpulos y misioneros, siendo constructores de la paz. Visi\u00f3n Sensibles al llamado de Dios y a la inspiraci\u00f3n del Esp\u00edritu Santo, queremos responder al compromiso [&hellip;]","og_url":"http:\/\/arqcodigital.com\/ppc\/mision-y-vision\/","og_site_name":"Parroquia Personal Castrense","article_publisher":"https:\/\/www.facebook.com\/CapellaniaMilitarCDMX","article_modified_time":"2023-10-19T21:00:45+00:00","og_image":[{"url":"http:\/\/arqcodigital.com\/ppc\/wp-content\/uploads\/2023\/04\/parroquia-personal-castrense-solemne-vigilia-pascual-en-la-vispera-del-domingo-de-pascua-de-resurreccion.jpg","type":"","width":"","height":""}],"twitter_card":"summary_large_image","twitter_site":"@MxMilitar","twitter_misc":{"Tiempo de lectura":"1 minuto"},"schema":{"@context":"https:\/\/schema.org","@graph":[{"@type":"WebPage","@id":"http:\/\/arqcodigital.com\/ppc\/mision-y-vision\/","url":"http:\/\/arqcodigital.com\/ppc\/mision-y-vision\/","name":"Misi\u00f3n y Visi\u00f3n - Parroquia Personal Castrense","isPartOf":{"@id":"http:\/\/arqcodigital.com\/ppc\/#website"},"primaryImageOfPage":{"@id":"http:\/\/arqcodigital.com\/ppc\/mision-y-vision\/#primaryimage"},"image":{"@id":"http:\/\/arqcodigital.com\/ppc\/mision-y-vision\/#primaryimage"},"thumbnailUrl":"http:\/\/arqcodigital.com\/ppc\/wp-content\/uploads\/2023\/04\/parroquia-personal-castrense-solemne-vigilia-pascual-en-la-vispera-del-domingo-de-pascua-de-resurreccion.jpg","datePublished":"2020-12-22T23:04:30+00:00","dateModified":"2023-10-19T21:00:45+00:00","breadcrumb":{"@id":"http:\/\/arqcodigital.com\/ppc\/mision-y-vision\/#breadcrumb"},"inLanguage":"es","potentialAction":[{"@type":"ReadAction","target":["http:\/\/arqcodigital.com\/ppc\/mision-y-vision\/"]}]},{"@type":"ImageObject","inLanguage":"es","@id":"http:\/\/arqcodigital.com\/ppc\/mision-y-vision\/#primaryimage","url":"http:\/\/arqcodigital.com\/ppc\/wp-content\/uploads\/2023\/04\/parroquia-personal-castrense-solemne-vigilia-pascual-en-la-vispera-del-domingo-de-pascua-de-resurreccion.jpg","contentUrl":"http:\/\/arqcodigital.com\/ppc\/wp-content\/uploads\/2023\/04\/parroquia-personal-castrense-solemne-vigilia-pascual-en-la-vispera-del-domingo-de-pascua-de-resurreccion.jpg","width":800,"height":500,"caption":"parroquia-personal-castrense-solemne-vigilia-pascual-en-la-vispera-del-domingo-de-pascua-de-resurreccion"},{"@type":"BreadcrumbList","@id":"http:\/\/arqcodigital.com\/ppc\/mision-y-vision\/#breadcrumb","itemListElement":[{"@type":"ListItem","position":1,"name":"Inicio","item":"http:\/\/arqcodigital.com\/ppc\/"},{"@type":"ListItem","position":2,"name":"Misi\u00f3n y Visi\u00f3n"}]},{"@type":"WebSite","@id":"http:\/\/arqcodigital.com\/ppc\/#website","url":"http:\/\/arqcodigital.com\/ppc\/","name":"Parroquia Personal Castrense","description":"Cristo de la Paz","publisher":{"@id":"http:\/\/arqcodigital.com\/ppc\/#organization"},"potentialAction":[{"@type":"SearchAction","target":{"@type":"EntryPoint","urlTemplate":"http:\/\/arqcodigital.com\/ppc\/?s={search_term_string}"},"query-input":{"@type":"PropertyValueSpecification","valueRequired":true,"valueName":"search_term_string"}}],"inLanguage":"es"},{"@type":"Organization","@id":"http:\/\/arqcodigital.com\/ppc\/#organization","name":"Parroquia Personal Castrense","url":"http:\/\/arqcodigital.com\/ppc\/","logo":{"@type":"ImageObject","inLanguage":"es","@id":"http:\/\/arqcodigital.com\/ppc\/#\/schema\/logo\/image\/","url":"http:\/\/arqcodigital.com\/ppc\/wp-content\/uploads\/2023\/02\/logo-ppc.jpg","contentUrl":"http:\/\/arqcodigital.com\/ppc\/wp-content\/uploads\/2023\/02\/logo-ppc.jpg","width":993,"height":340,"caption":"Parroquia Personal Castrense"},"image":{"@id":"http:\/\/arqcodigital.com\/ppc\/#\/schema\/logo\/image\/"},"sameAs":["https:\/\/www.facebook.com\/CapellaniaMilitarCDMX","https:\/\/x.com\/MxMilitar","https:\/\/www.instagram.com\/capellaniamilitar\/","https:\/\/www.youtube.com\/channel\/UCx6MFG76NU6wZ9KCMfb3-5A"]}]}},"_links":{"self":[{"href":"http:\/\/arqcodigital.com\/ppc\/wp-json\/wp\/v2\/pages\/1564"}],"collection":[{"href":"http:\/\/arqcodigital.com\/ppc\/wp-json\/wp\/v2\/pages"}],"about":[{"href":"http:\/\/arqcodigital.com\/ppc\/wp-json\/wp\/v2\/types\/page"}],"author":[{"embeddable":true,"href":"http:\/\/arqcodigital.com\/ppc\/wp-json\/wp\/v2\/users\/1"}],"replies":[{"embeddable":true,"href":"http:\/\/arqcodigital.com\/ppc\/wp-json\/wp\/v2\/comments?post=1564"}],"version-history":[{"count":34,"href":"http:\/\/arqcodigital.com\/ppc\/wp-json\/wp\/v2\/pages\/1564\/revisions"}],"predecessor-version":[{"id":5525,"href":"http:\/\/arqcodigital.com\/ppc\/wp-json\/wp\/v2\/pages\/1564\/revisions\/5525"}],"wp:attachment":[{"href":"http:\/\/arqcodigital.com\/ppc\/wp-json\/wp\/v2\/media?parent=1564"}],"curies":[{"name":"wp","href":"https:\/\/api.w.org\/{rel}","templated":true}]}}