{"id":1625,"date":"2020-12-23T02:35:06","date_gmt":"2020-12-23T02:35:06","guid":{"rendered":"http:\/\/arqcodigital.com\/ppc\/?page_id=1625"},"modified":"2023-10-20T03:57:38","modified_gmt":"2023-10-20T03:57:38","slug":"formacion","status":"publish","type":"page","link":"http:\/\/arqcodigital.com\/ppc\/formacion\/","title":{"rendered":"Formaci\u00f3n"},"content":{"rendered":"\t\t<div data-elementor-type=\"wp-page\" data-elementor-id=\"1625\" class=\"elementor elementor-1625\" data-elementor-post-type=\"page\">\n\t\t\t\t\t\t<section class=\"elementor-section elementor-top-section elementor-element elementor-element-2450159b elementor-section-content-middle elementor-section-boxed elementor-section-height-default elementor-section-height-default\" data-id=\"2450159b\" data-element_type=\"section\" data-e-type=\"section\">\n\t\t\t\t\t\t<div class=\"elementor-container elementor-column-gap-no\">\n\t\t\t\t\t<div class=\"elementor-column elementor-col-50 elementor-top-column elementor-element elementor-element-7d688eb7\" data-id=\"7d688eb7\" data-element_type=\"column\" data-e-type=\"column\">\n\t\t\t<div class=\"elementor-widget-wrap elementor-element-populated\">\n\t\t\t\t\t\t<div class=\"elementor-element elementor-element-5d1ce599 elementor-widget elementor-widget-heading\" data-id=\"5d1ce599\" data-element_type=\"widget\" data-e-type=\"widget\" data-widget_type=\"heading.default\">\n\t\t\t\t<div class=\"elementor-widget-container\">\n\t\t\t\t\t<h4 class=\"elementor-heading-title elementor-size-default\">Catequesis 2023 - 2024<\/h4>\t\t\t\t<\/div>\n\t\t\t\t<\/div>\n\t\t\t\t<div class=\"elementor-element elementor-element-45eec05 elementor-widget elementor-widget-heading\" data-id=\"45eec05\" data-element_type=\"widget\" data-e-type=\"widget\" data-widget_type=\"heading.default\">\n\t\t\t\t<div class=\"elementor-widget-container\">\n\t\t\t\t\t<h4 class=\"elementor-heading-title elementor-size-default\">PRIMERA COMUNI\u00d3N Y CONFIRMACI\u00d3N<\/h4>\t\t\t\t<\/div>\n\t\t\t\t<\/div>\n\t\t\t\t\t<\/div>\n\t\t<\/div>\n\t\t\t\t<div class=\"elementor-column elementor-col-50 elementor-top-column elementor-element elementor-element-5bcb9cd6\" data-id=\"5bcb9cd6\" data-element_type=\"column\" data-e-type=\"column\">\n\t\t\t<div class=\"elementor-widget-wrap elementor-element-populated\">\n\t\t\t\t\t\t<div class=\"elementor-element elementor-element-3d2f5987 elementor-widget elementor-widget-text-editor\" data-id=\"3d2f5987\" data-element_type=\"widget\" data-e-type=\"widget\" data-widget_type=\"text-editor.default\">\n\t\t\t\t<div class=\"elementor-widget-container\">\n\t\t\t\t\t\t\t\t\tEsta circunscripci\u00f3n eclesi\u00e1stica, de car\u00e1cter personal, se encuentra vinculada can\u00f3nicamente a la Arquidi\u00f3cesis Primada de M\u00e9xico, en la que el Sr. Arzobispo Primado de M\u00e9xico, Cardenal Carlos Aguiar Retes, realiza el oficio capital por la Gracia de Dios y de la Santa Sede y ha delegado las tareas pastorales de asistencia a las Fuerzas Armadas al M.I. Pbro. Lic. Jorge Reyes de la Riva, Capell\u00e1n General Militar y P\u00e1rroco Personal Castrense.\t\t\t\t\t\t\t\t<\/div>\n\t\t\t\t<\/div>\n\t\t\t\t\t<\/div>\n\t\t<\/div>\n\t\t\t\t\t<\/div>\n\t\t<\/section>\n\t\t\t\t<section class=\"elementor-section elementor-top-section elementor-element elementor-element-f3edbeb elementor-section-boxed elementor-section-height-default elementor-section-height-default\" data-id=\"f3edbeb\" data-element_type=\"section\" data-e-type=\"section\">\n\t\t\t\t\t\t<div class=\"elementor-container elementor-column-gap-default\">\n\t\t\t\t\t<div class=\"elementor-column elementor-col-50 elementor-top-column elementor-element elementor-element-740ebc4\" data-id=\"740ebc4\" data-element_type=\"column\" data-e-type=\"column\">\n\t\t\t<div class=\"elementor-widget-wrap elementor-element-populated\">\n\t\t\t\t\t\t<div class=\"elementor-element elementor-element-f7b1ebf elementor-widget elementor-widget-image\" data-id=\"f7b1ebf\" data-element_type=\"widget\" data-e-type=\"widget\" data-widget_type=\"image.default\">\n\t\t\t\t<div class=\"elementor-widget-container\">\n\t\t\t\t\t\t\t\t\t\t\t\t\t\t\t<img fetchpriority=\"high\" decoding=\"async\" width=\"800\" height=\"601\" src=\"http:\/\/arqcodigital.com\/ppc\/wp-content\/uploads\/2022\/09\/parroquia-personal-castrense-catequesis-1024x769.jpg\" class=\"attachment-large size-large wp-image-4207\" alt=\"\" srcset=\"http:\/\/arqcodigital.com\/ppc\/wp-content\/uploads\/2022\/09\/parroquia-personal-castrense-catequesis-1024x769.jpg 1024w, http:\/\/arqcodigital.com\/ppc\/wp-content\/uploads\/2022\/09\/parroquia-personal-castrense-catequesis-300x225.jpg 300w, http:\/\/arqcodigital.com\/ppc\/wp-content\/uploads\/2022\/09\/parroquia-personal-castrense-catequesis-768x577.jpg 768w, http:\/\/arqcodigital.com\/ppc\/wp-content\/uploads\/2022\/09\/parroquia-personal-castrense-catequesis.jpg 1280w\" sizes=\"(max-width: 800px) 100vw, 800px\" \/>\t\t\t\t\t\t\t\t\t\t\t\t\t\t\t<\/div>\n\t\t\t\t<\/div>\n\t\t\t\t\t<\/div>\n\t\t<\/div>\n\t\t\t\t<div class=\"elementor-column elementor-col-50 elementor-top-column elementor-element elementor-element-c68b456\" data-id=\"c68b456\" data-element_type=\"column\" data-e-type=\"column\">\n\t\t\t<div class=\"elementor-widget-wrap elementor-element-populated\">\n\t\t\t\t\t\t<div class=\"elementor-element elementor-element-234d924 elementor-widget elementor-widget-text-editor\" data-id=\"234d924\" data-element_type=\"widget\" data-e-type=\"widget\" data-widget_type=\"text-editor.default\">\n\t\t\t\t<div class=\"elementor-widget-container\">\n\t\t\t\t\t\t\t\t\tEn esta Parroquia y Centro de Espiritualidad para la Familia Militar se dan clases de catequesis para la Primera comuni\u00f3n y Confirmaci\u00f3n, a ni\u00f1os(as) y j\u00f3venes de 8 a 15 a\u00f1os, las cuales se imparten el d\u00eda s\u00e1bado de 10:00 a 12:00 hrs.\t\t\t\t\t\t\t\t<\/div>\n\t\t\t\t<\/div>\n\t\t\t\t<div class=\"elementor-element elementor-element-e110dac elementor-widget elementor-widget-text-editor\" data-id=\"e110dac\" data-element_type=\"widget\" data-e-type=\"widget\" data-widget_type=\"text-editor.default\">\n\t\t\t\t<div class=\"elementor-widget-container\">\n\t\t\t\t\t\t\t\t\t<strong>Nuevos lineamientos:<\/strong><\/br>\nPor disposici\u00f3n del Sr. Cardenal y Arzobispo Primado de la Arquidi\u00f3cesis de M\u00e9xico, a partir de agosto del 2018, la edad m\u00ednima para recibir el Sacramento de la Eucarist\u00eda por primera vez es de 9 a\u00f1os y con dos a\u00f1os de preparaci\u00f3n.\t\t\t\t\t\t\t\t<\/div>\n\t\t\t\t<\/div>\n\t\t\t\t<div class=\"elementor-element elementor-element-5e26096 elementor-widget elementor-widget-text-editor\" data-id=\"5e26096\" data-element_type=\"widget\" data-e-type=\"widget\" data-widget_type=\"text-editor.default\">\n\t\t\t\t<div class=\"elementor-widget-container\">\n\t\t\t\t\t\t\t\t\tPara la Confirmaci\u00f3n, la edad m\u00ednima es de 12 a\u00f1os y tres a\u00f1os de preparaci\u00f3n.\t\t\t\t\t\t\t\t<\/div>\n\t\t\t\t<\/div>\n\t\t\t\t\t<\/div>\n\t\t<\/div>\n\t\t\t\t\t<\/div>\n\t\t<\/section>\n\t\t\t\t<section class=\"elementor-section elementor-top-section elementor-element elementor-element-67be56eb elementor-section-content-middle elementor-section-boxed elementor-section-height-default elementor-section-height-default\" data-id=\"67be56eb\" data-element_type=\"section\" data-e-type=\"section\">\n\t\t\t\t\t\t\t<div class=\"elementor-background-overlay\"><\/div>\n\t\t\t\t\t\t\t<div class=\"elementor-container elementor-column-gap-no\">\n\t\t\t\t\t<div class=\"elementor-column elementor-col-100 elementor-top-column elementor-element elementor-element-a762377\" data-id=\"a762377\" data-element_type=\"column\" data-e-type=\"column\">\n\t\t\t<div class=\"elementor-widget-wrap elementor-element-populated\">\n\t\t\t\t\t\t<div class=\"elementor-element elementor-element-6d3f94bb elementor-widget elementor-widget-icon-box\" data-id=\"6d3f94bb\" data-element_type=\"widget\" data-e-type=\"widget\" data-widget_type=\"icon-box.default\">\n\t\t\t\t<div class=\"elementor-widget-container\">\n\t\t\t\t\t\t\t<div class=\"elementor-icon-box-wrapper\">\n\n\t\t\t\n\t\t\t\t\t\t<div class=\"elementor-icon-box-content\">\n\n\t\t\t\t\n\t\t\t\t\t\t\t\t\t<p class=\"elementor-icon-box-description\">\n\t\t\t\t\t\tREQUISITOS DE VINCULACI\u00d3N:\t\t\t\t\t<\/p>\n\t\t\t\t\n\t\t\t<\/div>\n\t\t\t\n\t\t<\/div>\n\t\t\t\t\t\t<\/div>\n\t\t\t\t<\/div>\n\t\t\t\t<div class=\"elementor-element elementor-element-7d12fac2 elementor-widget elementor-widget-text-editor\" data-id=\"7d12fac2\" data-element_type=\"widget\" data-e-type=\"widget\" data-widget_type=\"text-editor.default\">\n\t\t\t\t<div class=\"elementor-widget-container\">\n\t\t\t\t\t\t\t\t\t<ol><li>Imprimir, completar y firmar la <strong>Solicitud de Vinculaci\u00f3n<\/strong> y el <strong>Reglamento Catequesis<\/strong> Cristo de la Paz 2023-2024 y entregarlos, junto con la documentaci\u00f3n del punto No. 2.<\/li><li><strong>Anexar los siguientes documentos:<\/strong> Originales y copia de Acta de Nacimiento, Acta de Bautismo, si ya ha recibido la Primera Comuni\u00f3n: Acta de Comuni\u00f3n, junto con 3 fotograf\u00edas tama\u00f1o infantil a color. Identificaci\u00f3n oficial de Pap\u00e1s (CIM si es militar), comprobante de domicilio y entregarlos en la Ayudant\u00eda de la Parroquia.<\/li><\/ol><p>M\u00c1S INFORMACI\u00d3N LA ENCUENTRA EN EL DOCUMENTO <strong>Reglamento Catequesis<\/strong> Cristo de la Paz 2023-2024<\/p>\t\t\t\t\t\t\t\t<\/div>\n\t\t\t\t<\/div>\n\t\t\t\t\t<\/div>\n\t\t<\/div>\n\t\t\t\t\t<\/div>\n\t\t<\/section>\n\t\t\t\t<\/div>\n\t\t","protected":false},"excerpt":{"rendered":"<p>Catequesis 2023 &#8211; 2024 PRIMERA COMUNI\u00d3N Y CONFIRMACI\u00d3N Esta circunscripci\u00f3n eclesi\u00e1stica, de car\u00e1cter personal, se encuentra vinculada can\u00f3nicamente a la Arquidi\u00f3cesis Primada de M\u00e9xico, en la que el Sr. Arzobispo Primado de M\u00e9xico, Cardenal Carlos Aguiar Retes, realiza el oficio capital por la Gracia de Dios y de la Santa Sede y ha delegado las [&hellip;]<\/p>\n","protected":false},"author":1,"featured_media":0,"parent":0,"menu_order":0,"comment_status":"closed","ping_status":"closed","template":"","meta":{"footnotes":""},"class_list":["post-1625","page","type-page","status-publish","hentry"],"yoast_head":"<!-- This site is optimized with the Yoast SEO plugin v25.6 - https:\/\/yoast.com\/wordpress\/plugins\/seo\/ -->\n<title>Formaci\u00f3n - Parroquia Personal Castrense<\/title>\n<meta name=\"robots\" content=\"index, follow, max-snippet:-1, max-image-preview:large, max-video-preview:-1\" \/>\n<link rel=\"canonical\" href=\"http:\/\/arqcodigital.com\/ppc\/formacion\/\" \/>\n<meta property=\"og:locale\" content=\"es_MX\" \/>\n<meta property=\"og:type\" content=\"article\" \/>\n<meta property=\"og:title\" content=\"Formaci\u00f3n - Parroquia Personal Castrense\" \/>\n<meta property=\"og:description\" content=\"Catequesis 2023 &#8211; 2024 PRIMERA COMUNI\u00d3N Y CONFIRMACI\u00d3N Esta circunscripci\u00f3n eclesi\u00e1stica, de car\u00e1cter personal, se encuentra vinculada can\u00f3nicamente a la Arquidi\u00f3cesis Primada de M\u00e9xico, en la que el Sr. Arzobispo Primado de M\u00e9xico, Cardenal Carlos Aguiar Retes, realiza el oficio capital por la Gracia de Dios y de la Santa Sede y ha delegado las [&hellip;]\" \/>\n<meta property=\"og:url\" content=\"http:\/\/arqcodigital.com\/ppc\/formacion\/\" \/>\n<meta property=\"og:site_name\" content=\"Parroquia Personal Castrense\" \/>\n<meta property=\"article:publisher\" content=\"https:\/\/www.facebook.com\/CapellaniaMilitarCDMX\" \/>\n<meta property=\"article:modified_time\" content=\"2023-10-20T03:57:38+00:00\" \/>\n<meta property=\"og:image\" content=\"http:\/\/arqcodigital.com\/ppc\/wp-content\/uploads\/2022\/09\/parroquia-personal-castrense-catequesis-1024x769.jpg\" \/>\n<meta name=\"twitter:card\" content=\"summary_large_image\" \/>\n<meta name=\"twitter:site\" content=\"@MxMilitar\" \/>\n<meta name=\"twitter:label1\" content=\"Tiempo de lectura\" \/>\n\t<meta name=\"twitter:data1\" content=\"2 minutos\" \/>\n<script type=\"application\/ld+json\" class=\"yoast-schema-graph\">{\"@context\":\"https:\/\/schema.org\",\"@graph\":[{\"@type\":\"WebPage\",\"@id\":\"http:\/\/arqcodigital.com\/ppc\/formacion\/\",\"url\":\"http:\/\/arqcodigital.com\/ppc\/formacion\/\",\"name\":\"Formaci\u00f3n - Parroquia Personal Castrense\",\"isPartOf\":{\"@id\":\"http:\/\/arqcodigital.com\/ppc\/#website\"},\"primaryImageOfPage\":{\"@id\":\"http:\/\/arqcodigital.com\/ppc\/formacion\/#primaryimage\"},\"image\":{\"@id\":\"http:\/\/arqcodigital.com\/ppc\/formacion\/#primaryimage\"},\"thumbnailUrl\":\"http:\/\/arqcodigital.com\/ppc\/wp-content\/uploads\/2022\/09\/parroquia-personal-castrense-catequesis-1024x769.jpg\",\"datePublished\":\"2020-12-23T02:35:06+00:00\",\"dateModified\":\"2023-10-20T03:57:38+00:00\",\"breadcrumb\":{\"@id\":\"http:\/\/arqcodigital.com\/ppc\/formacion\/#breadcrumb\"},\"inLanguage\":\"es\",\"potentialAction\":[{\"@type\":\"ReadAction\",\"target\":[\"http:\/\/arqcodigital.com\/ppc\/formacion\/\"]}]},{\"@type\":\"ImageObject\",\"inLanguage\":\"es\",\"@id\":\"http:\/\/arqcodigital.com\/ppc\/formacion\/#primaryimage\",\"url\":\"http:\/\/arqcodigital.com\/ppc\/wp-content\/uploads\/2022\/09\/parroquia-personal-castrense-catequesis.jpg\",\"contentUrl\":\"http:\/\/arqcodigital.com\/ppc\/wp-content\/uploads\/2022\/09\/parroquia-personal-castrense-catequesis.jpg\",\"width\":1280,\"height\":961},{\"@type\":\"BreadcrumbList\",\"@id\":\"http:\/\/arqcodigital.com\/ppc\/formacion\/#breadcrumb\",\"itemListElement\":[{\"@type\":\"ListItem\",\"position\":1,\"name\":\"Inicio\",\"item\":\"http:\/\/arqcodigital.com\/ppc\/\"},{\"@type\":\"ListItem\",\"position\":2,\"name\":\"Formaci\u00f3n\"}]},{\"@type\":\"WebSite\",\"@id\":\"http:\/\/arqcodigital.com\/ppc\/#website\",\"url\":\"http:\/\/arqcodigital.com\/ppc\/\",\"name\":\"Parroquia Personal Castrense\",\"description\":\"Cristo de la Paz\",\"publisher\":{\"@id\":\"http:\/\/arqcodigital.com\/ppc\/#organization\"},\"potentialAction\":[{\"@type\":\"SearchAction\",\"target\":{\"@type\":\"EntryPoint\",\"urlTemplate\":\"http:\/\/arqcodigital.com\/ppc\/?s={search_term_string}\"},\"query-input\":{\"@type\":\"PropertyValueSpecification\",\"valueRequired\":true,\"valueName\":\"search_term_string\"}}],\"inLanguage\":\"es\"},{\"@type\":\"Organization\",\"@id\":\"http:\/\/arqcodigital.com\/ppc\/#organization\",\"name\":\"Parroquia Personal Castrense\",\"url\":\"http:\/\/arqcodigital.com\/ppc\/\",\"logo\":{\"@type\":\"ImageObject\",\"inLanguage\":\"es\",\"@id\":\"http:\/\/arqcodigital.com\/ppc\/#\/schema\/logo\/image\/\",\"url\":\"http:\/\/arqcodigital.com\/ppc\/wp-content\/uploads\/2023\/02\/logo-ppc.jpg\",\"contentUrl\":\"http:\/\/arqcodigital.com\/ppc\/wp-content\/uploads\/2023\/02\/logo-ppc.jpg\",\"width\":993,\"height\":340,\"caption\":\"Parroquia Personal Castrense\"},\"image\":{\"@id\":\"http:\/\/arqcodigital.com\/ppc\/#\/schema\/logo\/image\/\"},\"sameAs\":[\"https:\/\/www.facebook.com\/CapellaniaMilitarCDMX\",\"https:\/\/x.com\/MxMilitar\",\"https:\/\/www.instagram.com\/capellaniamilitar\/\",\"https:\/\/www.youtube.com\/channel\/UCx6MFG76NU6wZ9KCMfb3-5A\"]}]}<\/script>\n<!-- \/ Yoast SEO plugin. -->","yoast_head_json":{"title":"Formaci\u00f3n - Parroquia Personal Castrense","robots":{"index":"index","follow":"follow","max-snippet":"max-snippet:-1","max-image-preview":"max-image-preview:large","max-video-preview":"max-video-preview:-1"},"canonical":"http:\/\/arqcodigital.com\/ppc\/formacion\/","og_locale":"es_MX","og_type":"article","og_title":"Formaci\u00f3n - Parroquia Personal Castrense","og_description":"Catequesis 2023 &#8211; 2024 PRIMERA COMUNI\u00d3N Y CONFIRMACI\u00d3N Esta circunscripci\u00f3n eclesi\u00e1stica, de car\u00e1cter personal, se encuentra vinculada can\u00f3nicamente a la Arquidi\u00f3cesis Primada de M\u00e9xico, en la que el Sr. Arzobispo Primado de M\u00e9xico, Cardenal Carlos Aguiar Retes, realiza el oficio capital por la Gracia de Dios y de la Santa Sede y ha delegado las [&hellip;]","og_url":"http:\/\/arqcodigital.com\/ppc\/formacion\/","og_site_name":"Parroquia Personal Castrense","article_publisher":"https:\/\/www.facebook.com\/CapellaniaMilitarCDMX","article_modified_time":"2023-10-20T03:57:38+00:00","og_image":[{"url":"http:\/\/arqcodigital.com\/ppc\/wp-content\/uploads\/2022\/09\/parroquia-personal-castrense-catequesis-1024x769.jpg","type":"","width":"","height":""}],"twitter_card":"summary_large_image","twitter_site":"@MxMilitar","twitter_misc":{"Tiempo de lectura":"2 minutos"},"schema":{"@context":"https:\/\/schema.org","@graph":[{"@type":"WebPage","@id":"http:\/\/arqcodigital.com\/ppc\/formacion\/","url":"http:\/\/arqcodigital.com\/ppc\/formacion\/","name":"Formaci\u00f3n - Parroquia Personal Castrense","isPartOf":{"@id":"http:\/\/arqcodigital.com\/ppc\/#website"},"primaryImageOfPage":{"@id":"http:\/\/arqcodigital.com\/ppc\/formacion\/#primaryimage"},"image":{"@id":"http:\/\/arqcodigital.com\/ppc\/formacion\/#primaryimage"},"thumbnailUrl":"http:\/\/arqcodigital.com\/ppc\/wp-content\/uploads\/2022\/09\/parroquia-personal-castrense-catequesis-1024x769.jpg","datePublished":"2020-12-23T02:35:06+00:00","dateModified":"2023-10-20T03:57:38+00:00","breadcrumb":{"@id":"http:\/\/arqcodigital.com\/ppc\/formacion\/#breadcrumb"},"inLanguage":"es","potentialAction":[{"@type":"ReadAction","target":["http:\/\/arqcodigital.com\/ppc\/formacion\/"]}]},{"@type":"ImageObject","inLanguage":"es","@id":"http:\/\/arqcodigital.com\/ppc\/formacion\/#primaryimage","url":"http:\/\/arqcodigital.com\/ppc\/wp-content\/uploads\/2022\/09\/parroquia-personal-castrense-catequesis.jpg","contentUrl":"http:\/\/arqcodigital.com\/ppc\/wp-content\/uploads\/2022\/09\/parroquia-personal-castrense-catequesis.jpg","width":1280,"height":961},{"@type":"BreadcrumbList","@id":"http:\/\/arqcodigital.com\/ppc\/formacion\/#breadcrumb","itemListElement":[{"@type":"ListItem","position":1,"name":"Inicio","item":"http:\/\/arqcodigital.com\/ppc\/"},{"@type":"ListItem","position":2,"name":"Formaci\u00f3n"}]},{"@type":"WebSite","@id":"http:\/\/arqcodigital.com\/ppc\/#website","url":"http:\/\/arqcodigital.com\/ppc\/","name":"Parroquia Personal Castrense","description":"Cristo de la Paz","publisher":{"@id":"http:\/\/arqcodigital.com\/ppc\/#organization"},"potentialAction":[{"@type":"SearchAction","target":{"@type":"EntryPoint","urlTemplate":"http:\/\/arqcodigital.com\/ppc\/?s={search_term_string}"},"query-input":{"@type":"PropertyValueSpecification","valueRequired":true,"valueName":"search_term_string"}}],"inLanguage":"es"},{"@type":"Organization","@id":"http:\/\/arqcodigital.com\/ppc\/#organization","name":"Parroquia Personal Castrense","url":"http:\/\/arqcodigital.com\/ppc\/","logo":{"@type":"ImageObject","inLanguage":"es","@id":"http:\/\/arqcodigital.com\/ppc\/#\/schema\/logo\/image\/","url":"http:\/\/arqcodigital.com\/ppc\/wp-content\/uploads\/2023\/02\/logo-ppc.jpg","contentUrl":"http:\/\/arqcodigital.com\/ppc\/wp-content\/uploads\/2023\/02\/logo-ppc.jpg","width":993,"height":340,"caption":"Parroquia Personal Castrense"},"image":{"@id":"http:\/\/arqcodigital.com\/ppc\/#\/schema\/logo\/image\/"},"sameAs":["https:\/\/www.facebook.com\/CapellaniaMilitarCDMX","https:\/\/x.com\/MxMilitar","https:\/\/www.instagram.com\/capellaniamilitar\/","https:\/\/www.youtube.com\/channel\/UCx6MFG76NU6wZ9KCMfb3-5A"]}]}},"_links":{"self":[{"href":"http:\/\/arqcodigital.com\/ppc\/wp-json\/wp\/v2\/pages\/1625"}],"collection":[{"href":"http:\/\/arqcodigital.com\/ppc\/wp-json\/wp\/v2\/pages"}],"about":[{"href":"http:\/\/arqcodigital.com\/ppc\/wp-json\/wp\/v2\/types\/page"}],"author":[{"embeddable":true,"href":"http:\/\/arqcodigital.com\/ppc\/wp-json\/wp\/v2\/users\/1"}],"replies":[{"embeddable":true,"href":"http:\/\/arqcodigital.com\/ppc\/wp-json\/wp\/v2\/comments?post=1625"}],"version-history":[{"count":45,"href":"http:\/\/arqcodigital.com\/ppc\/wp-json\/wp\/v2\/pages\/1625\/revisions"}],"predecessor-version":[{"id":5724,"href":"http:\/\/arqcodigital.com\/ppc\/wp-json\/wp\/v2\/pages\/1625\/revisions\/5724"}],"wp:attachment":[{"href":"http:\/\/arqcodigital.com\/ppc\/wp-json\/wp\/v2\/media?parent=1625"}],"curies":[{"name":"wp","href":"https:\/\/api.w.org\/{rel}","templated":true}]}}