{"id":1633,"date":"2020-12-23T02:40:35","date_gmt":"2020-12-23T02:40:35","guid":{"rendered":"http:\/\/arqcodigital.com\/ppc\/?page_id=1633"},"modified":"2023-10-20T17:07:13","modified_gmt":"2023-10-20T17:07:13","slug":"espiritualidad-militar","status":"publish","type":"page","link":"http:\/\/arqcodigital.com\/ppc\/espiritualidad-militar\/","title":{"rendered":"Espiritualidad Militar"},"content":{"rendered":"\t\t<div data-elementor-type=\"wp-page\" data-elementor-id=\"1633\" class=\"elementor elementor-1633\" data-elementor-post-type=\"page\">\n\t\t\t\t\t\t<section class=\"elementor-section elementor-top-section elementor-element elementor-element-096c17e elementor-section-boxed elementor-section-height-default elementor-section-height-default\" data-id=\"096c17e\" data-element_type=\"section\" data-e-type=\"section\">\n\t\t\t\t\t\t<div class=\"elementor-container elementor-column-gap-default\">\n\t\t\t\t\t<div class=\"elementor-column elementor-col-50 elementor-top-column elementor-element elementor-element-a6c8b3c\" data-id=\"a6c8b3c\" data-element_type=\"column\" data-e-type=\"column\">\n\t\t\t<div class=\"elementor-widget-wrap elementor-element-populated\">\n\t\t\t\t\t\t<div class=\"elementor-element elementor-element-c6d55ec elementor-widget elementor-widget-image\" data-id=\"c6d55ec\" data-element_type=\"widget\" data-e-type=\"widget\" data-widget_type=\"image.default\">\n\t\t\t\t<div class=\"elementor-widget-container\">\n\t\t\t\t\t\t\t\t\t\t\t\t\t\t\t<img fetchpriority=\"high\" decoding=\"async\" width=\"800\" height=\"500\" src=\"http:\/\/arqcodigital.com\/ppc\/wp-content\/uploads\/2023\/04\/parroquia-personal-castrense-solemne-vigilia-pascual-en-la-vispera-del-domingo-de-pascua-de-resurreccion.jpg\" class=\"attachment-large size-large wp-image-5124\" alt=\"parroquia-personal-castrense-solemne-vigilia-pascual-en-la-vispera-del-domingo-de-pascua-de-resurreccion\" srcset=\"http:\/\/arqcodigital.com\/ppc\/wp-content\/uploads\/2023\/04\/parroquia-personal-castrense-solemne-vigilia-pascual-en-la-vispera-del-domingo-de-pascua-de-resurreccion.jpg 800w, http:\/\/arqcodigital.com\/ppc\/wp-content\/uploads\/2023\/04\/parroquia-personal-castrense-solemne-vigilia-pascual-en-la-vispera-del-domingo-de-pascua-de-resurreccion-300x188.jpg 300w, http:\/\/arqcodigital.com\/ppc\/wp-content\/uploads\/2023\/04\/parroquia-personal-castrense-solemne-vigilia-pascual-en-la-vispera-del-domingo-de-pascua-de-resurreccion-768x480.jpg 768w\" sizes=\"(max-width: 800px) 100vw, 800px\" \/>\t\t\t\t\t\t\t\t\t\t\t\t\t\t\t<\/div>\n\t\t\t\t<\/div>\n\t\t\t\t\t<\/div>\n\t\t<\/div>\n\t\t\t\t<div class=\"elementor-column elementor-col-50 elementor-top-column elementor-element elementor-element-c9ed08b\" data-id=\"c9ed08b\" data-element_type=\"column\" data-e-type=\"column\">\n\t\t\t<div class=\"elementor-widget-wrap elementor-element-populated\">\n\t\t\t\t\t\t<div class=\"elementor-element elementor-element-6241f49 elementor-widget elementor-widget-text-editor\" data-id=\"6241f49\" data-element_type=\"widget\" data-e-type=\"widget\" data-widget_type=\"text-editor.default\">\n\t\t\t\t<div class=\"elementor-widget-container\">\n\t\t\t\t\t\t\t\t\tEspiritualidad Militar\t\t\t\t\t\t\t\t<\/div>\n\t\t\t\t<\/div>\n\t\t\t\t<div class=\"elementor-element elementor-element-773eb66 elementor-widget elementor-widget-text-editor\" data-id=\"773eb66\" data-element_type=\"widget\" data-e-type=\"widget\" data-widget_type=\"text-editor.default\">\n\t\t\t\t<div class=\"elementor-widget-container\">\n\t\t\t\t\t\t\t\t\t<p>\u201cLa asistencia espiritual de los militares es algo que la Iglesia ha querido cuidar siempre con extraordinaria solicitud seg\u00fan las diversas circunstancias. Ciertamente \u00e9ste constituye un determinado grupo social \u201cpor las condiciones peculiares de su vida\u201d, bien porque forman parte de las Fuerzas Armadas de forma voluntaria y estable, bien porque son llamados a ellas por ley para un tiempo determinado, necesitan una concreta y espec\u00edfica forma de asistencia espiritual\u201d\u2026 (Constituci\u00f3n Apost\u00f3lica Spirituali militum curae, del Sumo Pont\u00edfice Juan Pablo II, sobre la asistencia espiritual a los militares).<\/p>\t\t\t\t\t\t\t\t<\/div>\n\t\t\t\t<\/div>\n\t\t\t\t\t<\/div>\n\t\t<\/div>\n\t\t\t\t\t<\/div>\n\t\t<\/section>\n\t\t\t\t<section class=\"elementor-section elementor-top-section elementor-element elementor-element-1ed6e579 elementor-section-content-middle elementor-section-boxed elementor-section-height-default elementor-section-height-default\" data-id=\"1ed6e579\" data-element_type=\"section\" data-e-type=\"section\" data-settings=\"{&quot;background_background&quot;:&quot;classic&quot;}\">\n\t\t\t\t\t\t\t<div class=\"elementor-background-overlay\"><\/div>\n\t\t\t\t\t\t\t<div class=\"elementor-container elementor-column-gap-no\">\n\t\t\t\t\t<div class=\"elementor-column elementor-col-100 elementor-top-column elementor-element elementor-element-3504e2fb\" data-id=\"3504e2fb\" data-element_type=\"column\" data-e-type=\"column\">\n\t\t\t<div class=\"elementor-widget-wrap elementor-element-populated\">\n\t\t\t\t\t\t<div class=\"elementor-element elementor-element-224d6490 elementor-widget elementor-widget-heading\" data-id=\"224d6490\" data-element_type=\"widget\" data-e-type=\"widget\" data-widget_type=\"heading.default\">\n\t\t\t\t<div class=\"elementor-widget-container\">\n\t\t\t\t\t<h4 class=\"elementor-heading-title elementor-size-default\">Mensaje Pastoral<\/h4>\t\t\t\t<\/div>\n\t\t\t\t<\/div>\n\t\t\t\t<div class=\"elementor-element elementor-element-99d396f elementor-widget elementor-widget-heading\" data-id=\"99d396f\" data-element_type=\"widget\" data-e-type=\"widget\" data-widget_type=\"heading.default\">\n\t\t\t\t<div class=\"elementor-widget-container\">\n\t\t\t\t\t<h5 class=\"elementor-heading-title elementor-size-default\">Emmo, Sr. Cardenal Carlos Aguiar Retes.\n<\/br>\nArzobispo Primado de M\u00e9xico.<\/h5>\t\t\t\t<\/div>\n\t\t\t\t<\/div>\n\t\t\t\t\t<\/div>\n\t\t<\/div>\n\t\t\t\t\t<\/div>\n\t\t<\/section>\n\t\t\t\t<section class=\"elementor-section elementor-top-section elementor-element elementor-element-3f3fd9c elementor-section-boxed elementor-section-height-default elementor-section-height-default\" data-id=\"3f3fd9c\" data-element_type=\"section\" data-e-type=\"section\">\n\t\t\t\t\t\t<div class=\"elementor-container elementor-column-gap-default\">\n\t\t\t\t\t<div class=\"elementor-column elementor-col-50 elementor-top-column elementor-element elementor-element-1089727\" data-id=\"1089727\" data-element_type=\"column\" data-e-type=\"column\">\n\t\t\t<div class=\"elementor-widget-wrap elementor-element-populated\">\n\t\t\t\t\t\t<div class=\"elementor-element elementor-element-034eec4 elementor-widget elementor-widget-text-editor\" data-id=\"034eec4\" data-element_type=\"widget\" data-e-type=\"widget\" data-widget_type=\"text-editor.default\">\n\t\t\t\t<div class=\"elementor-widget-container\">\n\t\t\t\t\t\t\t\t\t\u00a1Que la Esperanza que siempre nos lleva a la vida siempre los acompa\u00f1e!\t\t\t\t\t\t\t\t<\/div>\n\t\t\t\t<\/div>\n\t\t\t\t<div class=\"elementor-element elementor-element-453ce9e elementor-widget elementor-widget-text-editor\" data-id=\"453ce9e\" data-element_type=\"widget\" data-e-type=\"widget\" data-widget_type=\"text-editor.default\">\n\t\t\t\t<div class=\"elementor-widget-container\">\n\t\t\t\t\t\t\t\t\t<p><strong>Queridos Soldados:<\/strong> \u00a1sean hombres y mujeres de Paz! Dijo el Papa San Juan Pablo II con energ\u00eda en el Jubileo de las fuerzas armadas antes de despedirse de los militares que se reunieron en la Plaza de San Pedro del Vaticano para celebrar su jornada Jubilar Entre la lluvia persistente que no le quit\u00f3 brillo a la fiesta se reunieron m\u00e1s de 100,000 militares y polic\u00edas acompa\u00f1ados por sus familias, representando a m\u00e1s de 49 pa\u00edses de todos los continentes.<br \/><br \/>La trompeta anunci\u00f3 los momentos lit\u00fargicos m\u00e1s importantes, ha sido una de las maniobras m\u00e1s representantes de la historia.<br \/><br \/>El Arzobispo Castrense de Espa\u00f1a Dn. Jos\u00e9 Manuel Estepa Llaurens les dijo a los participantes del Jubileo: los militares y polic\u00edas necesitan la luz de Dios para poder cumplir con la tarea que les conf\u00eda la sociedad y el Estado: defender la seguridad del propio pueblo y defender la paz entre las naciones, salvaguardando al mismo tiempo el orden, y la convivencia entre los ciudadanos.<br \/><br \/>Para ofrecer una visi\u00f3n cristiana del papel de las fuerzas del orden y seguridad el Papa explic\u00f3 que la paz es un derecho fundamental de todo hombre que ha de ser promovido continuamente. Este derecho comparta de todo hombre que ha de ser promovido continuamente. Este derecho comporta iniciativas concretas para desarmar al agresor. \u201cinjerencia humanitaria\u201d y que se est\u00e1 convirtiendo en uno de los compromisos principales de los ej\u00e9rcitos del mundo.<br \/><br \/>Al final Karol Wojtyla cuyo padre era militar de carrera del ej\u00e9rcito austro-h\u00fangaro reconoci\u00f3: no es f\u00e1cil ser familiar de un militar, pues es necesario tambi\u00e9n compartir las molestias que comporta su misi\u00f3n.<br \/><br \/>Este manual que la Pastoral de las Fuerzas Armadas en la Arquidi\u00f3cesis de M\u00e9xico ha preparado quiere ser un instrumento de esperanza para aquellos que en su momento lo necesiten.<br \/><br \/>Con mi Bendici\u00f3n para ustedes y sus familias.<br \/><br \/><strong>Dedicatoria:<\/strong><br \/><br \/>\u201cEn las Fuerzas Armadas de M\u00e9xico, hay muchos hombres y mujeres en uniforme, llenos de la fe en Jes\u00fas que aman la verdad, que quieren promover la paz y que se comprometen como verdaderos disc\u00edpulos de Cristo\u201d<br \/><br \/><strong>Emmo, Sr. Cardenal Carlos Aguiar Retes.<\/strong><br \/><strong>Arzobispo Primado de M\u00e9xico.<\/strong><\/p>\t\t\t\t\t\t\t\t<\/div>\n\t\t\t\t<\/div>\n\t\t\t\t\t<\/div>\n\t\t<\/div>\n\t\t\t\t<div class=\"elementor-column elementor-col-50 elementor-top-column elementor-element elementor-element-194ed97\" data-id=\"194ed97\" data-element_type=\"column\" data-e-type=\"column\">\n\t\t\t<div class=\"elementor-widget-wrap elementor-element-populated\">\n\t\t\t\t\t\t<div class=\"elementor-element elementor-element-015a5b5 elementor-widget elementor-widget-image\" data-id=\"015a5b5\" data-element_type=\"widget\" data-e-type=\"widget\" data-widget_type=\"image.default\">\n\t\t\t\t<div class=\"elementor-widget-container\">\n\t\t\t\t\t\t\t\t\t\t\t\t\t\t\t<img decoding=\"async\" width=\"523\" height=\"619\" src=\"http:\/\/arqcodigital.com\/ppc\/wp-content\/uploads\/2023\/04\/parroquia-personal-castrense-50-aniversario-de-ordenacion-sacerdotal-emmo-sr-cardenal-don-carlos-aguiar-retes-completa.jpg\" class=\"attachment-large size-large wp-image-5196\" alt=\"\" srcset=\"http:\/\/arqcodigital.com\/ppc\/wp-content\/uploads\/2023\/04\/parroquia-personal-castrense-50-aniversario-de-ordenacion-sacerdotal-emmo-sr-cardenal-don-carlos-aguiar-retes-completa.jpg 523w, http:\/\/arqcodigital.com\/ppc\/wp-content\/uploads\/2023\/04\/parroquia-personal-castrense-50-aniversario-de-ordenacion-sacerdotal-emmo-sr-cardenal-don-carlos-aguiar-retes-completa-253x300.jpg 253w\" sizes=\"(max-width: 523px) 100vw, 523px\" \/>\t\t\t\t\t\t\t\t\t\t\t\t\t\t\t<\/div>\n\t\t\t\t<\/div>\n\t\t\t\t\t<\/div>\n\t\t<\/div>\n\t\t\t\t\t<\/div>\n\t\t<\/section>\n\t\t\t\t<\/div>\n\t\t","protected":false},"excerpt":{"rendered":"<p>Espiritualidad Militar \u201cLa asistencia espiritual de los militares es algo que la Iglesia ha querido cuidar siempre con extraordinaria solicitud seg\u00fan las diversas circunstancias. Ciertamente \u00e9ste constituye un determinado grupo social \u201cpor las condiciones peculiares de su vida\u201d, bien porque forman parte de las Fuerzas Armadas de forma voluntaria y estable, bien porque son llamados [&hellip;]<\/p>\n","protected":false},"author":1,"featured_media":0,"parent":0,"menu_order":0,"comment_status":"closed","ping_status":"closed","template":"","meta":{"footnotes":""},"class_list":["post-1633","page","type-page","status-publish","hentry"],"yoast_head":"<!-- This site is optimized with the Yoast SEO plugin v25.6 - https:\/\/yoast.com\/wordpress\/plugins\/seo\/ -->\n<title>Espiritualidad Militar - Parroquia Personal Castrense<\/title>\n<meta name=\"robots\" content=\"index, follow, max-snippet:-1, max-image-preview:large, max-video-preview:-1\" \/>\n<link rel=\"canonical\" href=\"http:\/\/arqcodigital.com\/ppc\/espiritualidad-militar\/\" \/>\n<meta property=\"og:locale\" content=\"es_MX\" \/>\n<meta property=\"og:type\" content=\"article\" \/>\n<meta property=\"og:title\" content=\"Espiritualidad Militar - Parroquia Personal Castrense\" \/>\n<meta property=\"og:description\" content=\"Espiritualidad Militar \u201cLa asistencia espiritual de los militares es algo que la Iglesia ha querido cuidar siempre con extraordinaria solicitud seg\u00fan las diversas circunstancias. Ciertamente \u00e9ste constituye un determinado grupo social \u201cpor las condiciones peculiares de su vida\u201d, bien porque forman parte de las Fuerzas Armadas de forma voluntaria y estable, bien porque son llamados [&hellip;]\" \/>\n<meta property=\"og:url\" content=\"http:\/\/arqcodigital.com\/ppc\/espiritualidad-militar\/\" \/>\n<meta property=\"og:site_name\" content=\"Parroquia Personal Castrense\" \/>\n<meta property=\"article:publisher\" content=\"https:\/\/www.facebook.com\/CapellaniaMilitarCDMX\" \/>\n<meta property=\"article:modified_time\" content=\"2023-10-20T17:07:13+00:00\" \/>\n<meta property=\"og:image\" content=\"http:\/\/arqcodigital.com\/ppc\/wp-content\/uploads\/2023\/04\/parroquia-personal-castrense-solemne-vigilia-pascual-en-la-vispera-del-domingo-de-pascua-de-resurreccion.jpg\" \/>\n<meta name=\"twitter:card\" content=\"summary_large_image\" \/>\n<meta name=\"twitter:site\" content=\"@MxMilitar\" \/>\n<meta name=\"twitter:label1\" content=\"Tiempo de lectura\" \/>\n\t<meta name=\"twitter:data1\" content=\"3 minutos\" \/>\n<script type=\"application\/ld+json\" class=\"yoast-schema-graph\">{\"@context\":\"https:\/\/schema.org\",\"@graph\":[{\"@type\":\"WebPage\",\"@id\":\"http:\/\/arqcodigital.com\/ppc\/espiritualidad-militar\/\",\"url\":\"http:\/\/arqcodigital.com\/ppc\/espiritualidad-militar\/\",\"name\":\"Espiritualidad Militar - Parroquia Personal Castrense\",\"isPartOf\":{\"@id\":\"http:\/\/arqcodigital.com\/ppc\/#website\"},\"primaryImageOfPage\":{\"@id\":\"http:\/\/arqcodigital.com\/ppc\/espiritualidad-militar\/#primaryimage\"},\"image\":{\"@id\":\"http:\/\/arqcodigital.com\/ppc\/espiritualidad-militar\/#primaryimage\"},\"thumbnailUrl\":\"http:\/\/arqcodigital.com\/ppc\/wp-content\/uploads\/2023\/04\/parroquia-personal-castrense-solemne-vigilia-pascual-en-la-vispera-del-domingo-de-pascua-de-resurreccion.jpg\",\"datePublished\":\"2020-12-23T02:40:35+00:00\",\"dateModified\":\"2023-10-20T17:07:13+00:00\",\"breadcrumb\":{\"@id\":\"http:\/\/arqcodigital.com\/ppc\/espiritualidad-militar\/#breadcrumb\"},\"inLanguage\":\"es\",\"potentialAction\":[{\"@type\":\"ReadAction\",\"target\":[\"http:\/\/arqcodigital.com\/ppc\/espiritualidad-militar\/\"]}]},{\"@type\":\"ImageObject\",\"inLanguage\":\"es\",\"@id\":\"http:\/\/arqcodigital.com\/ppc\/espiritualidad-militar\/#primaryimage\",\"url\":\"http:\/\/arqcodigital.com\/ppc\/wp-content\/uploads\/2023\/04\/parroquia-personal-castrense-solemne-vigilia-pascual-en-la-vispera-del-domingo-de-pascua-de-resurreccion.jpg\",\"contentUrl\":\"http:\/\/arqcodigital.com\/ppc\/wp-content\/uploads\/2023\/04\/parroquia-personal-castrense-solemne-vigilia-pascual-en-la-vispera-del-domingo-de-pascua-de-resurreccion.jpg\",\"width\":800,\"height\":500,\"caption\":\"parroquia-personal-castrense-solemne-vigilia-pascual-en-la-vispera-del-domingo-de-pascua-de-resurreccion\"},{\"@type\":\"BreadcrumbList\",\"@id\":\"http:\/\/arqcodigital.com\/ppc\/espiritualidad-militar\/#breadcrumb\",\"itemListElement\":[{\"@type\":\"ListItem\",\"position\":1,\"name\":\"Inicio\",\"item\":\"http:\/\/arqcodigital.com\/ppc\/\"},{\"@type\":\"ListItem\",\"position\":2,\"name\":\"Espiritualidad Militar\"}]},{\"@type\":\"WebSite\",\"@id\":\"http:\/\/arqcodigital.com\/ppc\/#website\",\"url\":\"http:\/\/arqcodigital.com\/ppc\/\",\"name\":\"Parroquia Personal Castrense\",\"description\":\"Cristo de la Paz\",\"publisher\":{\"@id\":\"http:\/\/arqcodigital.com\/ppc\/#organization\"},\"potentialAction\":[{\"@type\":\"SearchAction\",\"target\":{\"@type\":\"EntryPoint\",\"urlTemplate\":\"http:\/\/arqcodigital.com\/ppc\/?s={search_term_string}\"},\"query-input\":{\"@type\":\"PropertyValueSpecification\",\"valueRequired\":true,\"valueName\":\"search_term_string\"}}],\"inLanguage\":\"es\"},{\"@type\":\"Organization\",\"@id\":\"http:\/\/arqcodigital.com\/ppc\/#organization\",\"name\":\"Parroquia Personal Castrense\",\"url\":\"http:\/\/arqcodigital.com\/ppc\/\",\"logo\":{\"@type\":\"ImageObject\",\"inLanguage\":\"es\",\"@id\":\"http:\/\/arqcodigital.com\/ppc\/#\/schema\/logo\/image\/\",\"url\":\"http:\/\/arqcodigital.com\/ppc\/wp-content\/uploads\/2023\/02\/logo-ppc.jpg\",\"contentUrl\":\"http:\/\/arqcodigital.com\/ppc\/wp-content\/uploads\/2023\/02\/logo-ppc.jpg\",\"width\":993,\"height\":340,\"caption\":\"Parroquia Personal Castrense\"},\"image\":{\"@id\":\"http:\/\/arqcodigital.com\/ppc\/#\/schema\/logo\/image\/\"},\"sameAs\":[\"https:\/\/www.facebook.com\/CapellaniaMilitarCDMX\",\"https:\/\/x.com\/MxMilitar\",\"https:\/\/www.instagram.com\/capellaniamilitar\/\",\"https:\/\/www.youtube.com\/channel\/UCx6MFG76NU6wZ9KCMfb3-5A\"]}]}<\/script>\n<!-- \/ Yoast SEO plugin. -->","yoast_head_json":{"title":"Espiritualidad Militar - Parroquia Personal Castrense","robots":{"index":"index","follow":"follow","max-snippet":"max-snippet:-1","max-image-preview":"max-image-preview:large","max-video-preview":"max-video-preview:-1"},"canonical":"http:\/\/arqcodigital.com\/ppc\/espiritualidad-militar\/","og_locale":"es_MX","og_type":"article","og_title":"Espiritualidad Militar - Parroquia Personal Castrense","og_description":"Espiritualidad Militar \u201cLa asistencia espiritual de los militares es algo que la Iglesia ha querido cuidar siempre con extraordinaria solicitud seg\u00fan las diversas circunstancias. Ciertamente \u00e9ste constituye un determinado grupo social \u201cpor las condiciones peculiares de su vida\u201d, bien porque forman parte de las Fuerzas Armadas de forma voluntaria y estable, bien porque son llamados [&hellip;]","og_url":"http:\/\/arqcodigital.com\/ppc\/espiritualidad-militar\/","og_site_name":"Parroquia Personal Castrense","article_publisher":"https:\/\/www.facebook.com\/CapellaniaMilitarCDMX","article_modified_time":"2023-10-20T17:07:13+00:00","og_image":[{"url":"http:\/\/arqcodigital.com\/ppc\/wp-content\/uploads\/2023\/04\/parroquia-personal-castrense-solemne-vigilia-pascual-en-la-vispera-del-domingo-de-pascua-de-resurreccion.jpg","type":"","width":"","height":""}],"twitter_card":"summary_large_image","twitter_site":"@MxMilitar","twitter_misc":{"Tiempo de lectura":"3 minutos"},"schema":{"@context":"https:\/\/schema.org","@graph":[{"@type":"WebPage","@id":"http:\/\/arqcodigital.com\/ppc\/espiritualidad-militar\/","url":"http:\/\/arqcodigital.com\/ppc\/espiritualidad-militar\/","name":"Espiritualidad Militar - Parroquia Personal Castrense","isPartOf":{"@id":"http:\/\/arqcodigital.com\/ppc\/#website"},"primaryImageOfPage":{"@id":"http:\/\/arqcodigital.com\/ppc\/espiritualidad-militar\/#primaryimage"},"image":{"@id":"http:\/\/arqcodigital.com\/ppc\/espiritualidad-militar\/#primaryimage"},"thumbnailUrl":"http:\/\/arqcodigital.com\/ppc\/wp-content\/uploads\/2023\/04\/parroquia-personal-castrense-solemne-vigilia-pascual-en-la-vispera-del-domingo-de-pascua-de-resurreccion.jpg","datePublished":"2020-12-23T02:40:35+00:00","dateModified":"2023-10-20T17:07:13+00:00","breadcrumb":{"@id":"http:\/\/arqcodigital.com\/ppc\/espiritualidad-militar\/#breadcrumb"},"inLanguage":"es","potentialAction":[{"@type":"ReadAction","target":["http:\/\/arqcodigital.com\/ppc\/espiritualidad-militar\/"]}]},{"@type":"ImageObject","inLanguage":"es","@id":"http:\/\/arqcodigital.com\/ppc\/espiritualidad-militar\/#primaryimage","url":"http:\/\/arqcodigital.com\/ppc\/wp-content\/uploads\/2023\/04\/parroquia-personal-castrense-solemne-vigilia-pascual-en-la-vispera-del-domingo-de-pascua-de-resurreccion.jpg","contentUrl":"http:\/\/arqcodigital.com\/ppc\/wp-content\/uploads\/2023\/04\/parroquia-personal-castrense-solemne-vigilia-pascual-en-la-vispera-del-domingo-de-pascua-de-resurreccion.jpg","width":800,"height":500,"caption":"parroquia-personal-castrense-solemne-vigilia-pascual-en-la-vispera-del-domingo-de-pascua-de-resurreccion"},{"@type":"BreadcrumbList","@id":"http:\/\/arqcodigital.com\/ppc\/espiritualidad-militar\/#breadcrumb","itemListElement":[{"@type":"ListItem","position":1,"name":"Inicio","item":"http:\/\/arqcodigital.com\/ppc\/"},{"@type":"ListItem","position":2,"name":"Espiritualidad Militar"}]},{"@type":"WebSite","@id":"http:\/\/arqcodigital.com\/ppc\/#website","url":"http:\/\/arqcodigital.com\/ppc\/","name":"Parroquia Personal Castrense","description":"Cristo de la Paz","publisher":{"@id":"http:\/\/arqcodigital.com\/ppc\/#organization"},"potentialAction":[{"@type":"SearchAction","target":{"@type":"EntryPoint","urlTemplate":"http:\/\/arqcodigital.com\/ppc\/?s={search_term_string}"},"query-input":{"@type":"PropertyValueSpecification","valueRequired":true,"valueName":"search_term_string"}}],"inLanguage":"es"},{"@type":"Organization","@id":"http:\/\/arqcodigital.com\/ppc\/#organization","name":"Parroquia Personal Castrense","url":"http:\/\/arqcodigital.com\/ppc\/","logo":{"@type":"ImageObject","inLanguage":"es","@id":"http:\/\/arqcodigital.com\/ppc\/#\/schema\/logo\/image\/","url":"http:\/\/arqcodigital.com\/ppc\/wp-content\/uploads\/2023\/02\/logo-ppc.jpg","contentUrl":"http:\/\/arqcodigital.com\/ppc\/wp-content\/uploads\/2023\/02\/logo-ppc.jpg","width":993,"height":340,"caption":"Parroquia Personal Castrense"},"image":{"@id":"http:\/\/arqcodigital.com\/ppc\/#\/schema\/logo\/image\/"},"sameAs":["https:\/\/www.facebook.com\/CapellaniaMilitarCDMX","https:\/\/x.com\/MxMilitar","https:\/\/www.instagram.com\/capellaniamilitar\/","https:\/\/www.youtube.com\/channel\/UCx6MFG76NU6wZ9KCMfb3-5A"]}]}},"_links":{"self":[{"href":"http:\/\/arqcodigital.com\/ppc\/wp-json\/wp\/v2\/pages\/1633"}],"collection":[{"href":"http:\/\/arqcodigital.com\/ppc\/wp-json\/wp\/v2\/pages"}],"about":[{"href":"http:\/\/arqcodigital.com\/ppc\/wp-json\/wp\/v2\/types\/page"}],"author":[{"embeddable":true,"href":"http:\/\/arqcodigital.com\/ppc\/wp-json\/wp\/v2\/users\/1"}],"replies":[{"embeddable":true,"href":"http:\/\/arqcodigital.com\/ppc\/wp-json\/wp\/v2\/comments?post=1633"}],"version-history":[{"count":40,"href":"http:\/\/arqcodigital.com\/ppc\/wp-json\/wp\/v2\/pages\/1633\/revisions"}],"predecessor-version":[{"id":5836,"href":"http:\/\/arqcodigital.com\/ppc\/wp-json\/wp\/v2\/pages\/1633\/revisions\/5836"}],"wp:attachment":[{"href":"http:\/\/arqcodigital.com\/ppc\/wp-json\/wp\/v2\/media?parent=1633"}],"curies":[{"name":"wp","href":"https:\/\/api.w.org\/{rel}","templated":true}]}}