{"id":1888,"date":"2021-02-11T22:14:21","date_gmt":"2021-02-11T22:14:21","guid":{"rendered":"http:\/\/arqcodigital.com\/ppc\/?page_id=1888"},"modified":"2023-10-19T23:37:05","modified_gmt":"2023-10-19T23:37:05","slug":"jornadas-nacionales-de-pastoral-militar","status":"publish","type":"page","link":"http:\/\/arqcodigital.com\/ppc\/jornadas-nacionales-de-pastoral-militar\/","title":{"rendered":"Jornadas Nacionales de Pastoral Militar"},"content":{"rendered":"\t\t<div data-elementor-type=\"wp-page\" data-elementor-id=\"1888\" class=\"elementor elementor-1888\" data-elementor-post-type=\"page\">\n\t\t\t\t\t\t<section class=\"elementor-section elementor-top-section elementor-element elementor-element-3e11d2d elementor-section-boxed elementor-section-height-default elementor-section-height-default\" data-id=\"3e11d2d\" data-element_type=\"section\" data-e-type=\"section\">\n\t\t\t\t\t\t<div class=\"elementor-container elementor-column-gap-default\">\n\t\t\t\t\t<div class=\"elementor-column elementor-col-50 elementor-top-column elementor-element elementor-element-80fbd63\" data-id=\"80fbd63\" data-element_type=\"column\" data-e-type=\"column\">\n\t\t\t<div class=\"elementor-widget-wrap elementor-element-populated\">\n\t\t\t\t\t\t<div class=\"elementor-element elementor-element-b9c4f8b elementor-widget elementor-widget-text-editor\" data-id=\"b9c4f8b\" data-element_type=\"widget\" data-e-type=\"widget\" data-widget_type=\"text-editor.default\">\n\t\t\t\t<div class=\"elementor-widget-container\">\n\t\t\t\t\t\t\t\t\tReporte de la XI Jornada de Estudio, Pastoral Militar\t\t\t\t\t\t\t\t<\/div>\n\t\t\t\t<\/div>\n\t\t\t\t<div class=\"elementor-element elementor-element-8139ab7 elementor-widget elementor-widget-text-editor\" data-id=\"8139ab7\" data-element_type=\"widget\" data-e-type=\"widget\" data-widget_type=\"text-editor.default\">\n\t\t\t\t<div class=\"elementor-widget-container\">\n\t\t\t\t\t\t\t\t\t\n\nEl Sr. Pbro. Jorge Reyes de la Riva, acompa\u00f1ado por el Lic. Abel Ayala Berber asisti\u00f3 del 26 al 29 de agosto de 2013 a la XI Jornada de Estudio, realizada en la Di\u00f3cesis de la Paz, Baja California. El recibimiento estuvo a cargo de su Excelencia, Mons. Miguel \u00c1ngel Alba D\u00edaz, Obispo Responsable de la Dimensi\u00f3n Fuerzas Armadas, de la Conferencia del Episcopado Mexicano y el Secretario Ejecutivo de la Dimensi\u00f3n, el Pbro. Jos\u00e9 Fernando Tirado Becerril.\n\t\t\t\t\t\t\t\t<\/div>\n\t\t\t\t<\/div>\n\t\t\t\t<div class=\"elementor-element elementor-element-16c7b61 elementor-widget elementor-widget-text-editor\" data-id=\"16c7b61\" data-element_type=\"widget\" data-e-type=\"widget\" data-widget_type=\"text-editor.default\">\n\t\t\t\t<div class=\"elementor-widget-container\">\n\t\t\t\t\t\t\t\t\tMons. Miguel \u00c1ngel Alba D\u00edaz nos pidi\u00f3 saludar a su Eminencia, el Sr. Cardenal Norberto Rivera y a su Excelencia Mons. Carlos Brise\u00f1o, agradeciendo que la Arquidi\u00f3cesis de M\u00e9xico estuviera presente en esta XI Jornada de Pastoral Militar.\t\t\t\t\t\t\t\t<\/div>\n\t\t\t\t<\/div>\n\t\t\t\t<div class=\"elementor-element elementor-element-06b4a27 elementor-align-left elementor-widget elementor-widget-button\" data-id=\"06b4a27\" data-element_type=\"widget\" data-e-type=\"widget\" data-widget_type=\"button.default\">\n\t\t\t\t<div class=\"elementor-widget-container\">\n\t\t\t\t\t\t\t\t\t<div class=\"elementor-button-wrapper\">\n\t\t\t\t\t<a class=\"elementor-button elementor-button-link elementor-size-sm elementor-animation-grow\" href=\"https:\/\/parroquiapersonalcastrense.org\/wp-content\/uploads\/2021\/03\/capellania-militar-dimension-fuerzas-armadas.pdf\">\n\t\t\t\t\t\t<span class=\"elementor-button-content-wrapper\">\n\t\t\t\t\t\t<span class=\"elementor-button-icon\">\n\t\t\t\t<i aria-hidden=\"true\" class=\"far fa-arrow-alt-circle-right\"><\/i>\t\t\t<\/span>\n\t\t\t\t\t\t\t\t\t<span class=\"elementor-button-text\">LEER M\u00c1S<\/span>\n\t\t\t\t\t<\/span>\n\t\t\t\t\t<\/a>\n\t\t\t\t<\/div>\n\t\t\t\t\t\t\t\t<\/div>\n\t\t\t\t<\/div>\n\t\t\t\t\t<\/div>\n\t\t<\/div>\n\t\t\t\t<div class=\"elementor-column elementor-col-50 elementor-top-column elementor-element elementor-element-7356898\" data-id=\"7356898\" data-element_type=\"column\" data-e-type=\"column\">\n\t\t\t<div class=\"elementor-widget-wrap elementor-element-populated\">\n\t\t\t\t\t\t<div class=\"elementor-element elementor-element-f8eacfb elementor-widget elementor-widget-image\" data-id=\"f8eacfb\" data-element_type=\"widget\" data-e-type=\"widget\" data-widget_type=\"image.default\">\n\t\t\t\t<div class=\"elementor-widget-container\">\n\t\t\t\t\t\t\t\t\t\t\t\t\t\t\t<img fetchpriority=\"high\" decoding=\"async\" width=\"731\" height=\"470\" src=\"http:\/\/arqcodigital.com\/ppc\/wp-content\/uploads\/2021\/03\/capellania-militar-jornada-11-1.jpg\" class=\"attachment-large size-large wp-image-2251\" alt=\"\" srcset=\"http:\/\/arqcodigital.com\/ppc\/wp-content\/uploads\/2021\/03\/capellania-militar-jornada-11-1.jpg 731w, http:\/\/arqcodigital.com\/ppc\/wp-content\/uploads\/2021\/03\/capellania-militar-jornada-11-1-300x193.jpg 300w\" sizes=\"(max-width: 731px) 100vw, 731px\" \/>\t\t\t\t\t\t\t\t\t\t\t\t\t\t\t<\/div>\n\t\t\t\t<\/div>\n\t\t\t\t\t<\/div>\n\t\t<\/div>\n\t\t\t\t\t<\/div>\n\t\t<\/section>\n\t\t\t\t<section class=\"elementor-section elementor-top-section elementor-element elementor-element-329a1aa elementor-section-boxed elementor-section-height-default elementor-section-height-default\" data-id=\"329a1aa\" data-element_type=\"section\" data-e-type=\"section\">\n\t\t\t\t\t\t<div class=\"elementor-container elementor-column-gap-default\">\n\t\t\t\t\t<div class=\"elementor-column elementor-col-50 elementor-top-column elementor-element elementor-element-c30e685\" data-id=\"c30e685\" data-element_type=\"column\" data-e-type=\"column\">\n\t\t\t<div class=\"elementor-widget-wrap elementor-element-populated\">\n\t\t\t\t\t\t<div class=\"elementor-element elementor-element-c102e92 elementor-widget elementor-widget-text-editor\" data-id=\"c102e92\" data-element_type=\"widget\" data-e-type=\"widget\" data-widget_type=\"text-editor.default\">\n\t\t\t\t<div class=\"elementor-widget-container\">\n\t\t\t\t\t\t\t\t\tXll Jornada Nacional de Pastoral Militar\t\t\t\t\t\t\t\t<\/div>\n\t\t\t\t<\/div>\n\t\t\t\t<div class=\"elementor-element elementor-element-4be300c elementor-widget elementor-widget-text-editor\" data-id=\"4be300c\" data-element_type=\"widget\" data-e-type=\"widget\" data-widget_type=\"text-editor.default\">\n\t\t\t\t<div class=\"elementor-widget-container\">\n\t\t\t\t\t\t\t\t\t\n\n<strong>Identidad<\/strong>\n<\/br>\nLa Dimensio\u0301n para la atencio\u0301n a las Fuerzas Armadas es un o\u0301rgano de la CEM que forma parte de la Comisio\u0301n para la Solidaridad intraeclesial, que, consciente de que los militares y sus familias son una porcio\u0301n del pueblo de Dios, y debido a que su particular ritmo y estilo de vida requiere una pastoral especializada; busca promover y dar herramientas subsidiarias de forma solidaria a las distintas Dio\u0301cesis y Arquidio\u0301cesis del pai\u0301s para la particular atencio\u0301n a estos hermanos nuestros que entregan su vida al servicio de la Patria.\n\t\t\t\t\t\t\t\t<\/div>\n\t\t\t\t<\/div>\n\t\t\t\t<div class=\"elementor-element elementor-element-59af1fc elementor-align-left elementor-widget elementor-widget-button\" data-id=\"59af1fc\" data-element_type=\"widget\" data-e-type=\"widget\" data-widget_type=\"button.default\">\n\t\t\t\t<div class=\"elementor-widget-container\">\n\t\t\t\t\t\t\t\t\t<div class=\"elementor-button-wrapper\">\n\t\t\t\t\t<a class=\"elementor-button elementor-button-link elementor-size-sm elementor-animation-grow\" href=\"https:\/\/parroquiapersonalcastrense.org\/wp-content\/uploads\/2021\/03\/capellania-militar-xii-jornada-nacional-de-pastoral-militar.pdf\">\n\t\t\t\t\t\t<span class=\"elementor-button-content-wrapper\">\n\t\t\t\t\t\t<span class=\"elementor-button-icon\">\n\t\t\t\t<i aria-hidden=\"true\" class=\"far fa-arrow-alt-circle-right\"><\/i>\t\t\t<\/span>\n\t\t\t\t\t\t\t\t\t<span class=\"elementor-button-text\">LEER M\u00c1S<\/span>\n\t\t\t\t\t<\/span>\n\t\t\t\t\t<\/a>\n\t\t\t\t<\/div>\n\t\t\t\t\t\t\t\t<\/div>\n\t\t\t\t<\/div>\n\t\t\t\t\t<\/div>\n\t\t<\/div>\n\t\t\t\t<div class=\"elementor-column elementor-col-50 elementor-top-column elementor-element elementor-element-72857f2\" data-id=\"72857f2\" data-element_type=\"column\" data-e-type=\"column\">\n\t\t\t<div class=\"elementor-widget-wrap elementor-element-populated\">\n\t\t\t\t\t\t<div class=\"elementor-element elementor-element-54ed767 elementor-widget elementor-widget-image\" data-id=\"54ed767\" data-element_type=\"widget\" data-e-type=\"widget\" data-widget_type=\"image.default\">\n\t\t\t\t<div class=\"elementor-widget-container\">\n\t\t\t\t\t\t\t\t\t\t\t\t\t\t\t<img decoding=\"async\" width=\"800\" height=\"500\" src=\"http:\/\/arqcodigital.com\/ppc\/wp-content\/uploads\/2021\/03\/capellania-militar-jornada-xi2.jpg\" class=\"attachment-large size-large wp-image-2242\" alt=\"\" srcset=\"http:\/\/arqcodigital.com\/ppc\/wp-content\/uploads\/2021\/03\/capellania-militar-jornada-xi2.jpg 800w, http:\/\/arqcodigital.com\/ppc\/wp-content\/uploads\/2021\/03\/capellania-militar-jornada-xi2-300x188.jpg 300w, http:\/\/arqcodigital.com\/ppc\/wp-content\/uploads\/2021\/03\/capellania-militar-jornada-xi2-768x480.jpg 768w\" sizes=\"(max-width: 800px) 100vw, 800px\" \/>\t\t\t\t\t\t\t\t\t\t\t\t\t\t\t<\/div>\n\t\t\t\t<\/div>\n\t\t\t\t\t<\/div>\n\t\t<\/div>\n\t\t\t\t\t<\/div>\n\t\t<\/section>\n\t\t\t\t<\/div>\n\t\t","protected":false},"excerpt":{"rendered":"<p>Reporte de la XI Jornada de Estudio, Pastoral Militar El Sr. Pbro. Jorge Reyes de la Riva, acompa\u00f1ado por el Lic. Abel Ayala Berber asisti\u00f3 del 26 al 29 de agosto de 2013 a la XI Jornada de Estudio, realizada en la Di\u00f3cesis de la Paz, Baja California. El recibimiento estuvo a cargo de su [&hellip;]<\/p>\n","protected":false},"author":1,"featured_media":0,"parent":0,"menu_order":0,"comment_status":"closed","ping_status":"closed","template":"","meta":{"footnotes":""},"class_list":["post-1888","page","type-page","status-publish","hentry"],"yoast_head":"<!-- This site is optimized with the Yoast SEO plugin v25.6 - https:\/\/yoast.com\/wordpress\/plugins\/seo\/ -->\n<title>Jornadas Nacionales de Pastoral Militar - Parroquia Personal Castrense<\/title>\n<meta name=\"robots\" content=\"index, follow, max-snippet:-1, max-image-preview:large, max-video-preview:-1\" \/>\n<link rel=\"canonical\" href=\"http:\/\/arqcodigital.com\/ppc\/jornadas-nacionales-de-pastoral-militar\/\" \/>\n<meta property=\"og:locale\" content=\"es_MX\" \/>\n<meta property=\"og:type\" content=\"article\" \/>\n<meta property=\"og:title\" content=\"Jornadas Nacionales de Pastoral Militar - Parroquia Personal Castrense\" \/>\n<meta property=\"og:description\" content=\"Reporte de la XI Jornada de Estudio, Pastoral Militar El Sr. Pbro. Jorge Reyes de la Riva, acompa\u00f1ado por el Lic. Abel Ayala Berber asisti\u00f3 del 26 al 29 de agosto de 2013 a la XI Jornada de Estudio, realizada en la Di\u00f3cesis de la Paz, Baja California. El recibimiento estuvo a cargo de su [&hellip;]\" \/>\n<meta property=\"og:url\" content=\"http:\/\/arqcodigital.com\/ppc\/jornadas-nacionales-de-pastoral-militar\/\" \/>\n<meta property=\"og:site_name\" content=\"Parroquia Personal Castrense\" \/>\n<meta property=\"article:publisher\" content=\"https:\/\/www.facebook.com\/CapellaniaMilitarCDMX\" \/>\n<meta property=\"article:modified_time\" content=\"2023-10-19T23:37:05+00:00\" \/>\n<meta property=\"og:image\" content=\"http:\/\/arqcodigital.com\/ppc\/wp-content\/uploads\/2021\/03\/capellania-militar-jornada-11-1.jpg\" \/>\n<meta name=\"twitter:card\" content=\"summary_large_image\" \/>\n<meta name=\"twitter:site\" content=\"@MxMilitar\" \/>\n<meta name=\"twitter:label1\" content=\"Tiempo de lectura\" \/>\n\t<meta name=\"twitter:data1\" content=\"2 minutos\" \/>\n<script type=\"application\/ld+json\" class=\"yoast-schema-graph\">{\"@context\":\"https:\/\/schema.org\",\"@graph\":[{\"@type\":\"WebPage\",\"@id\":\"http:\/\/arqcodigital.com\/ppc\/jornadas-nacionales-de-pastoral-militar\/\",\"url\":\"http:\/\/arqcodigital.com\/ppc\/jornadas-nacionales-de-pastoral-militar\/\",\"name\":\"Jornadas Nacionales de Pastoral Militar - Parroquia Personal Castrense\",\"isPartOf\":{\"@id\":\"http:\/\/arqcodigital.com\/ppc\/#website\"},\"primaryImageOfPage\":{\"@id\":\"http:\/\/arqcodigital.com\/ppc\/jornadas-nacionales-de-pastoral-militar\/#primaryimage\"},\"image\":{\"@id\":\"http:\/\/arqcodigital.com\/ppc\/jornadas-nacionales-de-pastoral-militar\/#primaryimage\"},\"thumbnailUrl\":\"http:\/\/arqcodigital.com\/ppc\/wp-content\/uploads\/2021\/03\/capellania-militar-jornada-11-1.jpg\",\"datePublished\":\"2021-02-11T22:14:21+00:00\",\"dateModified\":\"2023-10-19T23:37:05+00:00\",\"breadcrumb\":{\"@id\":\"http:\/\/arqcodigital.com\/ppc\/jornadas-nacionales-de-pastoral-militar\/#breadcrumb\"},\"inLanguage\":\"es\",\"potentialAction\":[{\"@type\":\"ReadAction\",\"target\":[\"http:\/\/arqcodigital.com\/ppc\/jornadas-nacionales-de-pastoral-militar\/\"]}]},{\"@type\":\"ImageObject\",\"inLanguage\":\"es\",\"@id\":\"http:\/\/arqcodigital.com\/ppc\/jornadas-nacionales-de-pastoral-militar\/#primaryimage\",\"url\":\"http:\/\/arqcodigital.com\/ppc\/wp-content\/uploads\/2021\/03\/capellania-militar-jornada-11-1.jpg\",\"contentUrl\":\"http:\/\/arqcodigital.com\/ppc\/wp-content\/uploads\/2021\/03\/capellania-militar-jornada-11-1.jpg\",\"width\":731,\"height\":470},{\"@type\":\"BreadcrumbList\",\"@id\":\"http:\/\/arqcodigital.com\/ppc\/jornadas-nacionales-de-pastoral-militar\/#breadcrumb\",\"itemListElement\":[{\"@type\":\"ListItem\",\"position\":1,\"name\":\"Inicio\",\"item\":\"http:\/\/arqcodigital.com\/ppc\/\"},{\"@type\":\"ListItem\",\"position\":2,\"name\":\"Jornadas Nacionales de Pastoral Militar\"}]},{\"@type\":\"WebSite\",\"@id\":\"http:\/\/arqcodigital.com\/ppc\/#website\",\"url\":\"http:\/\/arqcodigital.com\/ppc\/\",\"name\":\"Parroquia Personal Castrense\",\"description\":\"Cristo de la Paz\",\"publisher\":{\"@id\":\"http:\/\/arqcodigital.com\/ppc\/#organization\"},\"potentialAction\":[{\"@type\":\"SearchAction\",\"target\":{\"@type\":\"EntryPoint\",\"urlTemplate\":\"http:\/\/arqcodigital.com\/ppc\/?s={search_term_string}\"},\"query-input\":{\"@type\":\"PropertyValueSpecification\",\"valueRequired\":true,\"valueName\":\"search_term_string\"}}],\"inLanguage\":\"es\"},{\"@type\":\"Organization\",\"@id\":\"http:\/\/arqcodigital.com\/ppc\/#organization\",\"name\":\"Parroquia Personal Castrense\",\"url\":\"http:\/\/arqcodigital.com\/ppc\/\",\"logo\":{\"@type\":\"ImageObject\",\"inLanguage\":\"es\",\"@id\":\"http:\/\/arqcodigital.com\/ppc\/#\/schema\/logo\/image\/\",\"url\":\"http:\/\/arqcodigital.com\/ppc\/wp-content\/uploads\/2023\/02\/logo-ppc.jpg\",\"contentUrl\":\"http:\/\/arqcodigital.com\/ppc\/wp-content\/uploads\/2023\/02\/logo-ppc.jpg\",\"width\":993,\"height\":340,\"caption\":\"Parroquia Personal Castrense\"},\"image\":{\"@id\":\"http:\/\/arqcodigital.com\/ppc\/#\/schema\/logo\/image\/\"},\"sameAs\":[\"https:\/\/www.facebook.com\/CapellaniaMilitarCDMX\",\"https:\/\/x.com\/MxMilitar\",\"https:\/\/www.instagram.com\/capellaniamilitar\/\",\"https:\/\/www.youtube.com\/channel\/UCx6MFG76NU6wZ9KCMfb3-5A\"]}]}<\/script>\n<!-- \/ Yoast SEO plugin. -->","yoast_head_json":{"title":"Jornadas Nacionales de Pastoral Militar - Parroquia Personal Castrense","robots":{"index":"index","follow":"follow","max-snippet":"max-snippet:-1","max-image-preview":"max-image-preview:large","max-video-preview":"max-video-preview:-1"},"canonical":"http:\/\/arqcodigital.com\/ppc\/jornadas-nacionales-de-pastoral-militar\/","og_locale":"es_MX","og_type":"article","og_title":"Jornadas Nacionales de Pastoral Militar - Parroquia Personal Castrense","og_description":"Reporte de la XI Jornada de Estudio, Pastoral Militar El Sr. Pbro. Jorge Reyes de la Riva, acompa\u00f1ado por el Lic. Abel Ayala Berber asisti\u00f3 del 26 al 29 de agosto de 2013 a la XI Jornada de Estudio, realizada en la Di\u00f3cesis de la Paz, Baja California. El recibimiento estuvo a cargo de su [&hellip;]","og_url":"http:\/\/arqcodigital.com\/ppc\/jornadas-nacionales-de-pastoral-militar\/","og_site_name":"Parroquia Personal Castrense","article_publisher":"https:\/\/www.facebook.com\/CapellaniaMilitarCDMX","article_modified_time":"2023-10-19T23:37:05+00:00","og_image":[{"url":"http:\/\/arqcodigital.com\/ppc\/wp-content\/uploads\/2021\/03\/capellania-militar-jornada-11-1.jpg","type":"","width":"","height":""}],"twitter_card":"summary_large_image","twitter_site":"@MxMilitar","twitter_misc":{"Tiempo de lectura":"2 minutos"},"schema":{"@context":"https:\/\/schema.org","@graph":[{"@type":"WebPage","@id":"http:\/\/arqcodigital.com\/ppc\/jornadas-nacionales-de-pastoral-militar\/","url":"http:\/\/arqcodigital.com\/ppc\/jornadas-nacionales-de-pastoral-militar\/","name":"Jornadas Nacionales de Pastoral Militar - Parroquia Personal Castrense","isPartOf":{"@id":"http:\/\/arqcodigital.com\/ppc\/#website"},"primaryImageOfPage":{"@id":"http:\/\/arqcodigital.com\/ppc\/jornadas-nacionales-de-pastoral-militar\/#primaryimage"},"image":{"@id":"http:\/\/arqcodigital.com\/ppc\/jornadas-nacionales-de-pastoral-militar\/#primaryimage"},"thumbnailUrl":"http:\/\/arqcodigital.com\/ppc\/wp-content\/uploads\/2021\/03\/capellania-militar-jornada-11-1.jpg","datePublished":"2021-02-11T22:14:21+00:00","dateModified":"2023-10-19T23:37:05+00:00","breadcrumb":{"@id":"http:\/\/arqcodigital.com\/ppc\/jornadas-nacionales-de-pastoral-militar\/#breadcrumb"},"inLanguage":"es","potentialAction":[{"@type":"ReadAction","target":["http:\/\/arqcodigital.com\/ppc\/jornadas-nacionales-de-pastoral-militar\/"]}]},{"@type":"ImageObject","inLanguage":"es","@id":"http:\/\/arqcodigital.com\/ppc\/jornadas-nacionales-de-pastoral-militar\/#primaryimage","url":"http:\/\/arqcodigital.com\/ppc\/wp-content\/uploads\/2021\/03\/capellania-militar-jornada-11-1.jpg","contentUrl":"http:\/\/arqcodigital.com\/ppc\/wp-content\/uploads\/2021\/03\/capellania-militar-jornada-11-1.jpg","width":731,"height":470},{"@type":"BreadcrumbList","@id":"http:\/\/arqcodigital.com\/ppc\/jornadas-nacionales-de-pastoral-militar\/#breadcrumb","itemListElement":[{"@type":"ListItem","position":1,"name":"Inicio","item":"http:\/\/arqcodigital.com\/ppc\/"},{"@type":"ListItem","position":2,"name":"Jornadas Nacionales de Pastoral Militar"}]},{"@type":"WebSite","@id":"http:\/\/arqcodigital.com\/ppc\/#website","url":"http:\/\/arqcodigital.com\/ppc\/","name":"Parroquia Personal Castrense","description":"Cristo de la Paz","publisher":{"@id":"http:\/\/arqcodigital.com\/ppc\/#organization"},"potentialAction":[{"@type":"SearchAction","target":{"@type":"EntryPoint","urlTemplate":"http:\/\/arqcodigital.com\/ppc\/?s={search_term_string}"},"query-input":{"@type":"PropertyValueSpecification","valueRequired":true,"valueName":"search_term_string"}}],"inLanguage":"es"},{"@type":"Organization","@id":"http:\/\/arqcodigital.com\/ppc\/#organization","name":"Parroquia Personal Castrense","url":"http:\/\/arqcodigital.com\/ppc\/","logo":{"@type":"ImageObject","inLanguage":"es","@id":"http:\/\/arqcodigital.com\/ppc\/#\/schema\/logo\/image\/","url":"http:\/\/arqcodigital.com\/ppc\/wp-content\/uploads\/2023\/02\/logo-ppc.jpg","contentUrl":"http:\/\/arqcodigital.com\/ppc\/wp-content\/uploads\/2023\/02\/logo-ppc.jpg","width":993,"height":340,"caption":"Parroquia Personal Castrense"},"image":{"@id":"http:\/\/arqcodigital.com\/ppc\/#\/schema\/logo\/image\/"},"sameAs":["https:\/\/www.facebook.com\/CapellaniaMilitarCDMX","https:\/\/x.com\/MxMilitar","https:\/\/www.instagram.com\/capellaniamilitar\/","https:\/\/www.youtube.com\/channel\/UCx6MFG76NU6wZ9KCMfb3-5A"]}]}},"_links":{"self":[{"href":"http:\/\/arqcodigital.com\/ppc\/wp-json\/wp\/v2\/pages\/1888"}],"collection":[{"href":"http:\/\/arqcodigital.com\/ppc\/wp-json\/wp\/v2\/pages"}],"about":[{"href":"http:\/\/arqcodigital.com\/ppc\/wp-json\/wp\/v2\/types\/page"}],"author":[{"embeddable":true,"href":"http:\/\/arqcodigital.com\/ppc\/wp-json\/wp\/v2\/users\/1"}],"replies":[{"embeddable":true,"href":"http:\/\/arqcodigital.com\/ppc\/wp-json\/wp\/v2\/comments?post=1888"}],"version-history":[{"count":58,"href":"http:\/\/arqcodigital.com\/ppc\/wp-json\/wp\/v2\/pages\/1888\/revisions"}],"predecessor-version":[{"id":5601,"href":"http:\/\/arqcodigital.com\/ppc\/wp-json\/wp\/v2\/pages\/1888\/revisions\/5601"}],"wp:attachment":[{"href":"http:\/\/arqcodigital.com\/ppc\/wp-json\/wp\/v2\/media?parent=1888"}],"curies":[{"name":"wp","href":"https:\/\/api.w.org\/{rel}","templated":true}]}}