{"id":2318,"date":"2021-03-10T22:20:27","date_gmt":"2021-03-10T22:20:27","guid":{"rendered":"http:\/\/arqcodigital.com\/ppc\/?page_id=2318"},"modified":"2023-10-19T23:28:04","modified_gmt":"2023-10-19T23:28:04","slug":"primera-jornada-arquidiocesana-de-pastoral-castrense","status":"publish","type":"page","link":"http:\/\/arqcodigital.com\/ppc\/primera-jornada-arquidiocesana-de-pastoral-castrense\/","title":{"rendered":"Primera Jornada Arquidiocesana de Pastoral Castrense"},"content":{"rendered":"\t\t<div data-elementor-type=\"wp-page\" data-elementor-id=\"2318\" class=\"elementor elementor-2318\" data-elementor-post-type=\"page\">\n\t\t\t\t\t\t<section class=\"elementor-section elementor-top-section elementor-element elementor-element-89a6da3 elementor-section-boxed elementor-section-height-default elementor-section-height-default\" data-id=\"89a6da3\" data-element_type=\"section\" data-e-type=\"section\">\n\t\t\t\t\t\t<div class=\"elementor-container elementor-column-gap-default\">\n\t\t\t\t\t<div class=\"elementor-column elementor-col-50 elementor-top-column elementor-element elementor-element-3b15b18\" data-id=\"3b15b18\" data-element_type=\"column\" data-e-type=\"column\">\n\t\t\t<div class=\"elementor-widget-wrap elementor-element-populated\">\n\t\t\t\t\t\t<div class=\"elementor-element elementor-element-7c97f3c elementor-widget elementor-widget-image\" data-id=\"7c97f3c\" data-element_type=\"widget\" data-e-type=\"widget\" data-widget_type=\"image.default\">\n\t\t\t\t<div class=\"elementor-widget-container\">\n\t\t\t\t\t\t\t\t\t\t\t\t\t\t\t<img decoding=\"async\" src=\"http:\/\/arqcodigital.com\/ppc\/wp-content\/uploads\/elementor\/thumbs\/capellania-militar-primera-jornada-anahuac-p4ex6o3bl4ku4newd7r5ooqxkafdyv15kqmvykw0p4.jpg\" title=\"capellania-militar-primera-jornada-anahuac\" alt=\"capellania-militar-primera-jornada-anahuac\" loading=\"lazy\" \/>\t\t\t\t\t\t\t\t\t\t\t\t\t\t\t<\/div>\n\t\t\t\t<\/div>\n\t\t\t\t\t<\/div>\n\t\t<\/div>\n\t\t\t\t<div class=\"elementor-column elementor-col-50 elementor-top-column elementor-element elementor-element-6c80509\" data-id=\"6c80509\" data-element_type=\"column\" data-e-type=\"column\">\n\t\t\t<div class=\"elementor-widget-wrap elementor-element-populated\">\n\t\t\t\t\t\t<div class=\"elementor-element elementor-element-f043d51 elementor-widget elementor-widget-text-editor\" data-id=\"f043d51\" data-element_type=\"widget\" data-e-type=\"widget\" data-widget_type=\"text-editor.default\">\n\t\t\t\t<div class=\"elementor-widget-container\">\n\t\t\t\t\t\t\t\t\tDiscurso de Apertura de la 1\u00aa Jornada de Estudio\t\t\t\t\t\t\t\t<\/div>\n\t\t\t\t<\/div>\n\t\t\t\t<div class=\"elementor-element elementor-element-8f986ce elementor-widget elementor-widget-text-editor\" data-id=\"8f986ce\" data-element_type=\"widget\" data-e-type=\"widget\" data-widget_type=\"text-editor.default\">\n\t\t\t\t<div class=\"elementor-widget-container\">\n\t\t\t\t\t\t\t\t\t\u201cHombres y mujeres de fe al servicio de la patria\u201d\t\t\t\t\t\t\t\t<\/div>\n\t\t\t\t<\/div>\n\t\t\t\t<div class=\"elementor-element elementor-element-5c5f0b1 elementor-widget elementor-widget-text-editor\" data-id=\"5c5f0b1\" data-element_type=\"widget\" data-e-type=\"widget\" data-widget_type=\"text-editor.default\">\n\t\t\t\t<div class=\"elementor-widget-container\">\n\t\t\t\t\t\t\t\t\tPronunciado por Su Excelencia Carlos Brise\u00f1o Arch, Obispo Auxiliar de M\u00e9xico, Vicario General y Episcopal de la II Vicaria \u201cCristo Rey\u201d, de la Arquidi\u00f3cesis Primada de M\u00e9xico, en la Universidad An\u00e1huac M\u00e9xico Norte.\n26 de septiembre de 2013.\t\t\t\t\t\t\t\t<\/div>\n\t\t\t\t<\/div>\n\t\t\t\t<div class=\"elementor-element elementor-element-75b266e elementor-widget elementor-widget-text-editor\" data-id=\"75b266e\" data-element_type=\"widget\" data-e-type=\"widget\" data-widget_type=\"text-editor.default\">\n\t\t\t\t<div class=\"elementor-widget-container\">\n\t\t\t\t\t\t\t\t\tAgradezco al P. Padre Jes\u00fas Quirce Andr\u00e9s, Rector de la Universidad An\u00e1huac la atenci\u00f3n que ha tenido para con el Emmo. Sr. Cardenal al pedir que inaugure esta 1\u00aa Jornada de Estudio \u201cHombres y mujeres de fe al servicio de la patria\u201d. En su representaci\u00f3n y en mi propio nombre me permito dirigir unas palabras de apertura.\t\t\t\t\t\t\t\t<\/div>\n\t\t\t\t<\/div>\n\t\t\t\t<div class=\"elementor-element elementor-element-1272f3e2 elementor-widget elementor-widget-button\" data-id=\"1272f3e2\" data-element_type=\"widget\" data-e-type=\"widget\" data-widget_type=\"button.default\">\n\t\t\t\t<div class=\"elementor-widget-container\">\n\t\t\t\t\t\t\t\t\t<div class=\"elementor-button-wrapper\">\n\t\t\t\t\t<a class=\"elementor-button elementor-button-link elementor-size-sm elementor-animation-grow\" href=\"https:\/\/parroquiapersonalcastrense.org\/homilias\/\">\n\t\t\t\t\t\t<span class=\"elementor-button-content-wrapper\">\n\t\t\t\t\t\t<span class=\"elementor-button-icon\">\n\t\t\t\t<i aria-hidden=\"true\" class=\"far fa-arrow-alt-circle-right\"><\/i>\t\t\t<\/span>\n\t\t\t\t\t\t\t\t\t<span class=\"elementor-button-text\">Ver homil\u00eda<\/span>\n\t\t\t\t\t<\/span>\n\t\t\t\t\t<\/a>\n\t\t\t\t<\/div>\n\t\t\t\t\t\t\t\t<\/div>\n\t\t\t\t<\/div>\n\t\t\t\t\t<\/div>\n\t\t<\/div>\n\t\t\t\t\t<\/div>\n\t\t<\/section>\n\t\t\t\t<section class=\"elementor-section elementor-top-section elementor-element elementor-element-4d72b630 elementor-section-content-middle elementor-section-boxed elementor-section-height-default elementor-section-height-default\" data-id=\"4d72b630\" data-element_type=\"section\" data-e-type=\"section\">\n\t\t\t\t\t\t<div class=\"elementor-container elementor-column-gap-no\">\n\t\t\t\t\t<div class=\"elementor-column elementor-col-100 elementor-top-column elementor-element elementor-element-66cdb099\" data-id=\"66cdb099\" data-element_type=\"column\" data-e-type=\"column\">\n\t\t\t<div class=\"elementor-widget-wrap elementor-element-populated\">\n\t\t\t\t\t\t<div class=\"elementor-element elementor-element-61eaac72 elementor-widget elementor-widget-heading\" data-id=\"61eaac72\" data-element_type=\"widget\" data-e-type=\"widget\" data-widget_type=\"heading.default\">\n\t\t\t\t<div class=\"elementor-widget-container\">\n\t\t\t\t\t<h4 class=\"elementor-heading-title elementor-size-default\">En el marco de la sociedad, corresponde a la persona, las familias y las instituciones colaborar en la b\u00fasqueda de la paz y el bien com\u00fan.<\/h4>\t\t\t\t<\/div>\n\t\t\t\t<\/div>\n\t\t\t\t<div class=\"elementor-element elementor-element-10e77ada elementor-widget elementor-widget-text-editor\" data-id=\"10e77ada\" data-element_type=\"widget\" data-e-type=\"widget\" data-widget_type=\"text-editor.default\">\n\t\t\t\t<div class=\"elementor-widget-container\">\n\t\t\t\t\t\t\t\t\tLa Conferencia del Episcopado Mexicano emiti\u00f3 la Exhortaci\u00f3n Pastoral sobre la misi\u00f3n de la Iglesia en la construcci\u00f3n de la paz en M\u00e9xico, llamada \u201cQue en Cristo Nuestra Paz M\u00e9xico tenga Vida Digna\u201d, el a\u00f1o 2010. All\u00ed se pone de manifiesto la necesidad de que la Iglesia trabaje en la construcci\u00f3n de la paz para que en Cristo, M\u00e9xico tenga vida digna. Animados por este consejo, muchas instancias de servicio pastoral hallan una orientaci\u00f3n para su quehacer.\n\nLa Pastoral Castrense, destaca en este orden la importancia de su misi\u00f3n, pues en esencia \u201clas Fuerzas Armadas existen para la seguridad y libertad de los pueblos\u201d (Constituci\u00f3n Spirituali militum curae), es decir para la b\u00fasqueda de la paz y en \u00faltima instancia entendemos que Cristo es la paz verdadera.\n\nQuienes integran las Fuerzas Armadas, en raz\u00f3n de su labor social, se encuentran constantemente en una situaci\u00f3n de riesgo a su integridad y es necesario tener un sentido trascendental de su labor. Todo hombre, incluso el de las Fuerzas Armadas, tiene el derecho de orientar su persona y su consciencia hacia la trascendencia, el derecho de creer en un ser supremo, el derecho de profesar una religi\u00f3n, y esto es proclamado por los cristianos y defendido por la Pastoral Castrense.\t\t\t\t\t\t\t\t<\/div>\n\t\t\t\t<\/div>\n\t\t\t\t\t<\/div>\n\t\t<\/div>\n\t\t\t\t\t<\/div>\n\t\t<\/section>\n\t\t\t\t<section class=\"elementor-section elementor-top-section elementor-element elementor-element-fc895c6 elementor-section-boxed elementor-section-height-default elementor-section-height-default\" data-id=\"fc895c6\" data-element_type=\"section\" data-e-type=\"section\">\n\t\t\t\t\t\t<div class=\"elementor-container elementor-column-gap-default\">\n\t\t\t\t\t<div class=\"elementor-column elementor-col-33 elementor-top-column elementor-element elementor-element-5b28c98\" data-id=\"5b28c98\" data-element_type=\"column\" data-e-type=\"column\">\n\t\t\t<div class=\"elementor-widget-wrap elementor-element-populated\">\n\t\t\t\t\t\t<div class=\"elementor-element elementor-element-3d7db71 elementor-widget elementor-widget-image\" data-id=\"3d7db71\" data-element_type=\"widget\" data-e-type=\"widget\" data-widget_type=\"image.default\">\n\t\t\t\t<div class=\"elementor-widget-container\">\n\t\t\t\t\t\t\t\t\t\t\t\t\t\t\t<img decoding=\"async\" src=\"http:\/\/arqcodigital.com\/ppc\/wp-content\/uploads\/elementor\/thumbs\/capellania-militar-jornada-anahuac1-1-p3l830i650z5b85hk2h0sswx3q88w2nn5rjwliq3rc.jpg\" title=\"capellania-militar-jornada-anahuac1\" alt=\"capellania-militar-jornada-anahuac1\" loading=\"lazy\" \/>\t\t\t\t\t\t\t\t\t\t\t\t\t\t\t<\/div>\n\t\t\t\t<\/div>\n\t\t\t\t\t<\/div>\n\t\t<\/div>\n\t\t\t\t<div class=\"elementor-column elementor-col-33 elementor-top-column elementor-element elementor-element-572fb74\" data-id=\"572fb74\" data-element_type=\"column\" data-e-type=\"column\">\n\t\t\t<div class=\"elementor-widget-wrap elementor-element-populated\">\n\t\t\t\t\t\t<div class=\"elementor-element elementor-element-20e3108 elementor-widget elementor-widget-image\" data-id=\"20e3108\" data-element_type=\"widget\" data-e-type=\"widget\" data-widget_type=\"image.default\">\n\t\t\t\t<div class=\"elementor-widget-container\">\n\t\t\t\t\t\t\t\t\t\t\t\t\t\t\t<img fetchpriority=\"high\" decoding=\"async\" width=\"800\" height=\"500\" src=\"http:\/\/arqcodigital.com\/ppc\/wp-content\/uploads\/2021\/03\/capellania-militar-jornada-anahuac3.jpg\" class=\"attachment-large size-large wp-image-2218\" alt=\"\" srcset=\"http:\/\/arqcodigital.com\/ppc\/wp-content\/uploads\/2021\/03\/capellania-militar-jornada-anahuac3.jpg 800w, http:\/\/arqcodigital.com\/ppc\/wp-content\/uploads\/2021\/03\/capellania-militar-jornada-anahuac3-300x188.jpg 300w, http:\/\/arqcodigital.com\/ppc\/wp-content\/uploads\/2021\/03\/capellania-militar-jornada-anahuac3-768x480.jpg 768w\" sizes=\"(max-width: 800px) 100vw, 800px\" \/>\t\t\t\t\t\t\t\t\t\t\t\t\t\t\t<\/div>\n\t\t\t\t<\/div>\n\t\t\t\t\t<\/div>\n\t\t<\/div>\n\t\t\t\t<div class=\"elementor-column elementor-col-33 elementor-top-column elementor-element elementor-element-9a40b26\" data-id=\"9a40b26\" data-element_type=\"column\" data-e-type=\"column\">\n\t\t\t<div class=\"elementor-widget-wrap elementor-element-populated\">\n\t\t\t\t\t\t<div class=\"elementor-element elementor-element-d7d9ad8 elementor-widget elementor-widget-image\" data-id=\"d7d9ad8\" data-element_type=\"widget\" data-e-type=\"widget\" data-widget_type=\"image.default\">\n\t\t\t\t<div class=\"elementor-widget-container\">\n\t\t\t\t\t\t\t\t\t\t\t\t\t\t\t<img decoding=\"async\" width=\"800\" height=\"500\" src=\"http:\/\/arqcodigital.com\/ppc\/wp-content\/uploads\/2021\/03\/capellania-militar-jornada-anahuac6.jpg\" class=\"attachment-large size-large wp-image-2221\" alt=\"\" srcset=\"http:\/\/arqcodigital.com\/ppc\/wp-content\/uploads\/2021\/03\/capellania-militar-jornada-anahuac6.jpg 800w, http:\/\/arqcodigital.com\/ppc\/wp-content\/uploads\/2021\/03\/capellania-militar-jornada-anahuac6-300x188.jpg 300w, http:\/\/arqcodigital.com\/ppc\/wp-content\/uploads\/2021\/03\/capellania-militar-jornada-anahuac6-768x480.jpg 768w\" sizes=\"(max-width: 800px) 100vw, 800px\" \/>\t\t\t\t\t\t\t\t\t\t\t\t\t\t\t<\/div>\n\t\t\t\t<\/div>\n\t\t\t\t\t<\/div>\n\t\t<\/div>\n\t\t\t\t\t<\/div>\n\t\t<\/section>\n\t\t\t\t<section class=\"elementor-section elementor-top-section elementor-element elementor-element-d33ccc6 elementor-section-content-middle elementor-section-boxed elementor-section-height-default elementor-section-height-default\" data-id=\"d33ccc6\" data-element_type=\"section\" data-e-type=\"section\">\n\t\t\t\t\t\t<div class=\"elementor-container elementor-column-gap-no\">\n\t\t\t\t\t<div class=\"elementor-column elementor-col-100 elementor-top-column elementor-element elementor-element-996cba2\" data-id=\"996cba2\" data-element_type=\"column\" data-e-type=\"column\">\n\t\t\t<div class=\"elementor-widget-wrap elementor-element-populated\">\n\t\t\t\t\t\t<div class=\"elementor-element elementor-element-ef751af elementor-widget elementor-widget-heading\" data-id=\"ef751af\" data-element_type=\"widget\" data-e-type=\"widget\" data-widget_type=\"heading.default\">\n\t\t\t\t<div class=\"elementor-widget-container\">\n\t\t\t\t\t<h4 class=\"elementor-heading-title elementor-size-default\">\n\nLa vida en Cristo no rompe con las circunstancias personales, sociales y culturales de la persona, sino que la ilumina y promueve a los hombres incluso hasta la b\u00fasqueda del sentido \u00faltimo de la existencia. En este orden, responde a los m\u00e1s \u00edntimos anhelos del coraz\u00f3n humano.<\/h4>\t\t\t\t<\/div>\n\t\t\t\t<\/div>\n\t\t\t\t<div class=\"elementor-element elementor-element-25d90ce elementor-widget elementor-widget-text-editor\" data-id=\"25d90ce\" data-element_type=\"widget\" data-e-type=\"widget\" data-widget_type=\"text-editor.default\">\n\t\t\t\t<div class=\"elementor-widget-container\">\n\t\t\t\t\t\t\t\t\tSu Santidad, el Papa Francisco, en la Primera Audiencia General de su Pontificado nos record\u00f3 que seguir a Jes\u00fas significa \u201csalir de nosotros mismos para ir al encuentro de los dem\u00e1s, para ir hacia las periferias de la existencia, movernos nosotros en primer lugar hacia nuestros hermanos y nuestras hermanas, sobre todo aquellos m\u00e1s lejanos, aquellos que son olvidados, que tienen m\u00e1s necesidad de comprensi\u00f3n, de consolaci\u00f3n, de ayuda. \u00a1Hay tanta necesidad de llevar la presencia viva de Jes\u00fas misericordioso y rico de amor!\u201d Comprendemos, de esta manera, la importancia de salir al encuentro de nuestros hermanos de las Fuerzas Armadas y de sus familias, quienes muchas veces tienen necesidad de comprensi\u00f3n, consolaci\u00f3n y ayuda.\n\nEl Emmo. Sr. Cardenal D. Norberto Rivera Carrera ha promovido, desde su llegada a la Arquidi\u00f3cesis Primada de M\u00e9xico, la atenci\u00f3n pastoral a las Fuerzas Armadas, con el fin de garantizar el cuidado espiritual de los fieles cat\u00f3licos pertenecientes a la familia militar y naval. Ha propuesto en numerosas ocasiones que los acad\u00e9micos y cient\u00edficos reflexionen sobre estos temas tan importantes de la sociedad actual.\n\nPor ello con profundo gozo, y a nombre de Su Eminencia, inauguro esta 1\u00aa Jornada de Estudio \u201cHombres y mujeres de fe al servicio de la patria\u201d, con la firme convicci\u00f3n de que la b\u00fasqueda de la verdad, nos acercar\u00e1, al final de nuestra existencia, a la Verdad Plena, Dios nuestro Padre.\n\t\t\t\t\t\t\t\t<\/div>\n\t\t\t\t<\/div>\n\t\t\t\t\t<\/div>\n\t\t<\/div>\n\t\t\t\t\t<\/div>\n\t\t<\/section>\n\t\t\t\t<\/div>\n\t\t","protected":false},"excerpt":{"rendered":"<p>Discurso de Apertura de la 1\u00aa Jornada de Estudio\u201cHombres y mujeres de fe al servicio de la patria\u201dPronunciado por Su Excelencia Carlos Brise\u00f1o Arch, Obispo Auxiliar de M\u00e9xico, Vicario General y Episcopal de la II Vicaria \u201cCristo Rey\u201d, de la Arquidi\u00f3cesis Primada de M\u00e9xico, en la Universidad An\u00e1huac M\u00e9xico Norte. 26 de septiembre de 2013.Agradezco [&hellip;]<\/p>\n","protected":false},"author":1,"featured_media":0,"parent":0,"menu_order":0,"comment_status":"closed","ping_status":"closed","template":"","meta":{"footnotes":""},"class_list":["post-2318","page","type-page","status-publish","hentry"],"yoast_head":"<!-- This site is optimized with the Yoast SEO plugin v25.6 - https:\/\/yoast.com\/wordpress\/plugins\/seo\/ -->\n<title>Primera Jornada Arquidiocesana de Pastoral Castrense - Parroquia Personal Castrense<\/title>\n<meta name=\"robots\" content=\"index, follow, max-snippet:-1, max-image-preview:large, max-video-preview:-1\" \/>\n<link rel=\"canonical\" href=\"http:\/\/arqcodigital.com\/ppc\/primera-jornada-arquidiocesana-de-pastoral-castrense\/\" \/>\n<meta property=\"og:locale\" content=\"es_MX\" \/>\n<meta property=\"og:type\" content=\"article\" \/>\n<meta property=\"og:title\" content=\"Primera Jornada Arquidiocesana de Pastoral Castrense - Parroquia Personal Castrense\" \/>\n<meta property=\"og:description\" content=\"Discurso de Apertura de la 1\u00aa Jornada de Estudio\u201cHombres y mujeres de fe al servicio de la patria\u201dPronunciado por Su Excelencia Carlos Brise\u00f1o Arch, Obispo Auxiliar de M\u00e9xico, Vicario General y Episcopal de la II Vicaria \u201cCristo Rey\u201d, de la Arquidi\u00f3cesis Primada de M\u00e9xico, en la Universidad An\u00e1huac M\u00e9xico Norte. 26 de septiembre de 2013.Agradezco [&hellip;]\" \/>\n<meta property=\"og:url\" content=\"http:\/\/arqcodigital.com\/ppc\/primera-jornada-arquidiocesana-de-pastoral-castrense\/\" \/>\n<meta property=\"og:site_name\" content=\"Parroquia Personal Castrense\" \/>\n<meta property=\"article:publisher\" content=\"https:\/\/www.facebook.com\/CapellaniaMilitarCDMX\" \/>\n<meta property=\"article:modified_time\" content=\"2023-10-19T23:28:04+00:00\" \/>\n<meta property=\"og:image\" content=\"http:\/\/arqcodigital.com\/ppc\/wp-content\/uploads\/elementor\/thumbs\/capellania-militar-primera-jornada-anahuac-p4ex6o3bl4ku4newd7r5ooqxkafdyv15kqmvykw0p4.jpg\" \/>\n<meta name=\"twitter:card\" content=\"summary_large_image\" \/>\n<meta name=\"twitter:site\" content=\"@MxMilitar\" \/>\n<meta name=\"twitter:label1\" content=\"Tiempo de lectura\" \/>\n\t<meta name=\"twitter:data1\" content=\"4 minutos\" \/>\n<script type=\"application\/ld+json\" class=\"yoast-schema-graph\">{\"@context\":\"https:\/\/schema.org\",\"@graph\":[{\"@type\":\"WebPage\",\"@id\":\"http:\/\/arqcodigital.com\/ppc\/primera-jornada-arquidiocesana-de-pastoral-castrense\/\",\"url\":\"http:\/\/arqcodigital.com\/ppc\/primera-jornada-arquidiocesana-de-pastoral-castrense\/\",\"name\":\"Primera Jornada Arquidiocesana de Pastoral Castrense - Parroquia Personal Castrense\",\"isPartOf\":{\"@id\":\"http:\/\/arqcodigital.com\/ppc\/#website\"},\"primaryImageOfPage\":{\"@id\":\"http:\/\/arqcodigital.com\/ppc\/primera-jornada-arquidiocesana-de-pastoral-castrense\/#primaryimage\"},\"image\":{\"@id\":\"http:\/\/arqcodigital.com\/ppc\/primera-jornada-arquidiocesana-de-pastoral-castrense\/#primaryimage\"},\"thumbnailUrl\":\"http:\/\/arqcodigital.com\/ppc\/wp-content\/uploads\/elementor\/thumbs\/capellania-militar-primera-jornada-anahuac-p4ex6o3bl4ku4newd7r5ooqxkafdyv15kqmvykw0p4.jpg\",\"datePublished\":\"2021-03-10T22:20:27+00:00\",\"dateModified\":\"2023-10-19T23:28:04+00:00\",\"breadcrumb\":{\"@id\":\"http:\/\/arqcodigital.com\/ppc\/primera-jornada-arquidiocesana-de-pastoral-castrense\/#breadcrumb\"},\"inLanguage\":\"es\",\"potentialAction\":[{\"@type\":\"ReadAction\",\"target\":[\"http:\/\/arqcodigital.com\/ppc\/primera-jornada-arquidiocesana-de-pastoral-castrense\/\"]}]},{\"@type\":\"ImageObject\",\"inLanguage\":\"es\",\"@id\":\"http:\/\/arqcodigital.com\/ppc\/primera-jornada-arquidiocesana-de-pastoral-castrense\/#primaryimage\",\"url\":\"http:\/\/arqcodigital.com\/ppc\/wp-content\/uploads\/elementor\/thumbs\/capellania-militar-primera-jornada-anahuac-p4ex6o3bl4ku4newd7r5ooqxkafdyv15kqmvykw0p4.jpg\",\"contentUrl\":\"http:\/\/arqcodigital.com\/ppc\/wp-content\/uploads\/elementor\/thumbs\/capellania-militar-primera-jornada-anahuac-p4ex6o3bl4ku4newd7r5ooqxkafdyv15kqmvykw0p4.jpg\"},{\"@type\":\"BreadcrumbList\",\"@id\":\"http:\/\/arqcodigital.com\/ppc\/primera-jornada-arquidiocesana-de-pastoral-castrense\/#breadcrumb\",\"itemListElement\":[{\"@type\":\"ListItem\",\"position\":1,\"name\":\"Inicio\",\"item\":\"http:\/\/arqcodigital.com\/ppc\/\"},{\"@type\":\"ListItem\",\"position\":2,\"name\":\"Primera Jornada Arquidiocesana de Pastoral Castrense\"}]},{\"@type\":\"WebSite\",\"@id\":\"http:\/\/arqcodigital.com\/ppc\/#website\",\"url\":\"http:\/\/arqcodigital.com\/ppc\/\",\"name\":\"Parroquia Personal Castrense\",\"description\":\"Cristo de la Paz\",\"publisher\":{\"@id\":\"http:\/\/arqcodigital.com\/ppc\/#organization\"},\"potentialAction\":[{\"@type\":\"SearchAction\",\"target\":{\"@type\":\"EntryPoint\",\"urlTemplate\":\"http:\/\/arqcodigital.com\/ppc\/?s={search_term_string}\"},\"query-input\":{\"@type\":\"PropertyValueSpecification\",\"valueRequired\":true,\"valueName\":\"search_term_string\"}}],\"inLanguage\":\"es\"},{\"@type\":\"Organization\",\"@id\":\"http:\/\/arqcodigital.com\/ppc\/#organization\",\"name\":\"Parroquia Personal Castrense\",\"url\":\"http:\/\/arqcodigital.com\/ppc\/\",\"logo\":{\"@type\":\"ImageObject\",\"inLanguage\":\"es\",\"@id\":\"http:\/\/arqcodigital.com\/ppc\/#\/schema\/logo\/image\/\",\"url\":\"http:\/\/arqcodigital.com\/ppc\/wp-content\/uploads\/2023\/02\/logo-ppc.jpg\",\"contentUrl\":\"http:\/\/arqcodigital.com\/ppc\/wp-content\/uploads\/2023\/02\/logo-ppc.jpg\",\"width\":993,\"height\":340,\"caption\":\"Parroquia Personal Castrense\"},\"image\":{\"@id\":\"http:\/\/arqcodigital.com\/ppc\/#\/schema\/logo\/image\/\"},\"sameAs\":[\"https:\/\/www.facebook.com\/CapellaniaMilitarCDMX\",\"https:\/\/x.com\/MxMilitar\",\"https:\/\/www.instagram.com\/capellaniamilitar\/\",\"https:\/\/www.youtube.com\/channel\/UCx6MFG76NU6wZ9KCMfb3-5A\"]}]}<\/script>\n<!-- \/ Yoast SEO plugin. -->","yoast_head_json":{"title":"Primera Jornada Arquidiocesana de Pastoral Castrense - Parroquia Personal Castrense","robots":{"index":"index","follow":"follow","max-snippet":"max-snippet:-1","max-image-preview":"max-image-preview:large","max-video-preview":"max-video-preview:-1"},"canonical":"http:\/\/arqcodigital.com\/ppc\/primera-jornada-arquidiocesana-de-pastoral-castrense\/","og_locale":"es_MX","og_type":"article","og_title":"Primera Jornada Arquidiocesana de Pastoral Castrense - Parroquia Personal Castrense","og_description":"Discurso de Apertura de la 1\u00aa Jornada de Estudio\u201cHombres y mujeres de fe al servicio de la patria\u201dPronunciado por Su Excelencia Carlos Brise\u00f1o Arch, Obispo Auxiliar de M\u00e9xico, Vicario General y Episcopal de la II Vicaria \u201cCristo Rey\u201d, de la Arquidi\u00f3cesis Primada de M\u00e9xico, en la Universidad An\u00e1huac M\u00e9xico Norte. 26 de septiembre de 2013.Agradezco [&hellip;]","og_url":"http:\/\/arqcodigital.com\/ppc\/primera-jornada-arquidiocesana-de-pastoral-castrense\/","og_site_name":"Parroquia Personal Castrense","article_publisher":"https:\/\/www.facebook.com\/CapellaniaMilitarCDMX","article_modified_time":"2023-10-19T23:28:04+00:00","og_image":[{"url":"http:\/\/arqcodigital.com\/ppc\/wp-content\/uploads\/elementor\/thumbs\/capellania-militar-primera-jornada-anahuac-p4ex6o3bl4ku4newd7r5ooqxkafdyv15kqmvykw0p4.jpg","type":"","width":"","height":""}],"twitter_card":"summary_large_image","twitter_site":"@MxMilitar","twitter_misc":{"Tiempo de lectura":"4 minutos"},"schema":{"@context":"https:\/\/schema.org","@graph":[{"@type":"WebPage","@id":"http:\/\/arqcodigital.com\/ppc\/primera-jornada-arquidiocesana-de-pastoral-castrense\/","url":"http:\/\/arqcodigital.com\/ppc\/primera-jornada-arquidiocesana-de-pastoral-castrense\/","name":"Primera Jornada Arquidiocesana de Pastoral Castrense - Parroquia Personal Castrense","isPartOf":{"@id":"http:\/\/arqcodigital.com\/ppc\/#website"},"primaryImageOfPage":{"@id":"http:\/\/arqcodigital.com\/ppc\/primera-jornada-arquidiocesana-de-pastoral-castrense\/#primaryimage"},"image":{"@id":"http:\/\/arqcodigital.com\/ppc\/primera-jornada-arquidiocesana-de-pastoral-castrense\/#primaryimage"},"thumbnailUrl":"http:\/\/arqcodigital.com\/ppc\/wp-content\/uploads\/elementor\/thumbs\/capellania-militar-primera-jornada-anahuac-p4ex6o3bl4ku4newd7r5ooqxkafdyv15kqmvykw0p4.jpg","datePublished":"2021-03-10T22:20:27+00:00","dateModified":"2023-10-19T23:28:04+00:00","breadcrumb":{"@id":"http:\/\/arqcodigital.com\/ppc\/primera-jornada-arquidiocesana-de-pastoral-castrense\/#breadcrumb"},"inLanguage":"es","potentialAction":[{"@type":"ReadAction","target":["http:\/\/arqcodigital.com\/ppc\/primera-jornada-arquidiocesana-de-pastoral-castrense\/"]}]},{"@type":"ImageObject","inLanguage":"es","@id":"http:\/\/arqcodigital.com\/ppc\/primera-jornada-arquidiocesana-de-pastoral-castrense\/#primaryimage","url":"http:\/\/arqcodigital.com\/ppc\/wp-content\/uploads\/elementor\/thumbs\/capellania-militar-primera-jornada-anahuac-p4ex6o3bl4ku4newd7r5ooqxkafdyv15kqmvykw0p4.jpg","contentUrl":"http:\/\/arqcodigital.com\/ppc\/wp-content\/uploads\/elementor\/thumbs\/capellania-militar-primera-jornada-anahuac-p4ex6o3bl4ku4newd7r5ooqxkafdyv15kqmvykw0p4.jpg"},{"@type":"BreadcrumbList","@id":"http:\/\/arqcodigital.com\/ppc\/primera-jornada-arquidiocesana-de-pastoral-castrense\/#breadcrumb","itemListElement":[{"@type":"ListItem","position":1,"name":"Inicio","item":"http:\/\/arqcodigital.com\/ppc\/"},{"@type":"ListItem","position":2,"name":"Primera Jornada Arquidiocesana de Pastoral Castrense"}]},{"@type":"WebSite","@id":"http:\/\/arqcodigital.com\/ppc\/#website","url":"http:\/\/arqcodigital.com\/ppc\/","name":"Parroquia Personal Castrense","description":"Cristo de la Paz","publisher":{"@id":"http:\/\/arqcodigital.com\/ppc\/#organization"},"potentialAction":[{"@type":"SearchAction","target":{"@type":"EntryPoint","urlTemplate":"http:\/\/arqcodigital.com\/ppc\/?s={search_term_string}"},"query-input":{"@type":"PropertyValueSpecification","valueRequired":true,"valueName":"search_term_string"}}],"inLanguage":"es"},{"@type":"Organization","@id":"http:\/\/arqcodigital.com\/ppc\/#organization","name":"Parroquia Personal Castrense","url":"http:\/\/arqcodigital.com\/ppc\/","logo":{"@type":"ImageObject","inLanguage":"es","@id":"http:\/\/arqcodigital.com\/ppc\/#\/schema\/logo\/image\/","url":"http:\/\/arqcodigital.com\/ppc\/wp-content\/uploads\/2023\/02\/logo-ppc.jpg","contentUrl":"http:\/\/arqcodigital.com\/ppc\/wp-content\/uploads\/2023\/02\/logo-ppc.jpg","width":993,"height":340,"caption":"Parroquia Personal Castrense"},"image":{"@id":"http:\/\/arqcodigital.com\/ppc\/#\/schema\/logo\/image\/"},"sameAs":["https:\/\/www.facebook.com\/CapellaniaMilitarCDMX","https:\/\/x.com\/MxMilitar","https:\/\/www.instagram.com\/capellaniamilitar\/","https:\/\/www.youtube.com\/channel\/UCx6MFG76NU6wZ9KCMfb3-5A"]}]}},"_links":{"self":[{"href":"http:\/\/arqcodigital.com\/ppc\/wp-json\/wp\/v2\/pages\/2318"}],"collection":[{"href":"http:\/\/arqcodigital.com\/ppc\/wp-json\/wp\/v2\/pages"}],"about":[{"href":"http:\/\/arqcodigital.com\/ppc\/wp-json\/wp\/v2\/types\/page"}],"author":[{"embeddable":true,"href":"http:\/\/arqcodigital.com\/ppc\/wp-json\/wp\/v2\/users\/1"}],"replies":[{"embeddable":true,"href":"http:\/\/arqcodigital.com\/ppc\/wp-json\/wp\/v2\/comments?post=2318"}],"version-history":[{"count":50,"href":"http:\/\/arqcodigital.com\/ppc\/wp-json\/wp\/v2\/pages\/2318\/revisions"}],"predecessor-version":[{"id":5584,"href":"http:\/\/arqcodigital.com\/ppc\/wp-json\/wp\/v2\/pages\/2318\/revisions\/5584"}],"wp:attachment":[{"href":"http:\/\/arqcodigital.com\/ppc\/wp-json\/wp\/v2\/media?parent=2318"}],"curies":[{"name":"wp","href":"https:\/\/api.w.org\/{rel}","templated":true}]}}