{"id":2322,"date":"2021-03-10T22:22:24","date_gmt":"2021-03-10T22:22:24","guid":{"rendered":"http:\/\/arqcodigital.com\/ppc\/?page_id=2322"},"modified":"2023-10-20T00:54:32","modified_gmt":"2023-10-20T00:54:32","slug":"misas-y-confesiones","status":"publish","type":"page","link":"http:\/\/arqcodigital.com\/ppc\/misas-y-confesiones\/","title":{"rendered":"Misas y Confesiones"},"content":{"rendered":"\t\t<div data-elementor-type=\"wp-page\" data-elementor-id=\"2322\" class=\"elementor elementor-2322\" data-elementor-post-type=\"page\">\n\t\t\t\t\t\t<section class=\"elementor-section elementor-top-section elementor-element elementor-element-20e5051 elementor-section-boxed elementor-section-height-default elementor-section-height-default\" data-id=\"20e5051\" data-element_type=\"section\" data-e-type=\"section\">\n\t\t\t\t\t\t<div class=\"elementor-container elementor-column-gap-default\">\n\t\t\t\t\t<div class=\"elementor-column elementor-col-50 elementor-top-column elementor-element elementor-element-7ed4d3f\" data-id=\"7ed4d3f\" data-element_type=\"column\" data-e-type=\"column\">\n\t\t\t<div class=\"elementor-widget-wrap elementor-element-populated\">\n\t\t\t\t\t\t<div class=\"elementor-element elementor-element-bd5b71e elementor-widget elementor-widget-image\" data-id=\"bd5b71e\" data-element_type=\"widget\" data-e-type=\"widget\" data-widget_type=\"image.default\">\n\t\t\t\t<div class=\"elementor-widget-container\">\n\t\t\t\t\t\t\t\t\t\t\t\t\t\t\t<img decoding=\"async\" src=\"http:\/\/arqcodigital.com\/ppc\/wp-content\/uploads\/elementor\/thumbs\/parroquiapersonalcastrense-restauran-y-bendicen-cristo-de-la-paz-de-la-capellania-militar-qb1zs14mdomwit83m6tsgekhcb49wwlgxicdm8ir6w.jpg\" title=\"parroquiapersonalcastrense-restauran-y-bendicen-cristo-de-la-paz-de-la-capellania-militar\" alt=\"parroquiapersonalcastrense-restauran-y-bendicen-cristo-de-la-paz-de-la-capellania-militar\" loading=\"lazy\" \/>\t\t\t\t\t\t\t\t\t\t\t\t\t\t\t<\/div>\n\t\t\t\t<\/div>\n\t\t\t\t\t<\/div>\n\t\t<\/div>\n\t\t\t\t<div class=\"elementor-column elementor-col-50 elementor-top-column elementor-element elementor-element-5019c3e\" data-id=\"5019c3e\" data-element_type=\"column\" data-e-type=\"column\">\n\t\t\t<div class=\"elementor-widget-wrap elementor-element-populated\">\n\t\t\t\t\t\t<div class=\"elementor-element elementor-element-ee01673 elementor-widget elementor-widget-text-editor\" data-id=\"ee01673\" data-element_type=\"widget\" data-e-type=\"widget\" data-widget_type=\"text-editor.default\">\n\t\t\t\t<div class=\"elementor-widget-container\">\n\t\t\t\t\t\t\t\t\tHorarios\t\t\t\t\t\t\t\t<\/div>\n\t\t\t\t<\/div>\n\t\t\t\t<div class=\"elementor-element elementor-element-4f1a01a elementor-widget elementor-widget-text-editor\" data-id=\"4f1a01a\" data-element_type=\"widget\" data-e-type=\"widget\" data-widget_type=\"text-editor.default\">\n\t\t\t\t<div class=\"elementor-widget-container\">\n\t\t\t\t\t\t\t\t\t<p><strong>Misas Comunitarias: <\/strong>Martes a S\u00e1bado 12:00 horas<\/p>\t\t\t\t\t\t\t\t<\/div>\n\t\t\t\t<\/div>\n\t\t\t\t<div class=\"elementor-element elementor-element-29b27c9 elementor-widget elementor-widget-text-editor\" data-id=\"29b27c9\" data-element_type=\"widget\" data-e-type=\"widget\" data-widget_type=\"text-editor.default\">\n\t\t\t\t<div class=\"elementor-widget-container\">\n\t\t\t\t\t\t\t\t\t<p><strong>Misa Dominical:<\/strong><\/p><ul><li>11:00 horas<\/li><li>13:00 horas<\/li><\/ul>\t\t\t\t\t\t\t\t<\/div>\n\t\t\t\t<\/div>\n\t\t\t\t<div class=\"elementor-element elementor-element-c26a98f elementor-widget elementor-widget-text-editor\" data-id=\"c26a98f\" data-element_type=\"widget\" data-e-type=\"widget\" data-widget_type=\"text-editor.default\">\n\t\t\t\t<div class=\"elementor-widget-container\">\n\t\t\t\t\t\t\t\t\t<p><strong>Rezo del Santo Rosario:<\/strong> martes a s\u00e1bado 11:00 horas<\/p>\t\t\t\t\t\t\t\t<\/div>\n\t\t\t\t<\/div>\n\t\t\t\t<div class=\"elementor-element elementor-element-f8f033d elementor-widget elementor-widget-text-editor\" data-id=\"f8f033d\" data-element_type=\"widget\" data-e-type=\"widget\" data-widget_type=\"text-editor.default\">\n\t\t\t\t<div class=\"elementor-widget-container\">\n\t\t\t\t\t\t\t\t\t<p><strong>Rezo del \u00c1ngelus:<\/strong> martes a s\u00e1bado 11:55 horas<\/p>\t\t\t\t\t\t\t\t<\/div>\n\t\t\t\t<\/div>\n\t\t\t\t<div class=\"elementor-element elementor-element-737b087 elementor-widget elementor-widget-text-editor\" data-id=\"737b087\" data-element_type=\"widget\" data-e-type=\"widget\" data-widget_type=\"text-editor.default\">\n\t\t\t\t<div class=\"elementor-widget-container\">\n\t\t\t\t\t\t\t\t\t<p><strong>Misas Individuales:<\/strong><\/p><ul><li>Martes y Jueves 18:00 y 19:00 horas<\/li><li>Mi\u00e9rcoles y Viernes 13:00 horas\/li&gt;<\/li><li>En s\u00e1bados y otros horarios consultar disponibilidad en la Ayudant\u00eda Parroquial<\/li><\/ul>\t\t\t\t\t\t\t\t<\/div>\n\t\t\t\t<\/div>\n\t\t\t\t<div class=\"elementor-element elementor-element-0a68753 elementor-widget elementor-widget-text-editor\" data-id=\"0a68753\" data-element_type=\"widget\" data-e-type=\"widget\" data-widget_type=\"text-editor.default\">\n\t\t\t\t<div class=\"elementor-widget-container\">\n\t\t\t\t\t\t\t\t\t<p><strong>Confesiones:<\/strong> Antes de cada Misa Comunitaria, en otro horario solicitar cita en la Ayudant\u00eda Parroquial<\/p>\t\t\t\t\t\t\t\t<\/div>\n\t\t\t\t<\/div>\n\t\t\t\t\t<\/div>\n\t\t<\/div>\n\t\t\t\t\t<\/div>\n\t\t<\/section>\n\t\t\t\t<\/div>\n\t\t","protected":false},"excerpt":{"rendered":"<p>Horarios Misas Comunitarias: Martes a S\u00e1bado 12:00 horas Misa Dominical: 11:00 horas 13:00 horas Rezo del Santo Rosario: martes a s\u00e1bado 11:00 horas Rezo del \u00c1ngelus: martes a s\u00e1bado 11:55 horas Misas Individuales: Martes y Jueves 18:00 y 19:00 horas Mi\u00e9rcoles y Viernes 13:00 horas\/li&gt; En s\u00e1bados y otros horarios consultar disponibilidad en la Ayudant\u00eda [&hellip;]<\/p>\n","protected":false},"author":1,"featured_media":0,"parent":0,"menu_order":0,"comment_status":"closed","ping_status":"closed","template":"","meta":{"footnotes":""},"class_list":["post-2322","page","type-page","status-publish","hentry"],"yoast_head":"<!-- This site is optimized with the Yoast SEO plugin v25.6 - https:\/\/yoast.com\/wordpress\/plugins\/seo\/ -->\n<title>Misas y Confesiones - Parroquia Personal Castrense<\/title>\n<meta name=\"robots\" content=\"index, follow, max-snippet:-1, max-image-preview:large, max-video-preview:-1\" \/>\n<link rel=\"canonical\" href=\"http:\/\/arqcodigital.com\/ppc\/misas-y-confesiones\/\" \/>\n<meta property=\"og:locale\" content=\"es_MX\" \/>\n<meta property=\"og:type\" content=\"article\" \/>\n<meta property=\"og:title\" content=\"Misas y Confesiones - Parroquia Personal Castrense\" \/>\n<meta property=\"og:description\" content=\"Horarios Misas Comunitarias: Martes a S\u00e1bado 12:00 horas Misa Dominical: 11:00 horas 13:00 horas Rezo del Santo Rosario: martes a s\u00e1bado 11:00 horas Rezo del \u00c1ngelus: martes a s\u00e1bado 11:55 horas Misas Individuales: Martes y Jueves 18:00 y 19:00 horas Mi\u00e9rcoles y Viernes 13:00 horas\/li&gt; En s\u00e1bados y otros horarios consultar disponibilidad en la Ayudant\u00eda [&hellip;]\" \/>\n<meta property=\"og:url\" content=\"http:\/\/arqcodigital.com\/ppc\/misas-y-confesiones\/\" \/>\n<meta property=\"og:site_name\" content=\"Parroquia Personal Castrense\" \/>\n<meta property=\"article:publisher\" content=\"https:\/\/www.facebook.com\/CapellaniaMilitarCDMX\" \/>\n<meta property=\"article:modified_time\" content=\"2023-10-20T00:54:32+00:00\" \/>\n<meta property=\"og:image\" content=\"http:\/\/arqcodigital.com\/ppc\/wp-content\/uploads\/elementor\/thumbs\/parroquiapersonalcastrense-restauran-y-bendicen-cristo-de-la-paz-de-la-capellania-militar-qb1zs14mdomwit83m6tsgekhcb49wwlgxicdm8io3s.jpg\" \/>\n<meta name=\"twitter:card\" content=\"summary_large_image\" \/>\n<meta name=\"twitter:site\" content=\"@MxMilitar\" \/>\n<meta name=\"twitter:label1\" content=\"Tiempo de lectura\" \/>\n\t<meta name=\"twitter:data1\" content=\"1 minuto\" \/>\n<script type=\"application\/ld+json\" class=\"yoast-schema-graph\">{\"@context\":\"https:\/\/schema.org\",\"@graph\":[{\"@type\":\"WebPage\",\"@id\":\"http:\/\/arqcodigital.com\/ppc\/misas-y-confesiones\/\",\"url\":\"http:\/\/arqcodigital.com\/ppc\/misas-y-confesiones\/\",\"name\":\"Misas y Confesiones - Parroquia Personal Castrense\",\"isPartOf\":{\"@id\":\"http:\/\/arqcodigital.com\/ppc\/#website\"},\"primaryImageOfPage\":{\"@id\":\"http:\/\/arqcodigital.com\/ppc\/misas-y-confesiones\/#primaryimage\"},\"image\":{\"@id\":\"http:\/\/arqcodigital.com\/ppc\/misas-y-confesiones\/#primaryimage\"},\"thumbnailUrl\":\"http:\/\/arqcodigital.com\/ppc\/wp-content\/uploads\/elementor\/thumbs\/parroquiapersonalcastrense-restauran-y-bendicen-cristo-de-la-paz-de-la-capellania-militar-qb1zs14mdomwit83m6tsgekhcb49wwlgxicdm8io3s.jpg\",\"datePublished\":\"2021-03-10T22:22:24+00:00\",\"dateModified\":\"2023-10-20T00:54:32+00:00\",\"breadcrumb\":{\"@id\":\"http:\/\/arqcodigital.com\/ppc\/misas-y-confesiones\/#breadcrumb\"},\"inLanguage\":\"es\",\"potentialAction\":[{\"@type\":\"ReadAction\",\"target\":[\"http:\/\/arqcodigital.com\/ppc\/misas-y-confesiones\/\"]}]},{\"@type\":\"ImageObject\",\"inLanguage\":\"es\",\"@id\":\"http:\/\/arqcodigital.com\/ppc\/misas-y-confesiones\/#primaryimage\",\"url\":\"http:\/\/arqcodigital.com\/ppc\/wp-content\/uploads\/elementor\/thumbs\/parroquiapersonalcastrense-restauran-y-bendicen-cristo-de-la-paz-de-la-capellania-militar-qb1zs14mdomwit83m6tsgekhcb49wwlgxicdm8io3s.jpg\",\"contentUrl\":\"http:\/\/arqcodigital.com\/ppc\/wp-content\/uploads\/elementor\/thumbs\/parroquiapersonalcastrense-restauran-y-bendicen-cristo-de-la-paz-de-la-capellania-militar-qb1zs14mdomwit83m6tsgekhcb49wwlgxicdm8io3s.jpg\"},{\"@type\":\"BreadcrumbList\",\"@id\":\"http:\/\/arqcodigital.com\/ppc\/misas-y-confesiones\/#breadcrumb\",\"itemListElement\":[{\"@type\":\"ListItem\",\"position\":1,\"name\":\"Inicio\",\"item\":\"http:\/\/arqcodigital.com\/ppc\/\"},{\"@type\":\"ListItem\",\"position\":2,\"name\":\"Misas y Confesiones\"}]},{\"@type\":\"WebSite\",\"@id\":\"http:\/\/arqcodigital.com\/ppc\/#website\",\"url\":\"http:\/\/arqcodigital.com\/ppc\/\",\"name\":\"Parroquia Personal Castrense\",\"description\":\"Cristo de la Paz\",\"publisher\":{\"@id\":\"http:\/\/arqcodigital.com\/ppc\/#organization\"},\"potentialAction\":[{\"@type\":\"SearchAction\",\"target\":{\"@type\":\"EntryPoint\",\"urlTemplate\":\"http:\/\/arqcodigital.com\/ppc\/?s={search_term_string}\"},\"query-input\":{\"@type\":\"PropertyValueSpecification\",\"valueRequired\":true,\"valueName\":\"search_term_string\"}}],\"inLanguage\":\"es\"},{\"@type\":\"Organization\",\"@id\":\"http:\/\/arqcodigital.com\/ppc\/#organization\",\"name\":\"Parroquia Personal Castrense\",\"url\":\"http:\/\/arqcodigital.com\/ppc\/\",\"logo\":{\"@type\":\"ImageObject\",\"inLanguage\":\"es\",\"@id\":\"http:\/\/arqcodigital.com\/ppc\/#\/schema\/logo\/image\/\",\"url\":\"http:\/\/arqcodigital.com\/ppc\/wp-content\/uploads\/2023\/02\/logo-ppc.jpg\",\"contentUrl\":\"http:\/\/arqcodigital.com\/ppc\/wp-content\/uploads\/2023\/02\/logo-ppc.jpg\",\"width\":993,\"height\":340,\"caption\":\"Parroquia Personal Castrense\"},\"image\":{\"@id\":\"http:\/\/arqcodigital.com\/ppc\/#\/schema\/logo\/image\/\"},\"sameAs\":[\"https:\/\/www.facebook.com\/CapellaniaMilitarCDMX\",\"https:\/\/x.com\/MxMilitar\",\"https:\/\/www.instagram.com\/capellaniamilitar\/\",\"https:\/\/www.youtube.com\/channel\/UCx6MFG76NU6wZ9KCMfb3-5A\"]}]}<\/script>\n<!-- \/ Yoast SEO plugin. -->","yoast_head_json":{"title":"Misas y Confesiones - Parroquia Personal Castrense","robots":{"index":"index","follow":"follow","max-snippet":"max-snippet:-1","max-image-preview":"max-image-preview:large","max-video-preview":"max-video-preview:-1"},"canonical":"http:\/\/arqcodigital.com\/ppc\/misas-y-confesiones\/","og_locale":"es_MX","og_type":"article","og_title":"Misas y Confesiones - Parroquia Personal Castrense","og_description":"Horarios Misas Comunitarias: Martes a S\u00e1bado 12:00 horas Misa Dominical: 11:00 horas 13:00 horas Rezo del Santo Rosario: martes a s\u00e1bado 11:00 horas Rezo del \u00c1ngelus: martes a s\u00e1bado 11:55 horas Misas Individuales: Martes y Jueves 18:00 y 19:00 horas Mi\u00e9rcoles y Viernes 13:00 horas\/li&gt; En s\u00e1bados y otros horarios consultar disponibilidad en la Ayudant\u00eda [&hellip;]","og_url":"http:\/\/arqcodigital.com\/ppc\/misas-y-confesiones\/","og_site_name":"Parroquia Personal Castrense","article_publisher":"https:\/\/www.facebook.com\/CapellaniaMilitarCDMX","article_modified_time":"2023-10-20T00:54:32+00:00","og_image":[{"url":"http:\/\/arqcodigital.com\/ppc\/wp-content\/uploads\/elementor\/thumbs\/parroquiapersonalcastrense-restauran-y-bendicen-cristo-de-la-paz-de-la-capellania-militar-qb1zs14mdomwit83m6tsgekhcb49wwlgxicdm8io3s.jpg","type":"","width":"","height":""}],"twitter_card":"summary_large_image","twitter_site":"@MxMilitar","twitter_misc":{"Tiempo de lectura":"1 minuto"},"schema":{"@context":"https:\/\/schema.org","@graph":[{"@type":"WebPage","@id":"http:\/\/arqcodigital.com\/ppc\/misas-y-confesiones\/","url":"http:\/\/arqcodigital.com\/ppc\/misas-y-confesiones\/","name":"Misas y Confesiones - Parroquia Personal Castrense","isPartOf":{"@id":"http:\/\/arqcodigital.com\/ppc\/#website"},"primaryImageOfPage":{"@id":"http:\/\/arqcodigital.com\/ppc\/misas-y-confesiones\/#primaryimage"},"image":{"@id":"http:\/\/arqcodigital.com\/ppc\/misas-y-confesiones\/#primaryimage"},"thumbnailUrl":"http:\/\/arqcodigital.com\/ppc\/wp-content\/uploads\/elementor\/thumbs\/parroquiapersonalcastrense-restauran-y-bendicen-cristo-de-la-paz-de-la-capellania-militar-qb1zs14mdomwit83m6tsgekhcb49wwlgxicdm8io3s.jpg","datePublished":"2021-03-10T22:22:24+00:00","dateModified":"2023-10-20T00:54:32+00:00","breadcrumb":{"@id":"http:\/\/arqcodigital.com\/ppc\/misas-y-confesiones\/#breadcrumb"},"inLanguage":"es","potentialAction":[{"@type":"ReadAction","target":["http:\/\/arqcodigital.com\/ppc\/misas-y-confesiones\/"]}]},{"@type":"ImageObject","inLanguage":"es","@id":"http:\/\/arqcodigital.com\/ppc\/misas-y-confesiones\/#primaryimage","url":"http:\/\/arqcodigital.com\/ppc\/wp-content\/uploads\/elementor\/thumbs\/parroquiapersonalcastrense-restauran-y-bendicen-cristo-de-la-paz-de-la-capellania-militar-qb1zs14mdomwit83m6tsgekhcb49wwlgxicdm8io3s.jpg","contentUrl":"http:\/\/arqcodigital.com\/ppc\/wp-content\/uploads\/elementor\/thumbs\/parroquiapersonalcastrense-restauran-y-bendicen-cristo-de-la-paz-de-la-capellania-militar-qb1zs14mdomwit83m6tsgekhcb49wwlgxicdm8io3s.jpg"},{"@type":"BreadcrumbList","@id":"http:\/\/arqcodigital.com\/ppc\/misas-y-confesiones\/#breadcrumb","itemListElement":[{"@type":"ListItem","position":1,"name":"Inicio","item":"http:\/\/arqcodigital.com\/ppc\/"},{"@type":"ListItem","position":2,"name":"Misas y Confesiones"}]},{"@type":"WebSite","@id":"http:\/\/arqcodigital.com\/ppc\/#website","url":"http:\/\/arqcodigital.com\/ppc\/","name":"Parroquia Personal Castrense","description":"Cristo de la Paz","publisher":{"@id":"http:\/\/arqcodigital.com\/ppc\/#organization"},"potentialAction":[{"@type":"SearchAction","target":{"@type":"EntryPoint","urlTemplate":"http:\/\/arqcodigital.com\/ppc\/?s={search_term_string}"},"query-input":{"@type":"PropertyValueSpecification","valueRequired":true,"valueName":"search_term_string"}}],"inLanguage":"es"},{"@type":"Organization","@id":"http:\/\/arqcodigital.com\/ppc\/#organization","name":"Parroquia Personal Castrense","url":"http:\/\/arqcodigital.com\/ppc\/","logo":{"@type":"ImageObject","inLanguage":"es","@id":"http:\/\/arqcodigital.com\/ppc\/#\/schema\/logo\/image\/","url":"http:\/\/arqcodigital.com\/ppc\/wp-content\/uploads\/2023\/02\/logo-ppc.jpg","contentUrl":"http:\/\/arqcodigital.com\/ppc\/wp-content\/uploads\/2023\/02\/logo-ppc.jpg","width":993,"height":340,"caption":"Parroquia Personal Castrense"},"image":{"@id":"http:\/\/arqcodigital.com\/ppc\/#\/schema\/logo\/image\/"},"sameAs":["https:\/\/www.facebook.com\/CapellaniaMilitarCDMX","https:\/\/x.com\/MxMilitar","https:\/\/www.instagram.com\/capellaniamilitar\/","https:\/\/www.youtube.com\/channel\/UCx6MFG76NU6wZ9KCMfb3-5A"]}]}},"_links":{"self":[{"href":"http:\/\/arqcodigital.com\/ppc\/wp-json\/wp\/v2\/pages\/2322"}],"collection":[{"href":"http:\/\/arqcodigital.com\/ppc\/wp-json\/wp\/v2\/pages"}],"about":[{"href":"http:\/\/arqcodigital.com\/ppc\/wp-json\/wp\/v2\/types\/page"}],"author":[{"embeddable":true,"href":"http:\/\/arqcodigital.com\/ppc\/wp-json\/wp\/v2\/users\/1"}],"replies":[{"embeddable":true,"href":"http:\/\/arqcodigital.com\/ppc\/wp-json\/wp\/v2\/comments?post=2322"}],"version-history":[{"count":42,"href":"http:\/\/arqcodigital.com\/ppc\/wp-json\/wp\/v2\/pages\/2322\/revisions"}],"predecessor-version":[{"id":5622,"href":"http:\/\/arqcodigital.com\/ppc\/wp-json\/wp\/v2\/pages\/2322\/revisions\/5622"}],"wp:attachment":[{"href":"http:\/\/arqcodigital.com\/ppc\/wp-json\/wp\/v2\/media?parent=2322"}],"curies":[{"name":"wp","href":"https:\/\/api.w.org\/{rel}","templated":true}]}}