{"id":3,"date":"2020-12-07T17:25:20","date_gmt":"2020-12-07T17:25:20","guid":{"rendered":"http:\/\/arqcodigital.com\/ppc\/?page_id=3"},"modified":"2023-10-20T23:09:24","modified_gmt":"2023-10-20T23:09:24","slug":"aviso-de-privacidad","status":"publish","type":"page","link":"http:\/\/arqcodigital.com\/ppc\/aviso-de-privacidad\/","title":{"rendered":"Aviso de privacidad"},"content":{"rendered":"\t\t<div data-elementor-type=\"wp-page\" data-elementor-id=\"3\" class=\"elementor elementor-3\" data-elementor-post-type=\"page\">\n\t\t\t\t\t\t<section class=\"elementor-section elementor-top-section elementor-element elementor-element-8566f2c elementor-section-boxed elementor-section-height-default elementor-section-height-default\" data-id=\"8566f2c\" data-element_type=\"section\" data-e-type=\"section\">\n\t\t\t\t\t\t<div class=\"elementor-container elementor-column-gap-default\">\n\t\t\t\t\t<div class=\"elementor-column elementor-col-16 elementor-top-column elementor-element elementor-element-badeede\" data-id=\"badeede\" data-element_type=\"column\" data-e-type=\"column\">\n\t\t\t<div class=\"elementor-widget-wrap\">\n\t\t\t\t\t\t\t<\/div>\n\t\t<\/div>\n\t\t\t\t<div class=\"elementor-column elementor-col-66 elementor-top-column elementor-element elementor-element-01b8302\" data-id=\"01b8302\" data-element_type=\"column\" data-e-type=\"column\">\n\t\t\t<div class=\"elementor-widget-wrap elementor-element-populated\">\n\t\t\t\t\t\t<div class=\"elementor-element elementor-element-3229f38 elementor-widget elementor-widget-text-editor\" data-id=\"3229f38\" data-element_type=\"widget\" data-e-type=\"widget\" data-widget_type=\"text-editor.default\">\n\t\t\t\t<div class=\"elementor-widget-container\">\n\t\t\t\t\t\t\t\t\tAviso de privacidad\t\t\t\t\t\t\t\t<\/div>\n\t\t\t\t<\/div>\n\t\t\t\t<div class=\"elementor-element elementor-element-0734eec elementor-widget elementor-widget-text-editor\" data-id=\"0734eec\" data-element_type=\"widget\" data-e-type=\"widget\" data-widget_type=\"text-editor.default\">\n\t\t\t\t<div class=\"elementor-widget-container\">\n\t\t\t\t\t\t\t\t\t<p>\nEn cumplimiento a la Ley Federal de Protecci\u00f3n de Datos Personales en Posesi\u00f3n de los Particulares y de su Reglamento (en adelante la Ley), y con el fin de asegurar la protecci\u00f3n y privacidad de los datos personales, as\u00ed como regular los derechos de acceso, rectificaci\u00f3n, cancelaci\u00f3n y oposici\u00f3n del tratamiento de los mismos, \u201cCRISTO DE LA PAZ, IRRIGACION, D.F.\u201d, A.R., le comunica el presente Aviso.<\/p>\n<p><b>Responsable<\/b><\/p>\n<p>\u201cCRISTO DE LA PAZ, IRRIGACION, D.F.\u201d, A.R. representada por Jorge Reyes de la Riva, (en adelante el Responsable y\/o Capellan\u00eda Militar), ubicada en Calzada Legaria 861, Colonia Irrigaci\u00f3n, Miguel Hidalgo, C.P. 11500, en la Ciudad de M\u00e9xico, es responsable de proteger la confidencialidad de los datos personales, datos personales sensibles y datos personales financieros o patrimoniales de sus donantes, bienhechores y amigos de la Instituci\u00f3n, as\u00ed como de garantizar su privacidad y su derecho a la autodeterminaci\u00f3n informativa.<\/p>\n<p>El ejercicio de los derechos de acceso, rectificaci\u00f3n, cancelaci\u00f3n, oposici\u00f3n, limitaci\u00f3n de uso o la revocaci\u00f3n del consentimiento, podr\u00e1 solicitarse por escrito al Departamento de Privacidad de la Capellan\u00eda Militar en el correo electr\u00f3nico info@parroquiapersonalcastrense.org<\/p>\n<p><b>Pol\u00edtica de Privacidad<\/b><\/p>\n<p>Este Aviso tiene como fin asegurar la privacidad de los datos proporcionados por los miembros de \u201cCRISTO DE LA PAZ, IRRIGACION, D.F.\u201d, A.R., aportantes, y, en general, personas de buena voluntad que por alg\u00fan motivo se vinculan con la Instituci\u00f3n.<\/p>\n<p>Al proporcionar sus datos personales, el Titular (usuario) est\u00e1 de acuerdo en su tratamiento, conforme este t\u00e9rmino se entiende en la fracci\u00f3n XVIII del art\u00edculo 3 de la Ley. En caso de no estar de acuerdo el Titular no deber\u00e1 proporcionar dato alguno.<\/p>\n<p>As\u00ed mismo, el Titular y\/o Usuario, manifiesta su consentimiento expreso de que el Responsable posea su informaci\u00f3n al dar de manera voluntaria sus datos, aceptando t\u00e1citamente las pol\u00edticas sobre EL AVISO DE PRIVACIDAD, as\u00ed como del apartado T\u00c9RMINOS Y CONDICIONES que se encuentran establecidos en la p\u00e1gina Web: https:\/\/parroquiapersonalcastrense.org\/AvisoPrivacidad<\/p>\n<p><b>Finalidades<\/b><\/p>\n<p>El Responsable puede recabar datos personales, datos personales sensibles y datos personales financieros o patrimoniales, con algunas de las siguientes finalidades:<\/p>\n<p>    Prestar servicios personales a trav\u00e9s de las secciones de la p\u00e1gina Web de la Capellan\u00eda Militar.<br>\n    Poner a disposici\u00f3n del Titular las herramientas necesarias para realizar las actividades de la Capellan\u00eda Militar.<br>\n    Brindar al Titular apoyo para su formaci\u00f3n personal y espiritual.<br>\n    Enviar al Titular boletines informativos con informaci\u00f3n y actualizaciones de las actividades de \u201cCRISTO DE LA PAZ, IRRIGACION, D.F.\u201d, A.R.<br>\n    Recibir pagos, aportaciones, limosnas y ofrendas.<br>\n    Contar con una base de datos, realizar estad\u00edsticas y evaluar la calidad de los servicios.<\/p>\n<p><b>Datos Personales<\/b><\/p>\n<p>Pueden ser objeto de tratamiento los siguientes datos personales, datos personales sensibles y datos personales financieros, que se presentan en forma enunciativa, no limitativa:<\/p>\n<p>    Datos de identificaci\u00f3n: nombre completo, edad, fecha y lugar de nacimiento, g\u00e9nero, estado civil, domicilio, nacionalidad, correo electr\u00f3nico, tel\u00e9fonos de contacto, clave del Registro Federal de Contribuyentes, Clave \u00danica de Registro de Poblaci\u00f3n, ciudad de residencia, trabajo, fotograf\u00eda, etc.<br>\n    Datos Personales: religi\u00f3n, parroquia, fechas de recepci\u00f3n de sacramentos, nombre de director espiritual, nombre de las organizaciones a las que pertenece, relaci\u00f3n con esas organizaciones, relaciones dentro de la Capellan\u00eda Militar, aficiones, actividades extracurriculares, actividades de acci\u00f3n social o apostolado, etc.<br>\n    Datos de familiares: nombre completo del c\u00f3nyuge, nombre completo de familiares y tipo de parentesco con sus familiares, fecha de nacimiento de sus familiares, etc.<br>\n    Datos financieros: N\u00famero de tarjeta de cr\u00e9dito o d\u00e9bito, banco emisor, tipo de tarjeta, operador de la tarjeta, c\u00f3digo de seguridad y fecha de vencimiento.<\/p>\n<p>En caso de que el Responsable reciba datos personales sensibles se compromete a que los mismos sean tratados bajo m\u00e1s estrictas medidas de seguridad, garantizando su confidencialidad.<\/p>\n<p><b>Principios<\/b><\/p>\n<p>El Responsable observa los principios de confidencialidad, licitud, consentimiento, informaci\u00f3n, calidad, finalidad, lealtad, proporcionalidad y responsabilidad en la protecci\u00f3n de datos personales.<\/p>\n<p><b>Transferencia de Datos<\/b><\/p>\n<p>El Responsable podr\u00e1 realizar las transferencias nacionales o internacionales de datos sin el consentimiento del Titular en los casos previstos en la Ley y en su Reglamento.<\/p>\n<p>Tambi\u00e9n podr\u00e1 realizar transferencias de datos a entidades proveedoras de servicios para el cumplimiento de las obligaciones contractuales acordadas, as\u00ed mismo podr\u00e1 intercambiar informaci\u00f3n confidencial entre Sociedades y Asociaciones Religiosas conforme al tr\u00e1mite que realizan.<\/p>\n<p>Los terceros y las entidades receptores de datos personales asumir\u00e1n las mismas obligaciones y\/o responsabilidades que el Responsable ha asumido con el Titular en el presente Aviso.<\/p>\n<p>El Titular de datos personales que establece una relaci\u00f3n jur\u00eddica con el Responsable acepta que sus datos personales podr\u00edan ser transferidos en los t\u00e9rminos descritos en la Ley, su Reglamento y el presente Aviso de Privacidad.<\/p>\n<p>Opciones y medios para limitar el uso o divulgaci\u00f3n de los datos personales<\/p>\n<p>El tratamiento de sus datos personales ser\u00e1 el que resulte necesario, adecuado y relevante en relaci\u00f3n con las finalidades previstas en este Aviso de Privacidad.<\/p>\n<p>El Responsable cuenta con las medidas de seguridad, administrativas, t\u00e9cnicas y f\u00edsicas necesarias y suficientes para proteger sus datos personales contra da\u00f1o, p\u00e9rdida, alteraci\u00f3n, destrucci\u00f3n, uso, acceso o tratamiento no autorizado.<\/p>\n<p>Los datos personales son salvaguardados en bases de datos y equipos de c\u00f3mputo que cuentan con la seguridad necesaria para prevenir fugas de informaci\u00f3n. Controles de acceso f\u00edsico y l\u00f3gico, controles ambientales, sistemas de protecci\u00f3n anti intrusos (IPS, Firewall), herramientas de protecci\u00f3n antivirus y filtrado web son algunas de las herramientas utilizadas para mantener la seguridad de los datos en los sistemas del Responsable.<\/p>\n<p>Si el Titular desea solicitar la limitaci\u00f3n del uso o divulgaci\u00f3n de sus datos personales puede hacerlo en el Departamento de Privacidad de la Capellan\u00eda Militar en el correo electr\u00f3nico info@parroquiapersonalcastrense.org<\/p>\n<p><b>Derechos de los Titulares de Datos Personales<\/b><\/p>\n<p>Cualquier Titular o, en su caso, su representante legal podr\u00e1 ejercer los derechos de acceso, rectificaci\u00f3n, cancelaci\u00f3n y oposici\u00f3n sobre sus datos personales, y el Responsable proveer\u00e1 los medios que le permitan un oportuno ejercicio de sus derechos. El ejercicio de los derechos de acceso, rectificaci\u00f3n, cancelaci\u00f3n, oposici\u00f3n, limitaci\u00f3n de uso o la revocaci\u00f3n del consentimiento, deber\u00e1n solicitarse por escrito \u00fanicamente ante Departamento de Privacidad en el correo electr\u00f3nico info@parroquiapersonalcastrense.org<\/p>\n<p><b>Procedimiento para el Ejercicio de los Derechos<\/b><\/p>\n<p>La solicitud, por escrito v\u00eda correo electr\u00f3nico, de acceso, rectificaci\u00f3n, cancelaci\u00f3n, oposici\u00f3n, limitaci\u00f3n de uso o la revocaci\u00f3n del consentimiento, deber\u00e1 contener y acompa\u00f1ar lo siguiente:<\/p>\n<p>I: El nombre del Titular y domicilio u otro medio para comunicarle la respuesta a su solicitud,<\/p>\n<p>II: Los documentos que acrediten su identidad o, en su caso, la representaci\u00f3n legal del Titular,<\/p>\n<p>III: La descripci\u00f3n clara y precisa de los datos personales respecto de los que se busca ejercer alguno de los derechos antes mencionados, y<\/p>\n<p>IV: Cualquier otro elemento o documento que facilite la localizaci\u00f3n de los datos personales.<\/p>\n<p>    Para el caso de las solicitudes de rectificaci\u00f3n el Titular deber\u00e1 indicar las modificaciones a realizarse y aportar la documentaci\u00f3n que sustente su petici\u00f3n<\/p>\n<p>El Responsable comunicar\u00e1 al Titular, en veinte d\u00edas h\u00e1biles contados desde la fecha en que se recibi\u00f3 la solicitud de acceso, rectificaci\u00f3n, cancelaci\u00f3n u oposici\u00f3n, la determinaci\u00f3n adoptada a efecto de que, si resulta procedente, se haga efectiva la misma dentro de los quince d\u00edas h\u00e1biles siguientes a la fecha en que se comunica la respuesta. Los plazos antes referidos, podr\u00e1n ser ampliados una sola vez por un periodo igual, siempre y cuando as\u00ed lo justifiquen las circunstancias del caso.<\/p>\n<p><b>Acceso<\/b><\/p>\n<p>La obligaci\u00f3n de acceso a la informaci\u00f3n se dar\u00e1 por cumplida cuando se pongan a disposici\u00f3n del Titular sus datos personales.<\/p>\n<p><b>Cambios a este Aviso<\/b><\/p>\n<p>El Responsable se reserva el derecho de efectuar en cualquier momento modificaciones o actualizaciones al presente aviso de privacidad, para la atenci\u00f3n de novedades legislativas o jurisprudenciales, pol\u00edticas internas, nuevos requerimientos para la prestaci\u00f3n u ofrecimiento de los servicios que ofrece El Responsable. Estas modificaciones estar\u00e1n disponibles a trav\u00e9s de la p\u00e1gina de internet www.parroquiapersonalcastrense.org<\/p>\n<p><b>Consentimiento general<\/b><\/p>\n<p>Habi\u00e9ndose puesto a disposici\u00f3n del Titular este Aviso de Privacidad y sus modificaciones, ya sea personalmente o a trav\u00e9s de la p\u00e1gina de internet o de otros medios, y no habiendo manifestado inmediatamente oposici\u00f3n alguna, se entender\u00e1 que el Titular ha consentido t\u00e1citamente el tratamiento de sus datos. Si el Titular proporcion\u00f3 sus datos verbalmente, por escrito, por medios electr\u00f3nicos, \u00f3pticos o por cualquier otra tecnolog\u00eda, o por signos inequ\u00edvocos, se entender\u00e1 que ha dado su consentimiento expreso.<\/p>\n<p><b>Consentimiento expreso<\/b><\/p>\n<p>De conformidad con los art\u00edculos aplicables de la Ley Federal para la Protecci\u00f3n de Datos Personales en Posesi\u00f3n de los Particulares, por medio de la presente I. el Titular reconoce que ha le\u00eddo este Aviso de Privacidad y el apartado de T\u00e9rminos y Condiciones y que entiende sus alcances; II. el Titular otorga su consentimiento expreso para el tratamiento de sus datos personales, datos personales sensibles y datos personales financieros o patrimoniales para los fines establecidos en este Aviso de Privacidad; y III. el Titular acepta que el Responsable pueda transferir sus datos personales, datos personales sensibles y datos personales financieros o patrimoniales a terceros distintos del encargado, principalmente a Sociedades y Asociaciones Religiosas conforme al tr\u00e1mite que realicen dentro de la p\u00e1gina Web.<\/p>\n<p>Este consentimiento expreso puede documentarse a trav\u00e9s de firma aut\u00f3grafa, firma electr\u00f3nica o cualquier mecanismo de autenticaci\u00f3n.<\/p>\n<p>    El Titular otorga su consentimiento para el tratamiento de sus datos personales para finalidades distintas a aquellas que sean necesarias para su relaci\u00f3n jur\u00eddica con el Responsable.<\/p>\n<p><b>Revocaci\u00f3n del Consentimiento<\/b><\/p>\n<p>El Titular podr\u00e1 revocar su consentimiento para el tratamiento de sus datos personales en cualquier momento, debiendo, \u00fanicamente para tales efectos enviar una solicitud por escrito al Departamento de Privacidad en el correo electr\u00f3nico info@parroquiapersonalcastrense.org<\/p>\n<p>Dentro de los siguientes veinte d\u00edas h\u00e1biles contados desde la fecha en que se recibi\u00f3 la solicitud de revocaci\u00f3n el Responsable informar\u00e1 al Titular sobre la procedencia o improcedencia de la misma y si resulta procedente la har\u00e1 efectiva dentro de los quince d\u00edas h\u00e1biles siguientes a la fecha en que se comunica la respuesta al correo electr\u00f3nico que el Titular proporcione.<\/p>\n<p>Actualizaci\u00f3n: Octubre 20, 2023<\/p>\t\t\t\t\t\t\t\t<\/div>\n\t\t\t\t<\/div>\n\t\t\t\t\t<\/div>\n\t\t<\/div>\n\t\t\t\t<div class=\"elementor-column elementor-col-16 elementor-top-column elementor-element elementor-element-ef53e8a\" data-id=\"ef53e8a\" data-element_type=\"column\" data-e-type=\"column\">\n\t\t\t<div class=\"elementor-widget-wrap\">\n\t\t\t\t\t\t\t<\/div>\n\t\t<\/div>\n\t\t\t\t\t<\/div>\n\t\t<\/section>\n\t\t\t\t<\/div>\n\t\t","protected":false},"excerpt":{"rendered":"<p>Aviso de privacidad En cumplimiento a la Ley Federal de Protecci\u00f3n de Datos Personales en Posesi\u00f3n de los Particulares y de su Reglamento (en adelante la Ley), y con el fin de asegurar la protecci\u00f3n y privacidad de los datos personales, as\u00ed como regular los derechos de acceso, rectificaci\u00f3n, cancelaci\u00f3n y oposici\u00f3n del tratamiento de [&hellip;]<\/p>\n","protected":false},"author":1,"featured_media":0,"parent":0,"menu_order":0,"comment_status":"closed","ping_status":"open","template":"","meta":{"footnotes":""},"class_list":["post-3","page","type-page","status-publish","hentry"],"yoast_head":"<!-- This site is optimized with the Yoast SEO plugin v25.6 - https:\/\/yoast.com\/wordpress\/plugins\/seo\/ -->\n<title>Aviso de privacidad - Parroquia Personal Castrense<\/title>\n<meta name=\"robots\" content=\"index, follow, max-snippet:-1, max-image-preview:large, max-video-preview:-1\" \/>\n<link rel=\"canonical\" href=\"http:\/\/arqcodigital.com\/ppc\/aviso-de-privacidad\/\" \/>\n<meta property=\"og:locale\" content=\"es_MX\" \/>\n<meta property=\"og:type\" content=\"article\" \/>\n<meta property=\"og:title\" content=\"Aviso de privacidad - Parroquia Personal Castrense\" \/>\n<meta property=\"og:description\" content=\"Aviso de privacidad En cumplimiento a la Ley Federal de Protecci\u00f3n de Datos Personales en Posesi\u00f3n de los Particulares y de su Reglamento (en adelante la Ley), y con el fin de asegurar la protecci\u00f3n y privacidad de los datos personales, as\u00ed como regular los derechos de acceso, rectificaci\u00f3n, cancelaci\u00f3n y oposici\u00f3n del tratamiento de [&hellip;]\" \/>\n<meta property=\"og:url\" content=\"http:\/\/arqcodigital.com\/ppc\/aviso-de-privacidad\/\" \/>\n<meta property=\"og:site_name\" content=\"Parroquia Personal Castrense\" \/>\n<meta property=\"article:publisher\" content=\"https:\/\/www.facebook.com\/CapellaniaMilitarCDMX\" \/>\n<meta property=\"article:modified_time\" content=\"2023-10-20T23:09:24+00:00\" \/>\n<meta name=\"twitter:card\" content=\"summary_large_image\" \/>\n<meta name=\"twitter:site\" content=\"@MxMilitar\" \/>\n<meta name=\"twitter:label1\" content=\"Tiempo de lectura\" \/>\n\t<meta name=\"twitter:data1\" content=\"8 minutos\" \/>\n<script type=\"application\/ld+json\" class=\"yoast-schema-graph\">{\"@context\":\"https:\/\/schema.org\",\"@graph\":[{\"@type\":\"WebPage\",\"@id\":\"http:\/\/arqcodigital.com\/ppc\/aviso-de-privacidad\/\",\"url\":\"http:\/\/arqcodigital.com\/ppc\/aviso-de-privacidad\/\",\"name\":\"Aviso de privacidad - Parroquia Personal Castrense\",\"isPartOf\":{\"@id\":\"http:\/\/arqcodigital.com\/ppc\/#website\"},\"datePublished\":\"2020-12-07T17:25:20+00:00\",\"dateModified\":\"2023-10-20T23:09:24+00:00\",\"breadcrumb\":{\"@id\":\"http:\/\/arqcodigital.com\/ppc\/aviso-de-privacidad\/#breadcrumb\"},\"inLanguage\":\"es\",\"potentialAction\":[{\"@type\":\"ReadAction\",\"target\":[\"http:\/\/arqcodigital.com\/ppc\/aviso-de-privacidad\/\"]}]},{\"@type\":\"BreadcrumbList\",\"@id\":\"http:\/\/arqcodigital.com\/ppc\/aviso-de-privacidad\/#breadcrumb\",\"itemListElement\":[{\"@type\":\"ListItem\",\"position\":1,\"name\":\"Inicio\",\"item\":\"http:\/\/arqcodigital.com\/ppc\/\"},{\"@type\":\"ListItem\",\"position\":2,\"name\":\"Aviso de privacidad\"}]},{\"@type\":\"WebSite\",\"@id\":\"http:\/\/arqcodigital.com\/ppc\/#website\",\"url\":\"http:\/\/arqcodigital.com\/ppc\/\",\"name\":\"Parroquia Personal Castrense\",\"description\":\"Cristo de la Paz\",\"publisher\":{\"@id\":\"http:\/\/arqcodigital.com\/ppc\/#organization\"},\"potentialAction\":[{\"@type\":\"SearchAction\",\"target\":{\"@type\":\"EntryPoint\",\"urlTemplate\":\"http:\/\/arqcodigital.com\/ppc\/?s={search_term_string}\"},\"query-input\":{\"@type\":\"PropertyValueSpecification\",\"valueRequired\":true,\"valueName\":\"search_term_string\"}}],\"inLanguage\":\"es\"},{\"@type\":\"Organization\",\"@id\":\"http:\/\/arqcodigital.com\/ppc\/#organization\",\"name\":\"Parroquia Personal Castrense\",\"url\":\"http:\/\/arqcodigital.com\/ppc\/\",\"logo\":{\"@type\":\"ImageObject\",\"inLanguage\":\"es\",\"@id\":\"http:\/\/arqcodigital.com\/ppc\/#\/schema\/logo\/image\/\",\"url\":\"http:\/\/arqcodigital.com\/ppc\/wp-content\/uploads\/2023\/02\/logo-ppc.jpg\",\"contentUrl\":\"http:\/\/arqcodigital.com\/ppc\/wp-content\/uploads\/2023\/02\/logo-ppc.jpg\",\"width\":993,\"height\":340,\"caption\":\"Parroquia Personal Castrense\"},\"image\":{\"@id\":\"http:\/\/arqcodigital.com\/ppc\/#\/schema\/logo\/image\/\"},\"sameAs\":[\"https:\/\/www.facebook.com\/CapellaniaMilitarCDMX\",\"https:\/\/x.com\/MxMilitar\",\"https:\/\/www.instagram.com\/capellaniamilitar\/\",\"https:\/\/www.youtube.com\/channel\/UCx6MFG76NU6wZ9KCMfb3-5A\"]}]}<\/script>\n<!-- \/ Yoast SEO plugin. -->","yoast_head_json":{"title":"Aviso de privacidad - Parroquia Personal Castrense","robots":{"index":"index","follow":"follow","max-snippet":"max-snippet:-1","max-image-preview":"max-image-preview:large","max-video-preview":"max-video-preview:-1"},"canonical":"http:\/\/arqcodigital.com\/ppc\/aviso-de-privacidad\/","og_locale":"es_MX","og_type":"article","og_title":"Aviso de privacidad - Parroquia Personal Castrense","og_description":"Aviso de privacidad En cumplimiento a la Ley Federal de Protecci\u00f3n de Datos Personales en Posesi\u00f3n de los Particulares y de su Reglamento (en adelante la Ley), y con el fin de asegurar la protecci\u00f3n y privacidad de los datos personales, as\u00ed como regular los derechos de acceso, rectificaci\u00f3n, cancelaci\u00f3n y oposici\u00f3n del tratamiento de [&hellip;]","og_url":"http:\/\/arqcodigital.com\/ppc\/aviso-de-privacidad\/","og_site_name":"Parroquia Personal Castrense","article_publisher":"https:\/\/www.facebook.com\/CapellaniaMilitarCDMX","article_modified_time":"2023-10-20T23:09:24+00:00","twitter_card":"summary_large_image","twitter_site":"@MxMilitar","twitter_misc":{"Tiempo de lectura":"8 minutos"},"schema":{"@context":"https:\/\/schema.org","@graph":[{"@type":"WebPage","@id":"http:\/\/arqcodigital.com\/ppc\/aviso-de-privacidad\/","url":"http:\/\/arqcodigital.com\/ppc\/aviso-de-privacidad\/","name":"Aviso de privacidad - Parroquia Personal Castrense","isPartOf":{"@id":"http:\/\/arqcodigital.com\/ppc\/#website"},"datePublished":"2020-12-07T17:25:20+00:00","dateModified":"2023-10-20T23:09:24+00:00","breadcrumb":{"@id":"http:\/\/arqcodigital.com\/ppc\/aviso-de-privacidad\/#breadcrumb"},"inLanguage":"es","potentialAction":[{"@type":"ReadAction","target":["http:\/\/arqcodigital.com\/ppc\/aviso-de-privacidad\/"]}]},{"@type":"BreadcrumbList","@id":"http:\/\/arqcodigital.com\/ppc\/aviso-de-privacidad\/#breadcrumb","itemListElement":[{"@type":"ListItem","position":1,"name":"Inicio","item":"http:\/\/arqcodigital.com\/ppc\/"},{"@type":"ListItem","position":2,"name":"Aviso de privacidad"}]},{"@type":"WebSite","@id":"http:\/\/arqcodigital.com\/ppc\/#website","url":"http:\/\/arqcodigital.com\/ppc\/","name":"Parroquia Personal Castrense","description":"Cristo de la Paz","publisher":{"@id":"http:\/\/arqcodigital.com\/ppc\/#organization"},"potentialAction":[{"@type":"SearchAction","target":{"@type":"EntryPoint","urlTemplate":"http:\/\/arqcodigital.com\/ppc\/?s={search_term_string}"},"query-input":{"@type":"PropertyValueSpecification","valueRequired":true,"valueName":"search_term_string"}}],"inLanguage":"es"},{"@type":"Organization","@id":"http:\/\/arqcodigital.com\/ppc\/#organization","name":"Parroquia Personal Castrense","url":"http:\/\/arqcodigital.com\/ppc\/","logo":{"@type":"ImageObject","inLanguage":"es","@id":"http:\/\/arqcodigital.com\/ppc\/#\/schema\/logo\/image\/","url":"http:\/\/arqcodigital.com\/ppc\/wp-content\/uploads\/2023\/02\/logo-ppc.jpg","contentUrl":"http:\/\/arqcodigital.com\/ppc\/wp-content\/uploads\/2023\/02\/logo-ppc.jpg","width":993,"height":340,"caption":"Parroquia Personal Castrense"},"image":{"@id":"http:\/\/arqcodigital.com\/ppc\/#\/schema\/logo\/image\/"},"sameAs":["https:\/\/www.facebook.com\/CapellaniaMilitarCDMX","https:\/\/x.com\/MxMilitar","https:\/\/www.instagram.com\/capellaniamilitar\/","https:\/\/www.youtube.com\/channel\/UCx6MFG76NU6wZ9KCMfb3-5A"]}]}},"_links":{"self":[{"href":"http:\/\/arqcodigital.com\/ppc\/wp-json\/wp\/v2\/pages\/3"}],"collection":[{"href":"http:\/\/arqcodigital.com\/ppc\/wp-json\/wp\/v2\/pages"}],"about":[{"href":"http:\/\/arqcodigital.com\/ppc\/wp-json\/wp\/v2\/types\/page"}],"author":[{"embeddable":true,"href":"http:\/\/arqcodigital.com\/ppc\/wp-json\/wp\/v2\/users\/1"}],"replies":[{"embeddable":true,"href":"http:\/\/arqcodigital.com\/ppc\/wp-json\/wp\/v2\/comments?post=3"}],"version-history":[{"count":12,"href":"http:\/\/arqcodigital.com\/ppc\/wp-json\/wp\/v2\/pages\/3\/revisions"}],"predecessor-version":[{"id":5976,"href":"http:\/\/arqcodigital.com\/ppc\/wp-json\/wp\/v2\/pages\/3\/revisions\/5976"}],"wp:attachment":[{"href":"http:\/\/arqcodigital.com\/ppc\/wp-json\/wp\/v2\/media?parent=3"}],"curies":[{"name":"wp","href":"https:\/\/api.w.org\/{rel}","templated":true}]}}