{"id":5770,"date":"2023-10-20T16:19:39","date_gmt":"2023-10-20T16:19:39","guid":{"rendered":"http:\/\/arqcodigital.com\/ppc\/?page_id=5770"},"modified":"2023-10-21T00:38:52","modified_gmt":"2023-10-21T00:38:52","slug":"cursos","status":"publish","type":"page","link":"http:\/\/arqcodigital.com\/ppc\/cursos\/","title":{"rendered":"Cursos"},"content":{"rendered":"\t\t<div data-elementor-type=\"wp-page\" data-elementor-id=\"5770\" class=\"elementor elementor-5770\" data-elementor-post-type=\"page\">\n\t\t\t\t\t\t<section class=\"elementor-section elementor-top-section elementor-element elementor-element-2c741b1 elementor-section-boxed elementor-section-height-default elementor-section-height-default\" data-id=\"2c741b1\" data-element_type=\"section\" data-e-type=\"section\">\n\t\t\t\t\t\t<div class=\"elementor-container elementor-column-gap-default\">\n\t\t\t\t\t<div class=\"elementor-column elementor-col-50 elementor-top-column elementor-element elementor-element-31f2c78\" data-id=\"31f2c78\" data-element_type=\"column\" data-e-type=\"column\">\n\t\t\t<div class=\"elementor-widget-wrap elementor-element-populated\">\n\t\t\t\t\t\t<div class=\"elementor-element elementor-element-16a3288 elementor-widget elementor-widget-image\" data-id=\"16a3288\" data-element_type=\"widget\" data-e-type=\"widget\" data-widget_type=\"image.default\">\n\t\t\t\t<div class=\"elementor-widget-container\">\n\t\t\t\t\t\t\t\t\t\t\t\t\t\t\t<img fetchpriority=\"high\" decoding=\"async\" width=\"800\" height=\"571\" src=\"http:\/\/arqcodigital.com\/ppc\/wp-content\/uploads\/2023\/10\/cursosppc.jpg\" class=\"attachment-large size-large wp-image-5773\" alt=\"cursosppc\" srcset=\"http:\/\/arqcodigital.com\/ppc\/wp-content\/uploads\/2023\/10\/cursosppc.jpg 1000w, http:\/\/arqcodigital.com\/ppc\/wp-content\/uploads\/2023\/10\/cursosppc-300x214.jpg 300w, http:\/\/arqcodigital.com\/ppc\/wp-content\/uploads\/2023\/10\/cursosppc-768x548.jpg 768w\" sizes=\"(max-width: 800px) 100vw, 800px\" \/>\t\t\t\t\t\t\t\t\t\t\t\t\t\t\t<\/div>\n\t\t\t\t<\/div>\n\t\t\t\t\t<\/div>\n\t\t<\/div>\n\t\t\t\t<div class=\"elementor-column elementor-col-50 elementor-top-column elementor-element elementor-element-34ff3ff\" data-id=\"34ff3ff\" data-element_type=\"column\" data-e-type=\"column\">\n\t\t\t<div class=\"elementor-widget-wrap elementor-element-populated\">\n\t\t\t\t\t\t<div class=\"elementor-element elementor-element-efc3fd1 elementor-widget elementor-widget-text-editor\" data-id=\"efc3fd1\" data-element_type=\"widget\" data-e-type=\"widget\" data-widget_type=\"text-editor.default\">\n\t\t\t\t<div class=\"elementor-widget-container\">\n\t\t\t\t\t\t\t\t\tSacramento de la Confirmaci\u00f3n\t\t\t\t\t\t\t\t<\/div>\n\t\t\t\t<\/div>\n\t\t\t\t<div class=\"elementor-element elementor-element-26ae489 elementor-widget elementor-widget-text-editor\" data-id=\"26ae489\" data-element_type=\"widget\" data-e-type=\"widget\" data-widget_type=\"text-editor.default\">\n\t\t\t\t<div class=\"elementor-widget-container\">\n\t\t\t\t\t\t\t\t\t<p>Los invitamos al curso <strong>\u201cSacramento de la Confirmaci\u00f3n\u201d<\/strong><br \/><br \/><strong>Favor de descargar los archivos<\/strong> y entregar la documentaci\u00f3n en las oficinas de la Parroquia.<\/p>\t\t\t\t\t\t\t\t<\/div>\n\t\t\t\t<\/div>\n\t\t\t\t<div class=\"elementor-element elementor-element-3f511b6 elementor-align-left elementor-widget elementor-widget-button\" data-id=\"3f511b6\" data-element_type=\"widget\" data-e-type=\"widget\" data-widget_type=\"button.default\">\n\t\t\t\t<div class=\"elementor-widget-container\">\n\t\t\t\t\t\t\t\t\t<div class=\"elementor-button-wrapper\">\n\t\t\t\t\t<a class=\"elementor-button elementor-button-link elementor-size-sm elementor-animation-grow\" href=\"http:\/\/arqcodigital.com\/ppc\/wp-content\/uploads\/2023\/10\/confirmacion-mayores-de-16-anos-ppc.pdf\">\n\t\t\t\t\t\t<span class=\"elementor-button-content-wrapper\">\n\t\t\t\t\t\t<span class=\"elementor-button-icon\">\n\t\t\t\t<i aria-hidden=\"true\" class=\"far fa-arrow-alt-circle-right\"><\/i>\t\t\t<\/span>\n\t\t\t\t\t\t\t\t\t<span class=\"elementor-button-text\">Confirmaci\u00f3n mayores de 16 a\u00f1os<\/span>\n\t\t\t\t\t<\/span>\n\t\t\t\t\t<\/a>\n\t\t\t\t<\/div>\n\t\t\t\t\t\t\t\t<\/div>\n\t\t\t\t<\/div>\n\t\t\t\t<div class=\"elementor-element elementor-element-4b778b9a elementor-widget elementor-widget-button\" data-id=\"4b778b9a\" data-element_type=\"widget\" data-e-type=\"widget\" data-widget_type=\"button.default\">\n\t\t\t\t<div class=\"elementor-widget-container\">\n\t\t\t\t\t\t\t\t\t<div class=\"elementor-button-wrapper\">\n\t\t\t\t\t<a class=\"elementor-button elementor-button-link elementor-size-sm elementor-animation-grow\" href=\"https:\/\/parroquiapersonalcastrense.org\/wp-content\/uploads\/2023\/09\/carta-de-presentacion-confirmacion-ppc.pdf\">\n\t\t\t\t\t\t<span class=\"elementor-button-content-wrapper\">\n\t\t\t\t\t\t<span class=\"elementor-button-icon\">\n\t\t\t\t<i aria-hidden=\"true\" class=\"far fa-arrow-alt-circle-right\"><\/i>\t\t\t<\/span>\n\t\t\t\t\t\t\t\t\t<span class=\"elementor-button-text\">CARTA DE PRESENTACI\u00d3N CONFIRMACI\u00d3N<\/span>\n\t\t\t\t\t<\/span>\n\t\t\t\t\t<\/a>\n\t\t\t\t<\/div>\n\t\t\t\t\t\t\t\t<\/div>\n\t\t\t\t<\/div>\n\t\t\t\t<div class=\"elementor-element elementor-element-012d8f4 elementor-widget elementor-widget-text-editor\" data-id=\"012d8f4\" data-element_type=\"widget\" data-e-type=\"widget\" data-widget_type=\"text-editor.default\">\n\t\t\t\t<div class=\"elementor-widget-container\">\n\t\t\t\t\t\t\t\t\t<p>Para registrarte por favor ay\u00fadanos con tus datos en el siguiente formulario.<\/p>\t\t\t\t\t\t\t\t<\/div>\n\t\t\t\t<\/div>\n\t\t\t\t\t<\/div>\n\t\t<\/div>\n\t\t\t\t\t<\/div>\n\t\t<\/section>\n\t\t\t\t<section class=\"elementor-section elementor-top-section elementor-element elementor-element-cc98b34 elementor-section-boxed elementor-section-height-default elementor-section-height-default\" data-id=\"cc98b34\" data-element_type=\"section\" data-e-type=\"section\">\n\t\t\t\t\t\t<div class=\"elementor-container elementor-column-gap-default\">\n\t\t\t\t\t<div class=\"elementor-column elementor-col-100 elementor-top-column elementor-element elementor-element-b7811ef\" data-id=\"b7811ef\" data-element_type=\"column\" data-e-type=\"column\">\n\t\t\t<div class=\"elementor-widget-wrap elementor-element-populated\">\n\t\t\t\t\t\t<div class=\"elementor-element elementor-element-e433156 elementor-widget elementor-widget-shortcode\" data-id=\"e433156\" data-element_type=\"widget\" data-e-type=\"widget\" data-widget_type=\"shortcode.default\">\n\t\t\t\t<div class=\"elementor-widget-container\">\n\t\t\t\t\t\t\t<div class=\"elementor-shortcode\"><script type=\"text\/javascript\" src=\"https:\/\/form.jotform.com\/jsform\/232634554838868\"><\/script><\/div>\n\t\t\t\t\t\t<\/div>\n\t\t\t\t<\/div>\n\t\t\t\t\t<\/div>\n\t\t<\/div>\n\t\t\t\t\t<\/div>\n\t\t<\/section>\n\t\t\t\t<\/div>\n\t\t","protected":false},"excerpt":{"rendered":"<p>Sacramento de la Confirmaci\u00f3n Los invitamos al curso \u201cSacramento de la Confirmaci\u00f3n\u201d Favor de descargar los archivos y entregar la documentaci\u00f3n en las oficinas de la Parroquia. Confirmaci\u00f3n mayores de 16 a\u00f1os CARTA DE PRESENTACI\u00d3N CONFIRMACI\u00d3N Para registrarte por favor ay\u00fadanos con tus datos en el siguiente formulario.<\/p>\n","protected":false},"author":1,"featured_media":0,"parent":0,"menu_order":0,"comment_status":"closed","ping_status":"closed","template":"","meta":{"footnotes":""},"class_list":["post-5770","page","type-page","status-publish","hentry"],"yoast_head":"<!-- This site is optimized with the Yoast SEO plugin v25.6 - https:\/\/yoast.com\/wordpress\/plugins\/seo\/ -->\n<title>Cursos - Parroquia Personal Castrense<\/title>\n<meta name=\"robots\" content=\"index, follow, max-snippet:-1, max-image-preview:large, max-video-preview:-1\" \/>\n<link rel=\"canonical\" href=\"http:\/\/arqcodigital.com\/ppc\/cursos\/\" \/>\n<meta property=\"og:locale\" content=\"es_MX\" \/>\n<meta property=\"og:type\" content=\"article\" \/>\n<meta property=\"og:title\" content=\"Cursos - Parroquia Personal Castrense\" \/>\n<meta property=\"og:description\" content=\"Sacramento de la Confirmaci\u00f3n Los invitamos al curso \u201cSacramento de la Confirmaci\u00f3n\u201d Favor de descargar los archivos y entregar la documentaci\u00f3n en las oficinas de la Parroquia. Confirmaci\u00f3n mayores de 16 a\u00f1os CARTA DE PRESENTACI\u00d3N CONFIRMACI\u00d3N Para registrarte por favor ay\u00fadanos con tus datos en el siguiente formulario.\" \/>\n<meta property=\"og:url\" content=\"http:\/\/arqcodigital.com\/ppc\/cursos\/\" \/>\n<meta property=\"og:site_name\" content=\"Parroquia Personal Castrense\" \/>\n<meta property=\"article:publisher\" content=\"https:\/\/www.facebook.com\/CapellaniaMilitarCDMX\" \/>\n<meta property=\"article:modified_time\" content=\"2023-10-21T00:38:52+00:00\" \/>\n<meta property=\"og:image\" content=\"http:\/\/arqcodigital.com\/ppc\/wp-content\/uploads\/2023\/10\/cursosppc.jpg\" \/>\n<meta name=\"twitter:card\" content=\"summary_large_image\" \/>\n<meta name=\"twitter:site\" content=\"@MxMilitar\" \/>\n<meta name=\"twitter:label1\" content=\"Tiempo de lectura\" \/>\n\t<meta name=\"twitter:data1\" content=\"1 minuto\" \/>\n<script type=\"application\/ld+json\" class=\"yoast-schema-graph\">{\"@context\":\"https:\/\/schema.org\",\"@graph\":[{\"@type\":\"WebPage\",\"@id\":\"http:\/\/arqcodigital.com\/ppc\/cursos\/\",\"url\":\"http:\/\/arqcodigital.com\/ppc\/cursos\/\",\"name\":\"Cursos - Parroquia Personal Castrense\",\"isPartOf\":{\"@id\":\"http:\/\/arqcodigital.com\/ppc\/#website\"},\"primaryImageOfPage\":{\"@id\":\"http:\/\/arqcodigital.com\/ppc\/cursos\/#primaryimage\"},\"image\":{\"@id\":\"http:\/\/arqcodigital.com\/ppc\/cursos\/#primaryimage\"},\"thumbnailUrl\":\"http:\/\/arqcodigital.com\/ppc\/wp-content\/uploads\/2023\/10\/cursosppc.jpg\",\"datePublished\":\"2023-10-20T16:19:39+00:00\",\"dateModified\":\"2023-10-21T00:38:52+00:00\",\"breadcrumb\":{\"@id\":\"http:\/\/arqcodigital.com\/ppc\/cursos\/#breadcrumb\"},\"inLanguage\":\"es\",\"potentialAction\":[{\"@type\":\"ReadAction\",\"target\":[\"http:\/\/arqcodigital.com\/ppc\/cursos\/\"]}]},{\"@type\":\"ImageObject\",\"inLanguage\":\"es\",\"@id\":\"http:\/\/arqcodigital.com\/ppc\/cursos\/#primaryimage\",\"url\":\"http:\/\/arqcodigital.com\/ppc\/wp-content\/uploads\/2023\/10\/cursosppc.jpg\",\"contentUrl\":\"http:\/\/arqcodigital.com\/ppc\/wp-content\/uploads\/2023\/10\/cursosppc.jpg\",\"width\":1000,\"height\":714,\"caption\":\"cursosppc\"},{\"@type\":\"BreadcrumbList\",\"@id\":\"http:\/\/arqcodigital.com\/ppc\/cursos\/#breadcrumb\",\"itemListElement\":[{\"@type\":\"ListItem\",\"position\":1,\"name\":\"Inicio\",\"item\":\"http:\/\/arqcodigital.com\/ppc\/\"},{\"@type\":\"ListItem\",\"position\":2,\"name\":\"Cursos\"}]},{\"@type\":\"WebSite\",\"@id\":\"http:\/\/arqcodigital.com\/ppc\/#website\",\"url\":\"http:\/\/arqcodigital.com\/ppc\/\",\"name\":\"Parroquia Personal Castrense\",\"description\":\"Cristo de la Paz\",\"publisher\":{\"@id\":\"http:\/\/arqcodigital.com\/ppc\/#organization\"},\"potentialAction\":[{\"@type\":\"SearchAction\",\"target\":{\"@type\":\"EntryPoint\",\"urlTemplate\":\"http:\/\/arqcodigital.com\/ppc\/?s={search_term_string}\"},\"query-input\":{\"@type\":\"PropertyValueSpecification\",\"valueRequired\":true,\"valueName\":\"search_term_string\"}}],\"inLanguage\":\"es\"},{\"@type\":\"Organization\",\"@id\":\"http:\/\/arqcodigital.com\/ppc\/#organization\",\"name\":\"Parroquia Personal Castrense\",\"url\":\"http:\/\/arqcodigital.com\/ppc\/\",\"logo\":{\"@type\":\"ImageObject\",\"inLanguage\":\"es\",\"@id\":\"http:\/\/arqcodigital.com\/ppc\/#\/schema\/logo\/image\/\",\"url\":\"http:\/\/arqcodigital.com\/ppc\/wp-content\/uploads\/2023\/02\/logo-ppc.jpg\",\"contentUrl\":\"http:\/\/arqcodigital.com\/ppc\/wp-content\/uploads\/2023\/02\/logo-ppc.jpg\",\"width\":993,\"height\":340,\"caption\":\"Parroquia Personal Castrense\"},\"image\":{\"@id\":\"http:\/\/arqcodigital.com\/ppc\/#\/schema\/logo\/image\/\"},\"sameAs\":[\"https:\/\/www.facebook.com\/CapellaniaMilitarCDMX\",\"https:\/\/x.com\/MxMilitar\",\"https:\/\/www.instagram.com\/capellaniamilitar\/\",\"https:\/\/www.youtube.com\/channel\/UCx6MFG76NU6wZ9KCMfb3-5A\"]}]}<\/script>\n<!-- \/ Yoast SEO plugin. -->","yoast_head_json":{"title":"Cursos - Parroquia Personal Castrense","robots":{"index":"index","follow":"follow","max-snippet":"max-snippet:-1","max-image-preview":"max-image-preview:large","max-video-preview":"max-video-preview:-1"},"canonical":"http:\/\/arqcodigital.com\/ppc\/cursos\/","og_locale":"es_MX","og_type":"article","og_title":"Cursos - Parroquia Personal Castrense","og_description":"Sacramento de la Confirmaci\u00f3n Los invitamos al curso \u201cSacramento de la Confirmaci\u00f3n\u201d Favor de descargar los archivos y entregar la documentaci\u00f3n en las oficinas de la Parroquia. Confirmaci\u00f3n mayores de 16 a\u00f1os CARTA DE PRESENTACI\u00d3N CONFIRMACI\u00d3N Para registrarte por favor ay\u00fadanos con tus datos en el siguiente formulario.","og_url":"http:\/\/arqcodigital.com\/ppc\/cursos\/","og_site_name":"Parroquia Personal Castrense","article_publisher":"https:\/\/www.facebook.com\/CapellaniaMilitarCDMX","article_modified_time":"2023-10-21T00:38:52+00:00","og_image":[{"url":"http:\/\/arqcodigital.com\/ppc\/wp-content\/uploads\/2023\/10\/cursosppc.jpg","type":"","width":"","height":""}],"twitter_card":"summary_large_image","twitter_site":"@MxMilitar","twitter_misc":{"Tiempo de lectura":"1 minuto"},"schema":{"@context":"https:\/\/schema.org","@graph":[{"@type":"WebPage","@id":"http:\/\/arqcodigital.com\/ppc\/cursos\/","url":"http:\/\/arqcodigital.com\/ppc\/cursos\/","name":"Cursos - Parroquia Personal Castrense","isPartOf":{"@id":"http:\/\/arqcodigital.com\/ppc\/#website"},"primaryImageOfPage":{"@id":"http:\/\/arqcodigital.com\/ppc\/cursos\/#primaryimage"},"image":{"@id":"http:\/\/arqcodigital.com\/ppc\/cursos\/#primaryimage"},"thumbnailUrl":"http:\/\/arqcodigital.com\/ppc\/wp-content\/uploads\/2023\/10\/cursosppc.jpg","datePublished":"2023-10-20T16:19:39+00:00","dateModified":"2023-10-21T00:38:52+00:00","breadcrumb":{"@id":"http:\/\/arqcodigital.com\/ppc\/cursos\/#breadcrumb"},"inLanguage":"es","potentialAction":[{"@type":"ReadAction","target":["http:\/\/arqcodigital.com\/ppc\/cursos\/"]}]},{"@type":"ImageObject","inLanguage":"es","@id":"http:\/\/arqcodigital.com\/ppc\/cursos\/#primaryimage","url":"http:\/\/arqcodigital.com\/ppc\/wp-content\/uploads\/2023\/10\/cursosppc.jpg","contentUrl":"http:\/\/arqcodigital.com\/ppc\/wp-content\/uploads\/2023\/10\/cursosppc.jpg","width":1000,"height":714,"caption":"cursosppc"},{"@type":"BreadcrumbList","@id":"http:\/\/arqcodigital.com\/ppc\/cursos\/#breadcrumb","itemListElement":[{"@type":"ListItem","position":1,"name":"Inicio","item":"http:\/\/arqcodigital.com\/ppc\/"},{"@type":"ListItem","position":2,"name":"Cursos"}]},{"@type":"WebSite","@id":"http:\/\/arqcodigital.com\/ppc\/#website","url":"http:\/\/arqcodigital.com\/ppc\/","name":"Parroquia Personal Castrense","description":"Cristo de la Paz","publisher":{"@id":"http:\/\/arqcodigital.com\/ppc\/#organization"},"potentialAction":[{"@type":"SearchAction","target":{"@type":"EntryPoint","urlTemplate":"http:\/\/arqcodigital.com\/ppc\/?s={search_term_string}"},"query-input":{"@type":"PropertyValueSpecification","valueRequired":true,"valueName":"search_term_string"}}],"inLanguage":"es"},{"@type":"Organization","@id":"http:\/\/arqcodigital.com\/ppc\/#organization","name":"Parroquia Personal Castrense","url":"http:\/\/arqcodigital.com\/ppc\/","logo":{"@type":"ImageObject","inLanguage":"es","@id":"http:\/\/arqcodigital.com\/ppc\/#\/schema\/logo\/image\/","url":"http:\/\/arqcodigital.com\/ppc\/wp-content\/uploads\/2023\/02\/logo-ppc.jpg","contentUrl":"http:\/\/arqcodigital.com\/ppc\/wp-content\/uploads\/2023\/02\/logo-ppc.jpg","width":993,"height":340,"caption":"Parroquia Personal Castrense"},"image":{"@id":"http:\/\/arqcodigital.com\/ppc\/#\/schema\/logo\/image\/"},"sameAs":["https:\/\/www.facebook.com\/CapellaniaMilitarCDMX","https:\/\/x.com\/MxMilitar","https:\/\/www.instagram.com\/capellaniamilitar\/","https:\/\/www.youtube.com\/channel\/UCx6MFG76NU6wZ9KCMfb3-5A"]}]}},"_links":{"self":[{"href":"http:\/\/arqcodigital.com\/ppc\/wp-json\/wp\/v2\/pages\/5770"}],"collection":[{"href":"http:\/\/arqcodigital.com\/ppc\/wp-json\/wp\/v2\/pages"}],"about":[{"href":"http:\/\/arqcodigital.com\/ppc\/wp-json\/wp\/v2\/types\/page"}],"author":[{"embeddable":true,"href":"http:\/\/arqcodigital.com\/ppc\/wp-json\/wp\/v2\/users\/1"}],"replies":[{"embeddable":true,"href":"http:\/\/arqcodigital.com\/ppc\/wp-json\/wp\/v2\/comments?post=5770"}],"version-history":[{"count":16,"href":"http:\/\/arqcodigital.com\/ppc\/wp-json\/wp\/v2\/pages\/5770\/revisions"}],"predecessor-version":[{"id":6004,"href":"http:\/\/arqcodigital.com\/ppc\/wp-json\/wp\/v2\/pages\/5770\/revisions\/6004"}],"wp:attachment":[{"href":"http:\/\/arqcodigital.com\/ppc\/wp-json\/wp\/v2\/media?parent=5770"}],"curies":[{"name":"wp","href":"https:\/\/api.w.org\/{rel}","templated":true}]}}